{"id":2731,"date":"2024-07-08T20:32:42","date_gmt":"2024-07-08T18:32:42","guid":{"rendered":"https:\/\/hiveartsstudio.com\/ueber\/"},"modified":"2024-10-28T01:41:04","modified_gmt":"2024-10-27T23:41:04","slug":"ueber","status":"publish","type":"page","link":"https:\/\/hiveartsstudio.com\/de\/ueber\/","title":{"rendered":"\u00dcber"},"content":{"rendered":"\t\t<div data-elementor-type=\"wp-page\" data-elementor-id=\"2731\" class=\"elementor elementor-2731 elementor-891\" data-elementor-post-type=\"page\">\n\t\t\t\t<div class=\"elementor-element elementor-element-27f42f1d e-flex e-con-boxed e-con e-parent\" data-id=\"27f42f1d\" data-element_type=\"container\" data-e-type=\"container\" data-settings=\"{&quot;background_background&quot;:&quot;classic&quot;}\">\n\t\t\t\t\t<div class=\"e-con-inner\">\n\t\t<div class=\"elementor-element elementor-element-30058aac e-con-full e-flex e-con e-child\" data-id=\"30058aac\" data-element_type=\"container\" data-e-type=\"container\">\n\t\t\t\t<div class=\"elementor-element elementor-element-58d568b5 elementor-invisible elementor-widget elementor-widget-heading\" data-id=\"58d568b5\" data-element_type=\"widget\" data-e-type=\"widget\" data-settings=\"{&quot;_animation&quot;:&quot;fadeInDown&quot;}\" data-widget_type=\"heading.default\">\n\t\t\t\t<div class=\"elementor-widget-container\">\n\t\t\t\t\t<h1 class=\"elementor-heading-title elementor-size-default\">\u00dcber<\/h1>\t\t\t\t<\/div>\n\t\t\t\t<\/div>\n\t\t\t\t<\/div>\n\t\t\t\t\t<\/div>\n\t\t\t\t<\/div>\n\t\t<div class=\"elementor-element elementor-element-9c02812 e-flex e-con-boxed e-con e-parent\" data-id=\"9c02812\" data-element_type=\"container\" data-e-type=\"container\" data-settings=\"{&quot;background_background&quot;:&quot;slideshow&quot;,&quot;background_slideshow_gallery&quot;:[{&quot;id&quot;:764,&quot;url&quot;:&quot;https:\\\/\\\/hiveartsstudio.com\\\/wp-content\\\/uploads\\\/2024\\\/07\\\/banner_hive_arts_studio_sci-fi_abstract.png&quot;}],&quot;background_slideshow_loop&quot;:&quot;yes&quot;,&quot;background_slideshow_slide_duration&quot;:5000,&quot;background_slideshow_slide_transition&quot;:&quot;fade&quot;,&quot;background_slideshow_transition_duration&quot;:500}\">\n\t\t\t\t\t<div class=\"e-con-inner\">\n\t\t\t\t\t<\/div>\n\t\t\t\t<\/div>\n\t\t<div class=\"elementor-element elementor-element-58682bb2 e-con-full e-flex e-con e-parent\" data-id=\"58682bb2\" data-element_type=\"container\" data-e-type=\"container\">\n\t\t\t\t<div class=\"elementor-element elementor-element-30f0ea6e elementor-widget elementor-widget-heading\" data-id=\"30f0ea6e\" data-element_type=\"widget\" data-e-type=\"widget\" data-widget_type=\"heading.default\">\n\t\t\t\t<div class=\"elementor-widget-container\">\n\t\t\t\t\t<h2 class=\"elementor-heading-title elementor-size-default\">Hive Arts Studio entstand aus einer Leidenschaft f\u00fcr die Schaffung einzigartiger, zum Nachdenken anregender digitaler Kunst, die die L\u00fccke zwischen abstrakten Konzepten und fiktiven Welten \u00fcberbr\u00fcckt. Gegr\u00fcndet mit dem einfachen Wunsch, einen pers\u00f6nlichen Raum zu dekorieren, hat sich Hive Arts Studio zu einem kreativen Unterfangen entwickelt, das seine unverwechselbare Vision mit Kunstliebhabern auf der ganzen Welt teilt.<\/h2>\t\t\t\t<\/div>\n\t\t\t\t<\/div>\n\t\t\t\t<div class=\"elementor-element elementor-element-6f6ed3b8 elementor-widget elementor-widget-text-editor\" data-id=\"6f6ed3b8\" data-element_type=\"widget\" data-e-type=\"widget\" data-widget_type=\"text-editor.default\">\n\t\t\t\t<div class=\"elementor-widget-container\">\n\t\t\t\t\t\t\t\t\t<p>Im Herzen von Hive Arts Studio liegt eine Faszination f\u00fcr die Schnittstelle von Technologie und Vorstellungskraft. Das Studio l\u00e4sst sich von den Werken vision\u00e4rer Science-Fiction-Autoren wie Asimov, Strugatsky und Herbert inspirieren und fertigt digitale Meisterwerke an, die den Betrachter in postapokalyptische Landschaften, futuristische Stadtlandschaften und surreale Traumwelten entf\u00fchren.<\/p>\n<p><span style=\"font-style: inherit; font-weight: inherit; color: var( --e-global-color-text ); font-family: var( --e-global-typography-text-font-family ), Sans-serif; text-transform: var( --e-global-typography-text-text-transform ); text-align: var(--text-align); background-color: var( --e-global-color-a265f0e );\">Die Arbeiten des Studios zeichnen sich durch ihren dynamischen Charakter aus und besch\u00e4ftigen sich mit Themen wie Kampf, Wunder und Technikbegeisterung. Jedes St\u00fcck erz\u00e4hlt eine Geschichte und f\u00e4ngt Momente des Konflikts, der Entdeckung und der komplexen Beziehung zwischen der Menschheit und ihren Sch\u00f6pfungen ein. Von der charakteristischen Serie &#8222;Unwelcome Place&#8220;, die abgest\u00fcrzte Raumschiffe und trostlose Welten darstellt, bis hin zu faszinierenden, von Vaporwave inspirierten Stadtlandschaften, erwecken die Kreationen von Hive Arts Studio das Gef\u00fchl, in eine andere Realit\u00e4t gezogen zu werden.<\/span><\/p>\n<p><span style=\"text-align: var(--text-align); background-color: var( --e-global-color-a265f0e );\">Zwei k\u00fcnstlerische Hauptrichtungen bestimmen das Portfolio des Studios:<br><\/span><\/p>\n<ul>\n<li>Zusammenfassung: Diese haupts\u00e4chlich auf den Surrealismus ausgerichteten Werke fordern die Wahrnehmung heraus und regen die Fantasie an. Der &#8222;Glitchcore&#8220;-Stil, der in dieser Kategorie hervorsticht, vermischt reale und virtuelle Welten unter Verwendung markanter Farbpaletten und st\u00f6render visueller Elemente.<\/li>\n<li>Futurismus: Science-Fiction- und Vaporwave-\u00c4sthetik dominieren diese Kategorie und bieten Einblicke in m\u00f6gliche Zuk\u00fcnfte und alternative Realit\u00e4ten. In diesen St\u00fccken geht es oft um Themen wie technologischen Fortschritt, gesellschaftlichen Wandel und den Zustand des Menschen in imagin\u00e4ren Welten.<\/li>\n<\/ul>\n<p>Der kreative Prozess bei Hive Arts Studio ist so einzigartig wie die Kunstwerke selbst. Jedes Werk beginnt als Konzept mit geringer Aufl\u00f6sung, ein Ger\u00fcst, auf dem sorgf\u00e4ltig Schichten von Details und Bedeutung aufgebaut werden. Diese Herangehensweise erm\u00f6glicht die organische Entwicklung jedes Kunstwerks, was zu wirklich einzigartigen Werken f\u00fchrt, die den Betrachter auf mehreren Ebenen ansprechen.<\/p>\n<p>Zur Zielgruppe von Studio geh\u00f6ren Gamer, Technikbegeisterte und Liebhaber des Au\u00dfergew\u00f6hnlichen, die ihre R\u00e4ume mit modernster digitaler Kunst aufwerten m\u00f6chten. Die Werke des Studios hoffen, in geek-chic B\u00fcros, kreativen Studios und den pers\u00f6nlichen Galerien von denen, die eine Mischung aus abstraktem Denken und futuristischen Erz\u00e4hlungen sch\u00e4tzen, ein Zuhause zu finden.<\/p>\n<p>W\u00e4hrend sich Hive Arts Studio weiterentwickelt, werden regelm\u00e4\u00dfig neue Kunstwerke ver\u00f6ffentlicht, die das Portfolio erweitern und neue Themen im Bereich der digitalen Kunst erkunden. Jedes Werk stellt einen Schritt nach vorn auf dem Weg des Studios dar, das die Grenzen dessen auslotet, was m\u00f6glich ist, wenn traditionelle k\u00fcnstlerische Techniken auf modernste digitale Prozesse treffen.<\/p>\n<p>Sie sind eingeladen, eine Welt zu erleben, in der Abstraktes auf Fiktion trifft, in der jedes Kunstwerk ein Fenster zu unendlichen M\u00f6glichkeiten ist. Ob Sie von surrealen Visionen angezogen werden, von futuristischen Visionen fasziniert sind oder einfach nach Kunst suchen, die ein Statement setzt \u2013 Hive Arts Studio bietet eine einzigartige Perspektive, die R\u00e4ume herausfordert, inspiriert und verwandelt.<\/p>\n<p>Entdecken Sie die Zukunft der digitalen Kunst mit Hive Arts Studio \u2013 wo der Fantasie keine Grenzen gesetzt sind.<\/p>\t\t\t\t\t\t\t\t<\/div>\n\t\t\t\t<\/div>\n\t\t\t\t<\/div>\n\t\t\t\t<\/div>\n\t\t","protected":false},"excerpt":{"rendered":"<p>\u00dcber Hive Arts Studio entstand aus einer Leidenschaft f\u00fcr die Schaffung einzigartiger, zum Nachdenken anregender digitaler Kunst, die die L\u00fccke [&hellip;]<\/p>\n","protected":false},"author":1,"featured_media":0,"parent":0,"menu_order":0,"comment_status":"closed","ping_status":"closed","template":"elementor_header_footer","meta":{"om_disable_all_campaigns":false,"_uag_custom_page_level_css":"","site-sidebar-layout":"default","site-content-layout":"","ast-site-content-layout":"default","site-content-style":"default","site-sidebar-style":"default","ast-global-header-display":"","ast-banner-title-visibility":"","ast-main-header-display":"","ast-hfb-above-header-display":"","ast-hfb-below-header-display":"","ast-hfb-mobile-header-display":"","site-post-title":"","ast-breadcrumbs-content":"","ast-featured-img":"","footer-sml-layout":"","ast-disable-related-posts":"","theme-transparent-header-meta":"","adv-header-id-meta":"","stick-header-meta":"","header-above-stick-meta":"","header-main-stick-meta":"","header-below-stick-meta":"","astra-migrate-meta-layouts":"default","ast-page-background-enabled":"default","ast-page-background-meta":{"desktop":{"background-color":"var(--ast-global-color-4)","background-image":"","background-repeat":"repeat","background-position":"center center","background-size":"auto","background-attachment":"scroll","background-type":"","background-media":"","overlay-type":"","overlay-color":"","overlay-opacity":"","overlay-gradient":""},"tablet":{"background-color":"","background-image":"","background-repeat":"repeat","background-position":"center center","background-size":"auto","background-attachment":"scroll","background-type":"","background-media":"","overlay-type":"","overlay-color":"","overlay-opacity":"","overlay-gradient":""},"mobile":{"background-color":"","background-image":"","background-repeat":"repeat","background-position":"center center","background-size":"auto","background-attachment":"scroll","background-type":"","background-media":"","overlay-type":"","overlay-color":"","overlay-opacity":"","overlay-gradient":""}},"ast-content-background-meta":{"desktop":{"background-color":"var(--ast-global-color-5)","background-image":"","background-repeat":"repeat","background-position":"center center","background-size":"auto","background-attachment":"scroll","background-type":"","background-media":"","overlay-type":"","overlay-color":"","overlay-opacity":"","overlay-gradient":""},"tablet":{"background-color":"var(--ast-global-color-5)","background-image":"","background-repeat":"repeat","background-position":"center center","background-size":"auto","background-attachment":"scroll","background-type":"","background-media":"","overlay-type":"","overlay-color":"","overlay-opacity":"","overlay-gradient":""},"mobile":{"background-color":"var(--ast-global-color-5)","background-image":"","background-repeat":"repeat","background-position":"center center","background-size":"auto","background-attachment":"scroll","background-type":"","background-media":"","overlay-type":"","overlay-color":"","overlay-opacity":"","overlay-gradient":""}},"iawp_total_views":2,"footnotes":""},"class_list":["post-2731","page","type-page","status-publish","hentry"],"aioseo_notices":[],"uagb_featured_image_src":{"full":false,"thumbnail":false,"medium":false,"medium_large":false,"large":false,"1536x1536":false,"2048x2048":false,"woocommerce_thumbnail":false,"woocommerce_single":false,"woocommerce_gallery_thumbnail":false},"uagb_author_info":{"display_name":"admin","author_link":"https:\/\/hiveartsstudio.com\/de\/author\/sdudzinhiveteq-com\/"},"uagb_comment_info":0,"uagb_excerpt":"\u00dcber Hive Arts Studio entstand aus einer Leidenschaft f\u00fcr die Schaffung einzigartiger, zum Nachdenken anregender digitaler Kunst, die die L\u00fccke [&hellip;]","_links":{"self":[{"href":"https:\/\/hiveartsstudio.com\/de\/wp-json\/wp\/v2\/pages\/2731","targetHints":{"allow":["GET"]}}],"collection":[{"href":"https:\/\/hiveartsstudio.com\/de\/wp-json\/wp\/v2\/pages"}],"about":[{"href":"https:\/\/hiveartsstudio.com\/de\/wp-json\/wp\/v2\/types\/page"}],"author":[{"embeddable":true,"href":"https:\/\/hiveartsstudio.com\/de\/wp-json\/wp\/v2\/users\/1"}],"replies":[{"embeddable":true,"href":"https:\/\/hiveartsstudio.com\/de\/wp-json\/wp\/v2\/comments?post=2731"}],"version-history":[{"count":3,"href":"https:\/\/hiveartsstudio.com\/de\/wp-json\/wp\/v2\/pages\/2731\/revisions"}],"predecessor-version":[{"id":5158,"href":"https:\/\/hiveartsstudio.com\/de\/wp-json\/wp\/v2\/pages\/2731\/revisions\/5158"}],"wp:attachment":[{"href":"https:\/\/hiveartsstudio.com\/de\/wp-json\/wp\/v2\/media?parent=2731"}],"curies":[{"name":"wp","href":"https:\/\/api.w.org\/{rel}","templated":true}]}}