{"id":2738,"date":"2024-07-07T22:56:12","date_gmt":"2024-07-07T20:56:12","guid":{"rendered":"https:\/\/hiveartsstudio.com\/datenschutzbestimmungen\/"},"modified":"2025-02-15T23:35:59","modified_gmt":"2025-02-15T21:35:59","slug":"datenschutzbestimmungen","status":"publish","type":"page","link":"https:\/\/hiveartsstudio.com\/de\/datenschutzbestimmungen\/","title":{"rendered":"Datenschutzbestimmungen"},"content":{"rendered":"\t\t<div data-elementor-type=\"wp-page\" data-elementor-id=\"2738\" class=\"elementor elementor-2738 elementor-3\" data-elementor-post-type=\"page\">\n\t\t\t\t<div class=\"elementor-element elementor-element-589815b7 e-flex e-con-boxed e-con e-parent\" data-id=\"589815b7\" data-element_type=\"container\" data-e-type=\"container\">\n\t\t\t\t\t<div class=\"e-con-inner\">\n\t\t\t\t<div class=\"elementor-element elementor-element-90c7e06 elementor-widget elementor-widget-heading\" data-id=\"90c7e06\" data-element_type=\"widget\" data-e-type=\"widget\" data-widget_type=\"heading.default\">\n\t\t\t\t<div class=\"elementor-widget-container\">\n\t\t\t\t\t<h2 class=\"elementor-heading-title elementor-size-default\">Datenschutzrichtlinie Hive Arts Studio<\/h2>\t\t\t\t<\/div>\n\t\t\t\t<\/div>\n\t\t\t\t<div class=\"elementor-element elementor-element-3b533d30 elementor-widget elementor-widget-text-editor\" data-id=\"3b533d30\" data-element_type=\"widget\" data-e-type=\"widget\" data-widget_type=\"text-editor.default\">\n\t\t\t\t<div class=\"elementor-widget-container\">\n\t\t\t\t\t\t\t\t\t<div>\n<div><b>\u00dcber unsere Datenschutzrichtlinie<\/b><\/div>\n<p><\/p>\n<div>Hive Arts Studio legt gr\u00f6\u00dften Wert auf Ihren Datenschutz. Wir verarbeiten ausschlie\u00dflich Daten, die wir zur (Verbesserung) unserer Dienste ben\u00f6tigen, und gehen sorgf\u00e4ltig mit allen Informationen um, die wir \u00fcber Sie und Ihre Nutzung unserer Dienste sammeln. Ihre Daten werden nicht zu kommerziellen Zwecken an Dritte weitergegeben. Diese Datenschutzrichtlinie gilt f\u00fcr die Nutzung der Website und der von Hive Arts Studio bereitgestellten Dienstleistungen. Das Anfangsdatum f\u00fcr die G\u00fcltigkeit dieser Bedingungen ist der 18\/07\/2024, mit der Ver\u00f6ffentlichung einer neuen Version wird die G\u00fcltigkeit aller vorherigen Versionen aufgehoben. Diese Datenschutzerkl\u00e4rung beschreibt, welche Informationen \u00fcber Sie von uns gesammelt werden, wof\u00fcr diese Daten verwendet werden und mit wem und unter welchen Bedingungen diese Daten an Dritte weitergegeben werden k\u00f6nnen. Wir erkl\u00e4ren Ihnen auch, wie wir Ihre Daten speichern, wie wir Ihre Daten vor Missbrauch sch\u00fctzen und welche Rechte Sie in Bezug auf die pers\u00f6nlichen Daten haben, die Sie uns zur Verf\u00fcgung stellen.<\/div>\n<p><\/p>\n<div>Wenn Sie Fragen zu unseren Datenschutzbestimmungen haben, wenden Sie sich bitte an unseren Ansprechpartner f\u00fcr den Datenschutz. Die Kontaktdaten finden Sie am Ende unserer Datenschutzbestimmungen.<\/div>\n<p><\/p>\n<div><b>\u00dcber unsere Datenverarbeitung<\/b><\/div>\n<p><\/p>\n<div>Im Folgenden k\u00f6nnen Sie nachlesen, wie wir Ihre Daten verarbeiten, wo wir sie speichern, welche Sicherheitstechniken wir verwenden und f\u00fcr wen die Daten sichtbar sind.<\/div>\n<p><\/p>\n<div><b>E-Mail und Mailinglisten<\/b><\/div>\n<div><b><br><\/b><\/div>\n<div><b>Google Mail<\/b><\/div>\n<p><\/p>\n<div>F\u00fcr unsere regelm\u00e4\u00dfigen gesch\u00e4ftlichen E-Mails nutzen wir die E-Mail-Dienste von Gmail. Diese Partei hat angemessene technische und organisatorische Ma\u00dfnahmen ergriffen, um Missbrauch, Verlust oder Besch\u00e4digung Ihrer Daten zu verhindern. Gmail hat keinen Zugriff auf unsere Mailbox und wir behandeln unseren E-Mail-Verkehr vertraulich.<\/div>\n<div><br><\/div>\n<div><b>Zweck der Datenverarbeitung<\/b><\/div>\n<p><\/p>\n<div><b>Allgemeiner Zweck der Datenverarbeitung<\/b><\/div>\n<p><\/p>\n<div>Wir verwenden Ihre Daten ausschlie\u00dflich zu dem Zweck, Ihnen unsere Dienste zur Verf\u00fcgung zu stellen. Das bedeutet, dass das Ziel der Verarbeitung dieser Daten in direktem Zusammenhang mit dem Auftrag oder der Aufgabe steht, die Sie uns anbieten. Wir verwenden diese Daten nicht f\u00fcr (adressierte) Marketingzwecke. Wenn Sie uns Informationen zur Verf\u00fcgung stellen und wir diese Informationen verwenden, um Sie &#8211; nicht aufgrund einer Anfrage &#8211; zu einem sp\u00e4teren Zeitpunkt zu kontaktieren, werden wir Sie zun\u00e4chst um Ihre ausdr\u00fcckliche Zustimmung bitten. Ihre Daten werden nicht an Dritte weitergegeben, und zwar zu keinem anderen Zweck als zur Erf\u00fcllung der buchhalterischen und administrativen Verpflichtungen. Diese Dritten sind alle zur Vertraulichkeit verpflichtet, und zwar aufgrund der Vereinbarung, die wir mit ihnen getroffen haben, eines Eides oder einer gesetzlichen Verpflichtung.<\/div>\n<p><\/p>\n<div><b>Automatisch erfasste Daten<\/b><\/div>\n<p><\/p>\n<div>Die von unserer Website automatisch gesammelten Informationen werden ausschlie\u00dflich zu dem Zweck verarbeitet, Ihnen unsere Dienste zur Verf\u00fcgung zu stellen und\/oder diese weiter zu verbessern. Diese Informationen (z.B. Ihre IP-Adresse (anonymisiert), Ihr Webbrowser und Ihr Betriebssystem) sind keine pers\u00f6nlichen Daten.<\/div>\n<p><\/p>\n<div><b>Zusammenarbeit bei der Steuer- und Strafermittlung<\/b><\/div>\n<p><\/p>\n<div>In einigen F\u00e4llen k\u00f6nnen wir von der Regierung dazu verpflichtet werden, Ihre Daten weiterzugeben, um eine Steuer- oder Strafuntersuchung zu unterst\u00fctzen. In solchen F\u00e4llen sind wir gezwungen, dem nachzukommen und zu helfen, werden aber auf der Grundlage der gesetzlichen M\u00f6glichkeiten Einspruch erheben.<\/div>\n<p><\/p>\n<div><b>Aufbewahrungsfristen<\/b><\/div>\n<p><\/p>\n<div>Wir speichern Ihre Daten so lange, wie Sie Kunde bei uns sind. Das bedeutet, dass wir Ihr Kundenprofil pflegen und aufbewahren, bis Sie uns mitteilen, dass Sie unsere Dienste nicht mehr in Anspruch nehmen m\u00f6chten. Eine solche Nachricht dient auch als Antrag auf Vergessenwerden. Das bedeutet auch, dass wir Ihre Daten nicht l\u00e4nger als zwei Jahre nach Ihrem letzten Kontakt oder Ihrer letzten Transaktion aufbewahren, es sei denn, es gibt eine rechtliche Rechtfertigung daf\u00fcr. Wir sind verpflichtet, Rechnungen mit Ihren (pers\u00f6nlichen) Daten aufgrund einschl\u00e4giger administrativer Verpflichtungen aufzubewahren. Diese Daten werden so lange sicher aufbewahrt, wie die entsprechende Frist f\u00fcr diese Verpflichtungen noch nicht abgelaufen ist. Das Personal hat keinen Zugriff mehr auf Ihr Kundenprofil und alle Dokumente, die aufgrund Ihres Auftrags oder Ihrer Aufgabe erstellt wurden.<\/div>\n<p><\/p>\n<div><b>Ihre Rechte<\/b><\/div>\n<p><\/p>\n<div>Nach geltendem niederl\u00e4ndischem und europ\u00e4ischem Recht haben Sie als Betroffener bestimmte Rechte, wenn es um personenbezogene Daten geht, die von uns oder in unserem Auftrag verarbeitet werden. Nachstehend finden Sie eine Erl\u00e4uterung dieser Rechte und wie Sie als Betroffener diese Rechte geltend machen k\u00f6nnen. Um Missbrauch zu verhindern, senden wir Rechnungen und Kopien Ihrer Daten grunds\u00e4tzlich nur an E-Mail-Adressen, die Sie uns bekannt gegeben haben. Sollten Sie diese Daten auf einer anderen E-Mail-Adresse oder z.B. per Post erhalten wollen, bitten wir Sie, sich entsprechend zu identifizieren. Wir unterhalten eine Verwaltung von&nbsp;<span style=\"color: var( --e-global-color-text ); font-family: var( --e-global-typography-text-font-family ), Sans-serif; font-size: var( --e-global-typography-text-font-size ); font-style: var( --e-global-typography-text-font-style ); font-weight: var( --e-global-typography-text-font-weight ); text-transform: var( --e-global-typography-text-text-transform ); text-align: var(--text-align); background-color: var( --e-global-color-a265f0e );\">abgeschlossenen Anfragen werden wir im Falle eines Antrags auf Vergessenwerden eine Verwaltung der anonymisierten Daten unterhalten. Sie erhalten alle Rechnungen und Kopien von Daten in Dateien, die in einem maschinenlesbaren Format auf der Grundlage von Datenklassifizierungen, die wir in unserem System verwenden, strukturiert sind. Sie haben jederzeit das Recht, eine Beschwerde bei Autoriteit einzureichen&nbsp;<\/span><span style=\"color: var( --e-global-color-text ); font-family: var( --e-global-typography-text-font-family ), Sans-serif; font-size: var( --e-global-typography-text-font-size ); font-style: var( --e-global-typography-text-font-style ); font-weight: var( --e-global-typography-text-font-weight ); text-transform: var( --e-global-typography-text-text-transform ); text-align: var(--text-align); background-color: var( --e-global-color-a265f0e );\">Persoonsgegevens, wenn Sie vermuten, dass wir Ihre pers\u00f6nlichen Daten falsch behandeln oder missbrauchen.<\/span><\/div>\n<p><\/p>\n<div><b>Recht auf Einsichtnahme<\/b><\/div>\n<p><\/p>\n<div>Sie haben jederzeit das Recht, die von uns verarbeiteten Daten einzusehen, die einen Bezug zu Ihrer Person haben oder darauf zur\u00fcckgef\u00fchrt werden k\u00f6nnen. Sie k\u00f6nnen eine solche Einsichtnahme bei unserem Ansprechpartner f\u00fcr Datenschutzfragen beantragen. Sie erhalten innerhalb von 30 Tagen eine Antwort auf Ihren Antrag. Wenn Ihre Anfrage genehmigt wird, senden wir Ihnen \u00fcber die uns bekannte E-Mail-Adresse eine Kopie aller Daten mit einer zus\u00e4tzlichen \u00dcbersicht \u00fcber die Verarbeiter, die diese Daten verwalten, und nennen Ihnen die Kategorien, unter denen wir diese Daten speichern.<\/div>\n<p><\/p>\n<div><b>Recht auf Berichtigung<\/b><\/div>\n<p><\/p>\n<div>Sie haben jederzeit das Recht, dass die von uns verarbeiteten Daten, die einen Bezug zu Ihrer Person haben oder auf diese zur\u00fcckgef\u00fchrt werden k\u00f6nnen, berichtigt werden. Sie k\u00f6nnen eine solche Anpassung bei unserem Ansprechpartner f\u00fcr Datenschutzfragen beantragen. Sie erhalten innerhalb von 30 Tagen eine Antwort auf Ihren Antrag. Wenn Ihre Anfrage genehmigt wird, senden wir Ihnen \u00fcber die uns bekannte E-Mail-Adresse eine Best\u00e4tigung, dass die Daten angepasst wurden.<\/div>\n<p><\/p>\n<div><b>Recht auf Einschr\u00e4nkung der Verarbeitung<\/b><\/div>\n<p><\/p>\n<div>Sie haben jederzeit das Recht, die von uns verarbeiteten Daten einzuschr\u00e4nken, die einen Bezug zu Ihrer Person haben oder auf diese zur\u00fcckgef\u00fchrt werden k\u00f6nnen. Sie k\u00f6nnen eine solche Einschr\u00e4nkung bei unserem Ansprechpartner f\u00fcr Datenschutzfragen beantragen. Sie erhalten innerhalb von 30 Tagen eine Antwort auf Ihren Antrag. Wenn Ihr Antrag genehmigt wird, senden wir Ihnen \u00fcber die uns bekannte E-Mail-Adresse eine Best\u00e4tigung, dass die Verarbeitung Ihrer Daten eingeschr\u00e4nkt ist, bis Sie diese Einschr\u00e4nkung aufheben.<\/div>\n<p><\/p>\n<div><b>Recht auf \u00dcbertragbarkeit<\/b><\/div>\n<p><\/p>\n<div>Sie haben jederzeit das Recht zu verlangen, dass die von uns verarbeiteten Daten, die einen Bezug zu Ihrer Person haben oder auf sie zur\u00fcckgef\u00fchrt werden k\u00f6nnen, von einem Dritten Ihrer Wahl verarbeitet werden. Sie k\u00f6nnen eine solche Anfrage an unsere Kontaktperson f\u00fcr Datenschutzangelegenheiten senden. Sie erhalten innerhalb von 30 Tagen eine Antwort auf Ihren Antrag. Wenn Ihr Antrag genehmigt wird, werden wir&nbsp;<span style=\"color: var( --e-global-color-text ); font-family: var( --e-global-typography-text-font-family ), Sans-serif; font-size: var( --e-global-typography-text-font-size ); font-style: var( --e-global-typography-text-font-style ); font-weight: var( --e-global-typography-text-font-weight ); text-transform: var( --e-global-typography-text-text-transform ); text-align: var(--text-align); background-color: var( --e-global-color-a265f0e );\">Ihnen \u00fcber die uns bekannte E-Mail-Adresse Ihre (pers\u00f6nlichen) Rechnungen oder Kopien von Daten, die wir oder Dritte in unserem Auftrag verarbeitet haben, zukommen zu lassen. Es ist sehr wahrscheinlich, dass wir Ihnen in einem solchen Fall unsere Dienste nicht mehr anbieten k\u00f6nnen, da wir die bisherige Datensicherheit nicht mehr gew\u00e4hrleisten k\u00f6nnen.<\/span><\/div>\n<p><\/p>\n<div><b>Widerspruchsrecht und andere Rechte<\/b><\/div>\n<p><\/p>\n<div>Sie haben jederzeit das Recht, der Verarbeitung Ihrer personenbezogenen Daten durch uns oder in unserem Namen durch Dritte zu widersprechen. Im Falle eines solchen Widerspruchs werden wir die Verarbeitung Ihrer Daten unverz\u00fcglich einstellen, w\u00e4hrend Ihr Widerspruch gepr\u00fcft und bearbeitet wird. Im Falle eines berechtigten Widerspruchs werden wir alle Rechnungen und\/oder Kopien von personenbezogenen Daten, die wir oder Dritte in unserem Auftrag bis zu diesem Zeitpunkt verarbeitet haben, zur\u00fcckgeben und die Verarbeitung danach einstellen. Sie haben auch das Recht, nicht Gegenstand einer automatisierten Entscheidungsfindung oder eines Profilings zu sein. Wir verarbeiten Ihre Daten so, dass dieses Recht nicht anwendbar ist. Sollten Sie der Meinung sein, dass dieses Recht auf Sie zutrifft, bitten wir Sie, sich an unseren Ansprechpartner f\u00fcr Datenschutzfragen zu wenden.<\/div>\n<p><\/p>\n<div><b>\u00c4nderungen der Datenschutzbestimmungen<\/b><\/div>\n<p><\/p>\n<div>Wir behalten uns jederzeit das Recht vor, unsere Datenschutzpolitik zu \u00e4ndern. Auf dieser Seite finden Sie jedoch immer die aktuellste Version unserer Datenschutzrichtlinie. Sollte eine neue Datenschutzrichtlinie Auswirkungen auf die Art und Weise haben, wie wir die k\u00fcrzlich erhobenen Daten zu Ihrer Person verarbeiten, werden wir Sie per E-Mail dar\u00fcber informieren.<\/div>\n<p><\/p>\n<div>&nbsp;<\/div>\n<div><b>Details zum Unternehmen<\/b><\/div>\n<p><\/p>\n<div>Hive Arts Studio<\/div>\n<p><\/p>\n<div>contact@hiveartsstudio.com<\/div>\n<\/div>\t\t\t\t\t\t\t\t<\/div>\n\t\t\t\t<\/div>\n\t\t\t\t\t<\/div>\n\t\t\t\t<\/div>\n\t\t\t\t<\/div>\n\t\t","protected":false},"excerpt":{"rendered":"<p>Datenschutzrichtlinie Hive Arts Studio \u00dcber unsere Datenschutzrichtlinie Hive Arts Studio legt gr\u00f6\u00dften Wert auf Ihren Datenschutz. Wir verarbeiten ausschlie\u00dflich Daten, [&hellip;]<\/p>\n","protected":false},"author":1,"featured_media":0,"parent":0,"menu_order":0,"comment_status":"closed","ping_status":"open","template":"","meta":{"om_disable_all_campaigns":false,"_uag_custom_page_level_css":"","site-sidebar-layout":"default","site-content-layout":"","ast-site-content-layout":"default","site-content-style":"default","site-sidebar-style":"default","ast-global-header-display":"","ast-banner-title-visibility":"","ast-main-header-display":"","ast-hfb-above-header-display":"","ast-hfb-below-header-display":"","ast-hfb-mobile-header-display":"","site-post-title":"","ast-breadcrumbs-content":"","ast-featured-img":"","footer-sml-layout":"","ast-disable-related-posts":"","theme-transparent-header-meta":"","adv-header-id-meta":"","stick-header-meta":"","header-above-stick-meta":"","header-main-stick-meta":"","header-below-stick-meta":"","astra-migrate-meta-layouts":"default","ast-page-background-enabled":"default","ast-page-background-meta":{"desktop":{"background-color":"var(--ast-global-color-4)","background-image":"","background-repeat":"repeat","background-position":"center center","background-size":"auto","background-attachment":"scroll","background-type":"","background-media":"","overlay-type":"","overlay-color":"","overlay-opacity":"","overlay-gradient":""},"tablet":{"background-color":"","background-image":"","background-repeat":"repeat","background-position":"center center","background-size":"auto","background-attachment":"scroll","background-type":"","background-media":"","overlay-type":"","overlay-color":"","overlay-opacity":"","overlay-gradient":""},"mobile":{"background-color":"","background-image":"","background-repeat":"repeat","background-position":"center center","background-size":"auto","background-attachment":"scroll","background-type":"","background-media":"","overlay-type":"","overlay-color":"","overlay-opacity":"","overlay-gradient":""}},"ast-content-background-meta":{"desktop":{"background-color":"var(--ast-global-color-5)","background-image":"","background-repeat":"repeat","background-position":"center center","background-size":"auto","background-attachment":"scroll","background-type":"","background-media":"","overlay-type":"","overlay-color":"","overlay-opacity":"","overlay-gradient":""},"tablet":{"background-color":"var(--ast-global-color-5)","background-image":"","background-repeat":"repeat","background-position":"center center","background-size":"auto","background-attachment":"scroll","background-type":"","background-media":"","overlay-type":"","overlay-color":"","overlay-opacity":"","overlay-gradient":""},"mobile":{"background-color":"var(--ast-global-color-5)","background-image":"","background-repeat":"repeat","background-position":"center center","background-size":"auto","background-attachment":"scroll","background-type":"","background-media":"","overlay-type":"","overlay-color":"","overlay-opacity":"","overlay-gradient":""}},"iawp_total_views":6,"footnotes":""},"class_list":["post-2738","page","type-page","status-publish","hentry"],"aioseo_notices":[],"uagb_featured_image_src":{"full":false,"thumbnail":false,"medium":false,"medium_large":false,"large":false,"1536x1536":false,"2048x2048":false,"woocommerce_thumbnail":false,"woocommerce_single":false,"woocommerce_gallery_thumbnail":false},"uagb_author_info":{"display_name":"admin","author_link":"https:\/\/hiveartsstudio.com\/de\/author\/sdudzinhiveteq-com\/"},"uagb_comment_info":0,"uagb_excerpt":"Datenschutzrichtlinie Hive Arts Studio \u00dcber unsere Datenschutzrichtlinie Hive Arts Studio legt gr\u00f6\u00dften Wert auf Ihren Datenschutz. Wir verarbeiten ausschlie\u00dflich Daten, [&hellip;]","_links":{"self":[{"href":"https:\/\/hiveartsstudio.com\/de\/wp-json\/wp\/v2\/pages\/2738","targetHints":{"allow":["GET"]}}],"collection":[{"href":"https:\/\/hiveartsstudio.com\/de\/wp-json\/wp\/v2\/pages"}],"about":[{"href":"https:\/\/hiveartsstudio.com\/de\/wp-json\/wp\/v2\/types\/page"}],"author":[{"embeddable":true,"href":"https:\/\/hiveartsstudio.com\/de\/wp-json\/wp\/v2\/users\/1"}],"replies":[{"embeddable":true,"href":"https:\/\/hiveartsstudio.com\/de\/wp-json\/wp\/v2\/comments?post=2738"}],"version-history":[{"count":3,"href":"https:\/\/hiveartsstudio.com\/de\/wp-json\/wp\/v2\/pages\/2738\/revisions"}],"predecessor-version":[{"id":5623,"href":"https:\/\/hiveartsstudio.com\/de\/wp-json\/wp\/v2\/pages\/2738\/revisions\/5623"}],"wp:attachment":[{"href":"https:\/\/hiveartsstudio.com\/de\/wp-json\/wp\/v2\/media?parent=2738"}],"curies":[{"name":"wp","href":"https:\/\/api.w.org\/{rel}","templated":true}]}}