{"id":3014,"date":"2024-07-12T16:11:16","date_gmt":"2024-07-12T14:11:16","guid":{"rendered":"https:\/\/hiveartsstudio.com\/product\/der-ungebetene-besucher\/"},"modified":"2025-06-02T16:38:00","modified_gmt":"2025-06-02T14:38:00","slug":"der-ungebetene-besucher","status":"publish","type":"product","link":"https:\/\/hiveartsstudio.com\/de\/produkt\/der-ungebetene-besucher\/","title":{"rendered":"Der ungebetene Besucher"},"content":{"rendered":"<p>In der Stille einer st\u00fcrmischen Nacht entfaltet sich \u201eDer ungebetene Besucher\u201c als visuelles Enigma. Dieses St\u00fcck f\u00e4ngt einen fl\u00fcchtigen Moment ein, in dem die Ruhe des Vertrauten durch die Anwesenheit eines imposanten Wesens durchbrochen wird. Inmitten des st\u00fcrmischen Tanzes von Gewitterwolken und Blitzen erregt es Aufmerksamkeit, ohne sie zu fordern. Die dunkle Farbpalette des Werks und der starke Kontrast der feurigen Energie unter der Struktur rufen ein Gef\u00fchl der Ehrfurcht und Kontemplation hervor.<\/p>\n<p>Dieses Werk ist eine stille Erz\u00e4hlung, die den Betrachter dazu einl\u00e4dt, \u00fcber die Geschichten nachzudenken, die es erz\u00e4hlen k\u00f6nnte. Es ist eine passende Erg\u00e4nzung f\u00fcr R\u00e4ume, die von Introspektion und moderner \u00c4sthetik gepr\u00e4gt sind, wie z.B. ein anspruchsvolles Wohnzimmer, ein kontemplatives Heimb\u00fcro oder eine eklektische Privatbibliothek. Es ist ein visueller Anker, der das Gew\u00f6hnliche sowohl erdet als auch \u00fcbersteigt und so zu einem einzigartigen Blickpunkt in jedem Raum wird.<\/p>\n","protected":false},"excerpt":{"rendered":"<p>Der ungebetene Besucher<\/p>\n","protected":false},"featured_media":7270,"template":"","meta":{"om_disable_all_campaigns":false,"_uag_custom_page_level_css":"","site-sidebar-layout":"default","site-content-layout":"","ast-site-content-layout":"default","site-content-style":"default","site-sidebar-style":"default","ast-global-header-display":"","ast-banner-title-visibility":"","ast-main-header-display":"","ast-hfb-above-header-display":"","ast-hfb-below-header-display":"","ast-hfb-mobile-header-display":"","site-post-title":"","ast-breadcrumbs-content":"","ast-featured-img":"","footer-sml-layout":"","ast-disable-related-posts":"","theme-transparent-header-meta":"default","adv-header-id-meta":"","stick-header-meta":"","header-above-stick-meta":"","header-main-stick-meta":"","header-below-stick-meta":"","astra-migrate-meta-layouts":"default","ast-page-background-enabled":"default","ast-page-background-meta":{"desktop":{"background-color":"var(--ast-global-color-4)","background-image":"","background-repeat":"repeat","background-position":"center center","background-size":"auto","background-attachment":"scroll","background-type":"","background-media":"","overlay-type":"","overlay-color":"","overlay-opacity":"","overlay-gradient":""},"tablet":{"background-color":"","background-image":"","background-repeat":"repeat","background-position":"center center","background-size":"auto","background-attachment":"scroll","background-type":"","background-media":"","overlay-type":"","overlay-color":"","overlay-opacity":"","overlay-gradient":""},"mobile":{"background-color":"","background-image":"","background-repeat":"repeat","background-position":"center center","background-size":"auto","background-attachment":"scroll","background-type":"","background-media":"","overlay-type":"","overlay-color":"","overlay-opacity":"","overlay-gradient":""}},"ast-content-background-meta":{"desktop":{"background-color":"var(--ast-global-color-5)","background-image":"","background-repeat":"repeat","background-position":"center center","background-size":"auto","background-attachment":"scroll","background-type":"","background-media":"","overlay-type":"","overlay-color":"","overlay-opacity":"","overlay-gradient":""},"tablet":{"background-color":"var(--ast-global-color-5)","background-image":"","background-repeat":"repeat","background-position":"center center","background-size":"auto","background-attachment":"scroll","background-type":"","background-media":"","overlay-type":"","overlay-color":"","overlay-opacity":"","overlay-gradient":""},"mobile":{"background-color":"var(--ast-global-color-5)","background-image":"","background-repeat":"repeat","background-position":"center center","background-size":"auto","background-attachment":"scroll","background-type":"","background-media":"","overlay-type":"","overlay-color":"","overlay-opacity":"","overlay-gradient":""}},"iawp_total_views":0},"product_brand":[],"product_cat":[66,65],"product_tag":[],"class_list":{"0":"post-3014","1":"product","2":"type-product","3":"status-publish","4":"has-post-thumbnail","6":"product_cat-unerwunschter-ort","7":"product_cat-weltraum","8":"desktop-align-left","9":"tablet-align-left","10":"mobile-align-left","12":"first","13":"instock","14":"shipping-taxable","15":"product-type-external"},"aioseo_notices":[],"uagb_featured_image_src":{"full":["https:\/\/hiveartsstudio.com\/wp-content\/uploads\/2025\/11\/1430561_3b13923681d6.jpg",817,418,false],"thumbnail":["https:\/\/hiveartsstudio.com\/wp-content\/uploads\/2025\/11\/1430561_3b13923681d6-150x150.jpg",150,150,true],"medium":["https:\/\/hiveartsstudio.com\/wp-content\/uploads\/2025\/11\/1430561_3b13923681d6-300x153.jpg",300,153,true],"medium_large":["https:\/\/hiveartsstudio.com\/wp-content\/uploads\/2025\/11\/1430561_3b13923681d6-768x393.jpg",768,393,true],"large":["https:\/\/hiveartsstudio.com\/wp-content\/uploads\/2025\/11\/1430561_3b13923681d6.jpg",817,418,false],"1536x1536":["https:\/\/hiveartsstudio.com\/wp-content\/uploads\/2025\/11\/1430561_3b13923681d6.jpg",817,418,false],"2048x2048":["https:\/\/hiveartsstudio.com\/wp-content\/uploads\/2025\/11\/1430561_3b13923681d6.jpg",817,418,false],"woocommerce_thumbnail":["https:\/\/hiveartsstudio.com\/wp-content\/uploads\/2025\/11\/1430561_3b13923681d6-300x153.jpg",300,153,true],"woocommerce_single":["https:\/\/hiveartsstudio.com\/wp-content\/uploads\/2025\/11\/1430561_3b13923681d6-600x307.jpg",600,307,true],"woocommerce_gallery_thumbnail":["https:\/\/hiveartsstudio.com\/wp-content\/uploads\/2025\/11\/1430561_3b13923681d6-100x100.jpg",100,100,true]},"uagb_author_info":{"display_name":"admin","author_link":"https:\/\/hiveartsstudio.com\/de\/author\/"},"uagb_comment_info":0,"uagb_excerpt":"Der ungebetene Besucher","_links":{"self":[{"href":"https:\/\/hiveartsstudio.com\/de\/wp-json\/wp\/v2\/product\/3014","targetHints":{"allow":["GET"]}}],"collection":[{"href":"https:\/\/hiveartsstudio.com\/de\/wp-json\/wp\/v2\/product"}],"about":[{"href":"https:\/\/hiveartsstudio.com\/de\/wp-json\/wp\/v2\/types\/product"}],"version-history":[{"count":5,"href":"https:\/\/hiveartsstudio.com\/de\/wp-json\/wp\/v2\/product\/3014\/revisions"}],"predecessor-version":[{"id":6397,"href":"https:\/\/hiveartsstudio.com\/de\/wp-json\/wp\/v2\/product\/3014\/revisions\/6397"}],"wp:featuredmedia":[{"embeddable":true,"href":"https:\/\/hiveartsstudio.com\/de\/wp-json\/wp\/v2\/media\/7270"}],"wp:attachment":[{"href":"https:\/\/hiveartsstudio.com\/de\/wp-json\/wp\/v2\/media?parent=3014"}],"wp:term":[{"taxonomy":"product_brand","embeddable":true,"href":"https:\/\/hiveartsstudio.com\/de\/wp-json\/wp\/v2\/product_brand?post=3014"},{"taxonomy":"product_cat","embeddable":true,"href":"https:\/\/hiveartsstudio.com\/de\/wp-json\/wp\/v2\/product_cat?post=3014"},{"taxonomy":"product_tag","embeddable":true,"href":"https:\/\/hiveartsstudio.com\/de\/wp-json\/wp\/v2\/product_tag?post=3014"}],"curies":[{"name":"wp","href":"https:\/\/api.w.org\/{rel}","templated":true}]}}