{"id":3050,"date":"2024-07-12T16:11:09","date_gmt":"2024-07-12T14:11:09","guid":{"rendered":"https:\/\/hiveartsstudio.com\/product\/cyber-speed-hyperraffer-vaporwave\/"},"modified":"2025-06-02T16:38:10","modified_gmt":"2025-06-02T14:38:10","slug":"cyber-speed-hyperraffer-vaporwave","status":"publish","type":"product","link":"https:\/\/hiveartsstudio.com\/de\/produkt\/cyber-speed-hyperraffer-vaporwave\/","title":{"rendered":"Cyber-Speed, Hyperraffer, Vaporwave"},"content":{"rendered":"<p>Tauchen Sie ein in die faszinierende Welt von \u201eCyber-Speed, Hyper-lapse, Vaporwave\u201c, einem bemerkenswerten digitalen Kunstwerk, das meisterhaft retrofuturistische \u00c4sthetik mit der Essenz von Hochgeschwindigkeitsbewegungen in einer futuristischen Stadt verbindet. Dieses bezaubernde Wandbild ist perfekt geeignet, um einen Hauch von Nostalgie und leuchtenden Farben in jeden Raum zu bringen und den Geist der 80er und 90er Jahre zu verk\u00f6rpern.<\/p>\n<p>Inspiriert vom kultigen Vaporwave-Genre, zeigt dieses visuelle Werk eine atemberaubende Stadtlandschaft, die von einer klassischen Farbpalette aus elektrischem Pink und k\u00fchlen Blaut\u00f6nen beleuchtet wird. Das Gef\u00fchl der schnellen Bewegung f\u00fcgt eine einzigartige Dimension hinzu, die Sie durch Zeit und Raum in ein innovatives Reich transportiert, in dem Retro auf Zukunft trifft.<\/p>\n<p>Konzipiert, um Ihre Raumgestaltung auf ein neues Niveau zu heben, strahlt \u201eCyber-Speed, Hyper-lapse, Vaporwave\u201c eine nostalgische Atmosph\u00e4re aus, die Liebhaber retro-futuristischen Designs und jene ansprechen wird, die sich nach der goldenen \u00c4ra der Neonlichter, Synthesizer und geometrischen Muster sehnen. Das Ergebnis ist ein wirklich einzigartiges und visuell beeindruckendes St\u00fcck.<\/p>\n<p>Dieses digitale Kunstwerk ist ideal f\u00fcr Ihr Wohnzimmer, Ihr Schlafzimmer oder Ihr B\u00fcro. Es ist ein auff\u00e4lliger Blickfang und sorgt f\u00fcr Gespr\u00e4chsstoff. Bereichern Sie Ihr Zuhause oder Ihren Arbeitsplatz mit dem faszinierenden Charme von \u201eCyber-Speed, Hyper-lapse, Vaporwave\u201c und genie\u00dfen Sie die vibrierende Energie, die es in Ihre Umgebung bringt.<\/p>\n","protected":false},"excerpt":{"rendered":"<p>Cyber-Speed, Hyperraffer, Vaporwave<\/p>\n","protected":false},"featured_media":6858,"template":"","meta":{"om_disable_all_campaigns":false,"_uag_custom_page_level_css":"","site-sidebar-layout":"default","site-content-layout":"","ast-site-content-layout":"default","site-content-style":"default","site-sidebar-style":"default","ast-global-header-display":"","ast-banner-title-visibility":"","ast-main-header-display":"","ast-hfb-above-header-display":"","ast-hfb-below-header-display":"","ast-hfb-mobile-header-display":"","site-post-title":"","ast-breadcrumbs-content":"","ast-featured-img":"","footer-sml-layout":"","ast-disable-related-posts":"","theme-transparent-header-meta":"default","adv-header-id-meta":"","stick-header-meta":"","header-above-stick-meta":"","header-main-stick-meta":"","header-below-stick-meta":"","astra-migrate-meta-layouts":"default","ast-page-background-enabled":"default","ast-page-background-meta":{"desktop":{"background-color":"var(--ast-global-color-4)","background-image":"","background-repeat":"repeat","background-position":"center center","background-size":"auto","background-attachment":"scroll","background-type":"","background-media":"","overlay-type":"","overlay-color":"","overlay-opacity":"","overlay-gradient":""},"tablet":{"background-color":"","background-image":"","background-repeat":"repeat","background-position":"center center","background-size":"auto","background-attachment":"scroll","background-type":"","background-media":"","overlay-type":"","overlay-color":"","overlay-opacity":"","overlay-gradient":""},"mobile":{"background-color":"","background-image":"","background-repeat":"repeat","background-position":"center center","background-size":"auto","background-attachment":"scroll","background-type":"","background-media":"","overlay-type":"","overlay-color":"","overlay-opacity":"","overlay-gradient":""}},"ast-content-background-meta":{"desktop":{"background-color":"var(--ast-global-color-5)","background-image":"","background-repeat":"repeat","background-position":"center center","background-size":"auto","background-attachment":"scroll","background-type":"","background-media":"","overlay-type":"","overlay-color":"","overlay-opacity":"","overlay-gradient":""},"tablet":{"background-color":"var(--ast-global-color-5)","background-image":"","background-repeat":"repeat","background-position":"center center","background-size":"auto","background-attachment":"scroll","background-type":"","background-media":"","overlay-type":"","overlay-color":"","overlay-opacity":"","overlay-gradient":""},"mobile":{"background-color":"var(--ast-global-color-5)","background-image":"","background-repeat":"repeat","background-position":"center center","background-size":"auto","background-attachment":"scroll","background-type":"","background-media":"","overlay-type":"","overlay-color":"","overlay-opacity":"","overlay-gradient":""}},"iawp_total_views":0},"product_brand":[],"product_cat":[78],"product_tag":[],"class_list":{"0":"post-3050","1":"product","2":"type-product","3":"status-publish","4":"has-post-thumbnail","6":"product_cat-vaporwave-de","7":"desktop-align-left","8":"tablet-align-left","9":"mobile-align-left","11":"first","12":"instock","13":"shipping-taxable","14":"product-type-external"},"aioseo_notices":[],"uagb_featured_image_src":{"full":["https:\/\/hiveartsstudio.com\/wp-content\/uploads\/2025\/11\/1160881_89b8efe09be2.jpg",817,545,false],"thumbnail":["https:\/\/hiveartsstudio.com\/wp-content\/uploads\/2025\/11\/1160881_89b8efe09be2-150x150.jpg",150,150,true],"medium":["https:\/\/hiveartsstudio.com\/wp-content\/uploads\/2025\/11\/1160881_89b8efe09be2-300x200.jpg",300,200,true],"medium_large":["https:\/\/hiveartsstudio.com\/wp-content\/uploads\/2025\/11\/1160881_89b8efe09be2-768x512.jpg",768,512,true],"large":["https:\/\/hiveartsstudio.com\/wp-content\/uploads\/2025\/11\/1160881_89b8efe09be2.jpg",817,545,false],"1536x1536":["https:\/\/hiveartsstudio.com\/wp-content\/uploads\/2025\/11\/1160881_89b8efe09be2.jpg",817,545,false],"2048x2048":["https:\/\/hiveartsstudio.com\/wp-content\/uploads\/2025\/11\/1160881_89b8efe09be2.jpg",817,545,false],"woocommerce_thumbnail":["https:\/\/hiveartsstudio.com\/wp-content\/uploads\/2025\/11\/1160881_89b8efe09be2-300x200.jpg",300,200,true],"woocommerce_single":["https:\/\/hiveartsstudio.com\/wp-content\/uploads\/2025\/11\/1160881_89b8efe09be2-600x400.jpg",600,400,true],"woocommerce_gallery_thumbnail":["https:\/\/hiveartsstudio.com\/wp-content\/uploads\/2025\/11\/1160881_89b8efe09be2-100x100.jpg",100,100,true]},"uagb_author_info":{"display_name":"admin","author_link":"https:\/\/hiveartsstudio.com\/de\/author\/"},"uagb_comment_info":0,"uagb_excerpt":"Cyber-Speed, Hyperraffer, Vaporwave","_links":{"self":[{"href":"https:\/\/hiveartsstudio.com\/de\/wp-json\/wp\/v2\/product\/3050","targetHints":{"allow":["GET"]}}],"collection":[{"href":"https:\/\/hiveartsstudio.com\/de\/wp-json\/wp\/v2\/product"}],"about":[{"href":"https:\/\/hiveartsstudio.com\/de\/wp-json\/wp\/v2\/types\/product"}],"version-history":[{"count":5,"href":"https:\/\/hiveartsstudio.com\/de\/wp-json\/wp\/v2\/product\/3050\/revisions"}],"predecessor-version":[{"id":6411,"href":"https:\/\/hiveartsstudio.com\/de\/wp-json\/wp\/v2\/product\/3050\/revisions\/6411"}],"wp:featuredmedia":[{"embeddable":true,"href":"https:\/\/hiveartsstudio.com\/de\/wp-json\/wp\/v2\/media\/6858"}],"wp:attachment":[{"href":"https:\/\/hiveartsstudio.com\/de\/wp-json\/wp\/v2\/media?parent=3050"}],"wp:term":[{"taxonomy":"product_brand","embeddable":true,"href":"https:\/\/hiveartsstudio.com\/de\/wp-json\/wp\/v2\/product_brand?post=3050"},{"taxonomy":"product_cat","embeddable":true,"href":"https:\/\/hiveartsstudio.com\/de\/wp-json\/wp\/v2\/product_cat?post=3050"},{"taxonomy":"product_tag","embeddable":true,"href":"https:\/\/hiveartsstudio.com\/de\/wp-json\/wp\/v2\/product_tag?post=3050"}],"curies":[{"name":"wp","href":"https:\/\/api.w.org\/{rel}","templated":true}]}}