{"id":3078,"date":"2024-07-12T16:11:05","date_gmt":"2024-07-12T14:11:05","guid":{"rendered":"https:\/\/hiveartsstudio.com\/product\/die-lichtgeschwindigkeit-das-durchbrechen-der-barriere\/"},"modified":"2025-06-02T16:38:13","modified_gmt":"2025-06-02T14:38:13","slug":"die-lichtgeschwindigkeit-das-durchbrechen-der-barriere","status":"publish","type":"product","link":"https:\/\/hiveartsstudio.com\/de\/produkt\/die-lichtgeschwindigkeit-das-durchbrechen-der-barriere\/","title":{"rendered":"Die Lichtgeschwindigkeit, das Durchbrechen der Barriere"},"content":{"rendered":"<p>Wir pr\u00e4sentieren \u201eThe Lightspeed, Breaking the Barrier,\u201c ein au\u00dfergew\u00f6hnliches Wandkunstwerk, das die Essenz der Geschwindigkeit und das \u00dcberschreiten von Grenzen einf\u00e4ngt. Mit seinem abstrakten Design und dem Hell-Dunkel-Stil strahlt diese visuell fesselnde Kreation ein Gef\u00fchl von Bewegung und Schwung aus. Das Kunstwerk zeigt ein futuristisches Raumschiff, das eine Barriere durchbricht. Es symbolisiert die Kraft, Hindernisse zu \u00fcberwinden, und das grenzenlose Potenzial der menschlichen Innovation.<\/p>\n<p>Tauchen Sie ein in den brillanten Einsatz von Farbe und Licht, der jedem Raum Tiefe und Dramatik verleiht. Die auff\u00e4lligen, leuchtenden Farbt\u00f6ne machen dieses Kunstwerk zu einem unwiderstehlichen Blickfang, der m\u00fchelos die Blicke auf sich zieht. Perfekt geeignet f\u00fcr zeitgen\u00f6ssische Interieurs, wird dieses St\u00fcck Ihr Wohnzimmer, Schlafzimmer oder B\u00fcro zu neuen H\u00f6hen erheben und einen bleibenden Eindruck bei allen hinterlassen, die ihm begegnen.<\/p>\n<p>Entdecken Sie die Sch\u00f6nheit des Unbekannten mit &#8222;The Lightspeed, Breaking the Barrier&#8220; und lassen Sie sich davon inspirieren, Ihre eigenen Barrieren zu durchbrechen und auf Ihrer pers\u00f6nlichen Reise nach den Sternen zu greifen. Erleben Sie den Nervenkitzel der Entdeckung und den Reiz des Unbekannten, wenn Sie dieses atemberaubende Meisterwerk in Ihre Sammlung aufnehmen und sich auf eine Reise begeben, die \u00fcber das Gew\u00f6hnliche hinausgeht.<\/p>\n","protected":false},"excerpt":{"rendered":"<p>Die Lichtgeschwindigkeit, das Durchbrechen der Barriere<\/p>\n","protected":false},"featured_media":7211,"template":"","meta":{"om_disable_all_campaigns":false,"_uag_custom_page_level_css":"","site-sidebar-layout":"default","site-content-layout":"","ast-site-content-layout":"default","site-content-style":"default","site-sidebar-style":"default","ast-global-header-display":"","ast-banner-title-visibility":"","ast-main-header-display":"","ast-hfb-above-header-display":"","ast-hfb-below-header-display":"","ast-hfb-mobile-header-display":"","site-post-title":"","ast-breadcrumbs-content":"","ast-featured-img":"","footer-sml-layout":"","ast-disable-related-posts":"","theme-transparent-header-meta":"default","adv-header-id-meta":"","stick-header-meta":"","header-above-stick-meta":"","header-main-stick-meta":"","header-below-stick-meta":"","astra-migrate-meta-layouts":"default","ast-page-background-enabled":"default","ast-page-background-meta":{"desktop":{"background-color":"var(--ast-global-color-4)","background-image":"","background-repeat":"repeat","background-position":"center center","background-size":"auto","background-attachment":"scroll","background-type":"","background-media":"","overlay-type":"","overlay-color":"","overlay-opacity":"","overlay-gradient":""},"tablet":{"background-color":"","background-image":"","background-repeat":"repeat","background-position":"center center","background-size":"auto","background-attachment":"scroll","background-type":"","background-media":"","overlay-type":"","overlay-color":"","overlay-opacity":"","overlay-gradient":""},"mobile":{"background-color":"","background-image":"","background-repeat":"repeat","background-position":"center center","background-size":"auto","background-attachment":"scroll","background-type":"","background-media":"","overlay-type":"","overlay-color":"","overlay-opacity":"","overlay-gradient":""}},"ast-content-background-meta":{"desktop":{"background-color":"var(--ast-global-color-5)","background-image":"","background-repeat":"repeat","background-position":"center center","background-size":"auto","background-attachment":"scroll","background-type":"","background-media":"","overlay-type":"","overlay-color":"","overlay-opacity":"","overlay-gradient":""},"tablet":{"background-color":"var(--ast-global-color-5)","background-image":"","background-repeat":"repeat","background-position":"center center","background-size":"auto","background-attachment":"scroll","background-type":"","background-media":"","overlay-type":"","overlay-color":"","overlay-opacity":"","overlay-gradient":""},"mobile":{"background-color":"var(--ast-global-color-5)","background-image":"","background-repeat":"repeat","background-position":"center center","background-size":"auto","background-attachment":"scroll","background-type":"","background-media":"","overlay-type":"","overlay-color":"","overlay-opacity":"","overlay-gradient":""}},"iawp_total_views":3},"product_brand":[],"product_cat":[65],"product_tag":[],"class_list":{"0":"post-3078","1":"product","2":"type-product","3":"status-publish","4":"has-post-thumbnail","6":"product_cat-weltraum","7":"desktop-align-left","8":"tablet-align-left","9":"mobile-align-left","11":"first","12":"instock","13":"shipping-taxable","14":"product-type-external"},"aioseo_notices":[],"uagb_featured_image_src":{"full":["https:\/\/hiveartsstudio.com\/wp-content\/uploads\/2025\/11\/1162747_b5975b514392.jpg",600,600,false],"thumbnail":["https:\/\/hiveartsstudio.com\/wp-content\/uploads\/2025\/11\/1162747_b5975b514392-150x150.jpg",150,150,true],"medium":["https:\/\/hiveartsstudio.com\/wp-content\/uploads\/2025\/11\/1162747_b5975b514392-300x300.jpg",300,300,true],"medium_large":["https:\/\/hiveartsstudio.com\/wp-content\/uploads\/2025\/11\/1162747_b5975b514392.jpg",600,600,false],"large":["https:\/\/hiveartsstudio.com\/wp-content\/uploads\/2025\/11\/1162747_b5975b514392.jpg",600,600,false],"1536x1536":["https:\/\/hiveartsstudio.com\/wp-content\/uploads\/2025\/11\/1162747_b5975b514392.jpg",600,600,false],"2048x2048":["https:\/\/hiveartsstudio.com\/wp-content\/uploads\/2025\/11\/1162747_b5975b514392.jpg",600,600,false],"woocommerce_thumbnail":["https:\/\/hiveartsstudio.com\/wp-content\/uploads\/2025\/11\/1162747_b5975b514392-300x300.jpg",300,300,true],"woocommerce_single":["https:\/\/hiveartsstudio.com\/wp-content\/uploads\/2025\/11\/1162747_b5975b514392.jpg",600,600,false],"woocommerce_gallery_thumbnail":["https:\/\/hiveartsstudio.com\/wp-content\/uploads\/2025\/11\/1162747_b5975b514392-100x100.jpg",100,100,true]},"uagb_author_info":{"display_name":"admin","author_link":"https:\/\/hiveartsstudio.com\/de\/author\/"},"uagb_comment_info":0,"uagb_excerpt":"Die Lichtgeschwindigkeit, das Durchbrechen der Barriere","_links":{"self":[{"href":"https:\/\/hiveartsstudio.com\/de\/wp-json\/wp\/v2\/product\/3078","targetHints":{"allow":["GET"]}}],"collection":[{"href":"https:\/\/hiveartsstudio.com\/de\/wp-json\/wp\/v2\/product"}],"about":[{"href":"https:\/\/hiveartsstudio.com\/de\/wp-json\/wp\/v2\/types\/product"}],"version-history":[{"count":5,"href":"https:\/\/hiveartsstudio.com\/de\/wp-json\/wp\/v2\/product\/3078\/revisions"}],"predecessor-version":[{"id":6414,"href":"https:\/\/hiveartsstudio.com\/de\/wp-json\/wp\/v2\/product\/3078\/revisions\/6414"}],"wp:featuredmedia":[{"embeddable":true,"href":"https:\/\/hiveartsstudio.com\/de\/wp-json\/wp\/v2\/media\/7211"}],"wp:attachment":[{"href":"https:\/\/hiveartsstudio.com\/de\/wp-json\/wp\/v2\/media?parent=3078"}],"wp:term":[{"taxonomy":"product_brand","embeddable":true,"href":"https:\/\/hiveartsstudio.com\/de\/wp-json\/wp\/v2\/product_brand?post=3078"},{"taxonomy":"product_cat","embeddable":true,"href":"https:\/\/hiveartsstudio.com\/de\/wp-json\/wp\/v2\/product_cat?post=3078"},{"taxonomy":"product_tag","embeddable":true,"href":"https:\/\/hiveartsstudio.com\/de\/wp-json\/wp\/v2\/product_tag?post=3078"}],"curies":[{"name":"wp","href":"https:\/\/api.w.org\/{rel}","templated":true}]}}