{"id":3167,"date":"2024-07-12T16:10:49","date_gmt":"2024-07-12T14:10:49","guid":{"rendered":"https:\/\/hiveartsstudio.com\/product\/beyond-the-glitch-eine-neue-identitaet\/"},"modified":"2025-06-02T16:34:50","modified_gmt":"2025-06-02T14:34:50","slug":"beyond-the-glitch-eine-neue-identitaet","status":"publish","type":"product","link":"https:\/\/hiveartsstudio.com\/de\/produkt\/beyond-the-glitch-eine-neue-identitaet\/","title":{"rendered":"Beyond the Glitch &#8211; A New Identity"},"content":{"rendered":"<p>Wagen Sie sich in die r\u00e4tselhafte Welt von \u201eBeyond the Glitch: A New Identity\u201c, einer fesselnden Darstellung der Identit\u00e4t einer Frau, die in der digitalen Welt entsteht. Dieses auff\u00e4llige St\u00fcck kombiniert gr\u00fcn-schwarze T\u00f6ne zu einem surrealistischen Bild, das ein Gef\u00fchl des Staunens und der Neugierde ausstrahlt. Mit einer Anspielung auf den Glitchcore-Stil und einem fantasievollen Touch zeigt das Werk eine einzigartige Perspektive auf die Verflechtung der menschlichen Existenz mit der digitalen Welt. Dieses Kunstwerk fesselt m\u00fchelos die Aufmerksamkeit des Betrachters und ist die perfekte Erg\u00e4nzung f\u00fcr jede Sammlung oder jeden Raum, der ein Gef\u00fchl von Geheimnis und Erkundung hervorrufen soll.<\/p>\n","protected":false},"excerpt":{"rendered":"<p>Beyond the Glitch &#8211; A New Identity<\/p>\n","protected":false},"featured_media":6863,"template":"","meta":{"om_disable_all_campaigns":false,"_uag_custom_page_level_css":"","site-sidebar-layout":"default","site-content-layout":"","ast-site-content-layout":"default","site-content-style":"default","site-sidebar-style":"default","ast-global-header-display":"","ast-banner-title-visibility":"","ast-main-header-display":"","ast-hfb-above-header-display":"","ast-hfb-below-header-display":"","ast-hfb-mobile-header-display":"","site-post-title":"","ast-breadcrumbs-content":"","ast-featured-img":"","footer-sml-layout":"","ast-disable-related-posts":"","theme-transparent-header-meta":"default","adv-header-id-meta":"","stick-header-meta":"","header-above-stick-meta":"","header-main-stick-meta":"","header-below-stick-meta":"","astra-migrate-meta-layouts":"default","ast-page-background-enabled":"default","ast-page-background-meta":{"desktop":{"background-color":"var(--ast-global-color-4)","background-image":"","background-repeat":"repeat","background-position":"center center","background-size":"auto","background-attachment":"scroll","background-type":"","background-media":"","overlay-type":"","overlay-color":"","overlay-opacity":"","overlay-gradient":""},"tablet":{"background-color":"","background-image":"","background-repeat":"repeat","background-position":"center center","background-size":"auto","background-attachment":"scroll","background-type":"","background-media":"","overlay-type":"","overlay-color":"","overlay-opacity":"","overlay-gradient":""},"mobile":{"background-color":"","background-image":"","background-repeat":"repeat","background-position":"center center","background-size":"auto","background-attachment":"scroll","background-type":"","background-media":"","overlay-type":"","overlay-color":"","overlay-opacity":"","overlay-gradient":""}},"ast-content-background-meta":{"desktop":{"background-color":"var(--ast-global-color-5)","background-image":"","background-repeat":"repeat","background-position":"center center","background-size":"auto","background-attachment":"scroll","background-type":"","background-media":"","overlay-type":"","overlay-color":"","overlay-opacity":"","overlay-gradient":""},"tablet":{"background-color":"var(--ast-global-color-5)","background-image":"","background-repeat":"repeat","background-position":"center center","background-size":"auto","background-attachment":"scroll","background-type":"","background-media":"","overlay-type":"","overlay-color":"","overlay-opacity":"","overlay-gradient":""},"mobile":{"background-color":"var(--ast-global-color-5)","background-image":"","background-repeat":"repeat","background-position":"center center","background-size":"auto","background-attachment":"scroll","background-type":"","background-media":"","overlay-type":"","overlay-color":"","overlay-opacity":"","overlay-gradient":""}},"iawp_total_views":0},"product_brand":[],"product_cat":[73],"product_tag":[],"class_list":{"0":"post-3167","1":"product","2":"type-product","3":"status-publish","4":"has-post-thumbnail","6":"product_cat-surrealismus","7":"desktop-align-left","8":"tablet-align-left","9":"mobile-align-left","11":"first","12":"instock","13":"shipping-taxable","14":"product-type-external"},"aioseo_notices":[],"uagb_featured_image_src":{"full":["https:\/\/hiveartsstudio.com\/wp-content\/uploads\/2025\/11\/1173276_b070f0d4594a.jpg",400,600,false],"thumbnail":["https:\/\/hiveartsstudio.com\/wp-content\/uploads\/2025\/11\/1173276_b070f0d4594a-150x150.jpg",150,150,true],"medium":["https:\/\/hiveartsstudio.com\/wp-content\/uploads\/2025\/11\/1173276_b070f0d4594a-200x300.jpg",200,300,true],"medium_large":["https:\/\/hiveartsstudio.com\/wp-content\/uploads\/2025\/11\/1173276_b070f0d4594a.jpg",400,600,false],"large":["https:\/\/hiveartsstudio.com\/wp-content\/uploads\/2025\/11\/1173276_b070f0d4594a.jpg",400,600,false],"1536x1536":["https:\/\/hiveartsstudio.com\/wp-content\/uploads\/2025\/11\/1173276_b070f0d4594a.jpg",400,600,false],"2048x2048":["https:\/\/hiveartsstudio.com\/wp-content\/uploads\/2025\/11\/1173276_b070f0d4594a.jpg",400,600,false],"woocommerce_thumbnail":["https:\/\/hiveartsstudio.com\/wp-content\/uploads\/2025\/11\/1173276_b070f0d4594a-300x450.jpg",300,450,true],"woocommerce_single":["https:\/\/hiveartsstudio.com\/wp-content\/uploads\/2025\/11\/1173276_b070f0d4594a.jpg",400,600,false],"woocommerce_gallery_thumbnail":["https:\/\/hiveartsstudio.com\/wp-content\/uploads\/2025\/11\/1173276_b070f0d4594a-100x100.jpg",100,100,true]},"uagb_author_info":{"display_name":"admin","author_link":"https:\/\/hiveartsstudio.com\/de\/author\/"},"uagb_comment_info":0,"uagb_excerpt":"Beyond the Glitch - A New Identity","_links":{"self":[{"href":"https:\/\/hiveartsstudio.com\/de\/wp-json\/wp\/v2\/product\/3167","targetHints":{"allow":["GET"]}}],"collection":[{"href":"https:\/\/hiveartsstudio.com\/de\/wp-json\/wp\/v2\/product"}],"about":[{"href":"https:\/\/hiveartsstudio.com\/de\/wp-json\/wp\/v2\/types\/product"}],"version-history":[{"count":3,"href":"https:\/\/hiveartsstudio.com\/de\/wp-json\/wp\/v2\/product\/3167\/revisions"}],"predecessor-version":[{"id":6333,"href":"https:\/\/hiveartsstudio.com\/de\/wp-json\/wp\/v2\/product\/3167\/revisions\/6333"}],"wp:featuredmedia":[{"embeddable":true,"href":"https:\/\/hiveartsstudio.com\/de\/wp-json\/wp\/v2\/media\/6863"}],"wp:attachment":[{"href":"https:\/\/hiveartsstudio.com\/de\/wp-json\/wp\/v2\/media?parent=3167"}],"wp:term":[{"taxonomy":"product_brand","embeddable":true,"href":"https:\/\/hiveartsstudio.com\/de\/wp-json\/wp\/v2\/product_brand?post=3167"},{"taxonomy":"product_cat","embeddable":true,"href":"https:\/\/hiveartsstudio.com\/de\/wp-json\/wp\/v2\/product_cat?post=3167"},{"taxonomy":"product_tag","embeddable":true,"href":"https:\/\/hiveartsstudio.com\/de\/wp-json\/wp\/v2\/product_tag?post=3167"}],"curies":[{"name":"wp","href":"https:\/\/api.w.org\/{rel}","templated":true}]}}