{"id":3190,"date":"2024-07-12T16:11:24","date_gmt":"2024-07-12T14:11:24","guid":{"rendered":"https:\/\/hiveartsstudio.com\/product\/ankunft\/"},"modified":"2025-06-02T16:35:31","modified_gmt":"2025-06-02T14:35:31","slug":"ankunft","status":"publish","type":"product","link":"https:\/\/hiveartsstudio.com\/de\/produkt\/ankunft\/","title":{"rendered":"Ankunft"},"content":{"rendered":"<p>Begeben Sie sich in eine geheimnisvolle Sph\u00e4re mit \u201eArrival,\u201c einem fesselnden digitalen Kunstwerk, welches den faszinierenden Moment pr\u00e4sentiert, in dem ein uraltes au\u00dferirdisches Gef\u00e4hrt unbekannten Ursprungs seinen Auftritt hat. Dieses Kunstwerk f\u00e4ngt die Essenz eines Raumschiffs ein, das inmitten eines turbulenten Sturms auf einem Planeten abst\u00fcrzt, der von dichten, ahnungsvollen Wolken verdeckt wird.<\/p>\n<p>Die lebhaften Bilder in &#8218;Arrival&#8216; laden zu Neugier und Staunen ein. Der Zuschauer wird in eine Welt entf\u00fchrt, in der Dunkelheit herrscht und die Atmosph\u00e4re von der Energie von Blitz und Donner erf\u00fcllt ist. Die Farben und Texturen in dem St\u00fcck ergeben eine fesselnde und zum Nachdenken anregende Darstellung dieses au\u00dferirdischen Ereignisses.<\/p>\n<p>Arrival&#8220; ist ideal f\u00fcr Fans von Science Fiction und kosmischen Mysterien und ist eine bemerkenswerte Erg\u00e4nzung f\u00fcr jede digitale Kunstsammlung oder ein subtiler Blickpunkt f\u00fcr eine Galeriewand. Tauchen Sie ein in die Faszination dieses St\u00fccks und werden Sie Zeuge des Eintritts eines himmlischen Reisenden aus dem fernen Kosmos.<\/p>\n","protected":false},"excerpt":{"rendered":"<p>Ankunft<\/p>\n","protected":false},"featured_media":6968,"template":"","meta":{"om_disable_all_campaigns":false,"_uag_custom_page_level_css":"","site-sidebar-layout":"default","site-content-layout":"","ast-site-content-layout":"default","site-content-style":"default","site-sidebar-style":"default","ast-global-header-display":"","ast-banner-title-visibility":"","ast-main-header-display":"","ast-hfb-above-header-display":"","ast-hfb-below-header-display":"","ast-hfb-mobile-header-display":"","site-post-title":"","ast-breadcrumbs-content":"","ast-featured-img":"","footer-sml-layout":"","ast-disable-related-posts":"","theme-transparent-header-meta":"default","adv-header-id-meta":"","stick-header-meta":"","header-above-stick-meta":"","header-main-stick-meta":"","header-below-stick-meta":"","astra-migrate-meta-layouts":"default","ast-page-background-enabled":"default","ast-page-background-meta":{"desktop":{"background-color":"var(--ast-global-color-4)","background-image":"","background-repeat":"repeat","background-position":"center center","background-size":"auto","background-attachment":"scroll","background-type":"","background-media":"","overlay-type":"","overlay-color":"","overlay-opacity":"","overlay-gradient":""},"tablet":{"background-color":"","background-image":"","background-repeat":"repeat","background-position":"center center","background-size":"auto","background-attachment":"scroll","background-type":"","background-media":"","overlay-type":"","overlay-color":"","overlay-opacity":"","overlay-gradient":""},"mobile":{"background-color":"","background-image":"","background-repeat":"repeat","background-position":"center center","background-size":"auto","background-attachment":"scroll","background-type":"","background-media":"","overlay-type":"","overlay-color":"","overlay-opacity":"","overlay-gradient":""}},"ast-content-background-meta":{"desktop":{"background-color":"var(--ast-global-color-5)","background-image":"","background-repeat":"repeat","background-position":"center center","background-size":"auto","background-attachment":"scroll","background-type":"","background-media":"","overlay-type":"","overlay-color":"","overlay-opacity":"","overlay-gradient":""},"tablet":{"background-color":"var(--ast-global-color-5)","background-image":"","background-repeat":"repeat","background-position":"center center","background-size":"auto","background-attachment":"scroll","background-type":"","background-media":"","overlay-type":"","overlay-color":"","overlay-opacity":"","overlay-gradient":""},"mobile":{"background-color":"var(--ast-global-color-5)","background-image":"","background-repeat":"repeat","background-position":"center center","background-size":"auto","background-attachment":"scroll","background-type":"","background-media":"","overlay-type":"","overlay-color":"","overlay-opacity":"","overlay-gradient":""}},"iawp_total_views":1},"product_brand":[],"product_cat":[65],"product_tag":[],"class_list":{"0":"post-3190","1":"product","2":"type-product","3":"status-publish","4":"has-post-thumbnail","6":"product_cat-weltraum","7":"desktop-align-left","8":"tablet-align-left","9":"mobile-align-left","11":"first","12":"instock","13":"shipping-taxable","14":"product-type-external"},"aioseo_notices":[],"uagb_featured_image_src":{"full":["https:\/\/hiveartsstudio.com\/wp-content\/uploads\/2025\/11\/1160277_48d63e0d8dfe.jpg",600,600,false],"thumbnail":["https:\/\/hiveartsstudio.com\/wp-content\/uploads\/2025\/11\/1160277_48d63e0d8dfe-150x150.jpg",150,150,true],"medium":["https:\/\/hiveartsstudio.com\/wp-content\/uploads\/2025\/11\/1160277_48d63e0d8dfe-300x300.jpg",300,300,true],"medium_large":["https:\/\/hiveartsstudio.com\/wp-content\/uploads\/2025\/11\/1160277_48d63e0d8dfe.jpg",600,600,false],"large":["https:\/\/hiveartsstudio.com\/wp-content\/uploads\/2025\/11\/1160277_48d63e0d8dfe.jpg",600,600,false],"1536x1536":["https:\/\/hiveartsstudio.com\/wp-content\/uploads\/2025\/11\/1160277_48d63e0d8dfe.jpg",600,600,false],"2048x2048":["https:\/\/hiveartsstudio.com\/wp-content\/uploads\/2025\/11\/1160277_48d63e0d8dfe.jpg",600,600,false],"woocommerce_thumbnail":["https:\/\/hiveartsstudio.com\/wp-content\/uploads\/2025\/11\/1160277_48d63e0d8dfe-300x300.jpg",300,300,true],"woocommerce_single":["https:\/\/hiveartsstudio.com\/wp-content\/uploads\/2025\/11\/1160277_48d63e0d8dfe.jpg",600,600,false],"woocommerce_gallery_thumbnail":["https:\/\/hiveartsstudio.com\/wp-content\/uploads\/2025\/11\/1160277_48d63e0d8dfe-100x100.jpg",100,100,true]},"uagb_author_info":{"display_name":"admin","author_link":"https:\/\/hiveartsstudio.com\/de\/author\/"},"uagb_comment_info":0,"uagb_excerpt":"Ankunft","_links":{"self":[{"href":"https:\/\/hiveartsstudio.com\/de\/wp-json\/wp\/v2\/product\/3190","targetHints":{"allow":["GET"]}}],"collection":[{"href":"https:\/\/hiveartsstudio.com\/de\/wp-json\/wp\/v2\/product"}],"about":[{"href":"https:\/\/hiveartsstudio.com\/de\/wp-json\/wp\/v2\/types\/product"}],"version-history":[{"count":5,"href":"https:\/\/hiveartsstudio.com\/de\/wp-json\/wp\/v2\/product\/3190\/revisions"}],"predecessor-version":[{"id":6360,"href":"https:\/\/hiveartsstudio.com\/de\/wp-json\/wp\/v2\/product\/3190\/revisions\/6360"}],"wp:featuredmedia":[{"embeddable":true,"href":"https:\/\/hiveartsstudio.com\/de\/wp-json\/wp\/v2\/media\/6968"}],"wp:attachment":[{"href":"https:\/\/hiveartsstudio.com\/de\/wp-json\/wp\/v2\/media?parent=3190"}],"wp:term":[{"taxonomy":"product_brand","embeddable":true,"href":"https:\/\/hiveartsstudio.com\/de\/wp-json\/wp\/v2\/product_brand?post=3190"},{"taxonomy":"product_cat","embeddable":true,"href":"https:\/\/hiveartsstudio.com\/de\/wp-json\/wp\/v2\/product_cat?post=3190"},{"taxonomy":"product_tag","embeddable":true,"href":"https:\/\/hiveartsstudio.com\/de\/wp-json\/wp\/v2\/product_tag?post=3190"}],"curies":[{"name":"wp","href":"https:\/\/api.w.org\/{rel}","templated":true}]}}