{"id":2725,"date":"2024-07-07T22:56:12","date_gmt":"2024-07-07T20:56:12","guid":{"rendered":"https:\/\/hiveartsstudio.com\/politique-de-confidentialite\/"},"modified":"2025-02-15T23:35:59","modified_gmt":"2025-02-15T21:35:59","slug":"politique-de-confidentialite","status":"publish","type":"page","link":"https:\/\/hiveartsstudio.com\/fr\/politique-de-confidentialite\/","title":{"rendered":"Politique de confidentialit\u00e9"},"content":{"rendered":"\t\t<div data-elementor-type=\"wp-page\" data-elementor-id=\"2725\" class=\"elementor elementor-2725 elementor-3\" data-elementor-post-type=\"page\">\n\t\t\t\t<div class=\"elementor-element elementor-element-589815b7 e-flex e-con-boxed e-con e-parent\" data-id=\"589815b7\" data-element_type=\"container\" data-e-type=\"container\">\n\t\t\t\t\t<div class=\"e-con-inner\">\n\t\t\t\t<div class=\"elementor-element elementor-element-90c7e06 elementor-widget elementor-widget-heading\" data-id=\"90c7e06\" data-element_type=\"widget\" data-e-type=\"widget\" data-widget_type=\"heading.default\">\n\t\t\t\t<div class=\"elementor-widget-container\">\n\t\t\t\t\t<h2 class=\"elementor-heading-title elementor-size-default\">Politique de confidentialit\u00e9 Hive Arts Studio<\/h2>\t\t\t\t<\/div>\n\t\t\t\t<\/div>\n\t\t\t\t<div class=\"elementor-element elementor-element-3b533d30 elementor-widget elementor-widget-text-editor\" data-id=\"3b533d30\" data-element_type=\"widget\" data-e-type=\"widget\" data-widget_type=\"text-editor.default\">\n\t\t\t\t<div class=\"elementor-widget-container\">\n\t\t\t\t\t\t\t\t\t<div>\n<div><b>A propos de notre politique de confidentialit\u00e9<\/b><\/div>\n<p><\/p>\n<div>Hive Arts Studio attache une grande importance \u00e0 votre confidentialit\u00e9. Nous traitons exclusivement les donn\u00e9es dont nous avons besoin pour (am\u00e9liorer) nos services, et nous traitons avec soin toutes les informations recueillies sur vous et votre utilisation de nos services. Vos donn\u00e9es ne sont pas communiqu\u00e9es \u00e0 des tiers \u00e0 des fins commerciales. Cette politique de confidentialit\u00e9 s&rsquo;applique \u00e0 l&rsquo;utilisation du site internet et aux services fournis par Hive Arts Studio. La date de d\u00e9but de validit\u00e9 de ces termes et conditions est le 18\/07\/2024, la publication d&rsquo;une nouvelle version annule la validit\u00e9 de toutes les versions pr\u00e9c\u00e9dentes. La pr\u00e9sente politique de confidentialit\u00e9 d\u00e9crit les informations que nous collectons \u00e0 votre sujet, l&rsquo;usage qui en est fait, avec qui et dans quelles conditions ces donn\u00e9es peuvent \u00eatre partag\u00e9es avec des tiers. Nous vous expliquons \u00e9galement comment nous stockons vos donn\u00e9es, comment nous les prot\u00e9geons contre les abus et quels sont vos droits concernant les donn\u00e9es personnelles que vous nous fournissez.<\/div>\n<p><\/p>\n<div>Si vous avez des questions concernant notre politique de protection de la vie priv\u00e9e, veuillez contacter notre personne de contact pour la protection de la vie priv\u00e9e, dont les coordonn\u00e9es figurent \u00e0 la fin de notre politique de protection de la vie priv\u00e9e.<\/div>\n<p><\/p>\n<div><b>A propos de notre traitement de donn\u00e9es<\/b><\/div>\n<p><\/p>\n<div>Vous pouvez lire ci-dessous comment nous traitons vos donn\u00e9es, o\u00f9 nous les enregistrons, quelles techniques de s\u00e9curit\u00e9 nous utilisons et \u00e0 qui les donn\u00e9es sont visibles.<\/div>\n<p><\/p>\n<div><b>E-mail et listes de diffusion<\/b><\/div>\n<div><b><br><\/b><\/div>\n<div><b>Gmail<\/b><\/div>\n<p><\/p>\n<div>Pour nos courriels professionnels, nous utilisons les services de messagerie de Gmail. Cette partie a mis en \u0153uvre des mesures techniques et organisationnelles appropri\u00e9es pour emp\u00eacher l&rsquo;utilisation abusive, la perte ou la corruption de vos donn\u00e9es. Gmail n&rsquo;a pas acc\u00e8s \u00e0 notre bo\u00eete aux lettres et nous traitons notre trafic de courrier \u00e9lectronique de mani\u00e8re confidentielle.<\/div>\n<div><br><\/div>\n<div><b>Finalit\u00e9 du traitement des donn\u00e9es<\/b><\/div>\n<p><\/p>\n<div><b>Finalit\u00e9 g\u00e9n\u00e9rale du traitement des donn\u00e9es<\/b><\/div>\n<p><\/p>\n<div>Nous utilisons vos donn\u00e9es dans le seul but de vous fournir nos services. Cela signifie que l&rsquo;objectif du traitement de ces donn\u00e9es est en relation directe avec la mission ou la t\u00e2che que vous nous proposez. Nous n&rsquo;utilisons pas ces donn\u00e9es \u00e0 des fins de marketing (adress\u00e9). Si vous partagez des informations avec nous et que nous utilisons ces informations pour vous contacter ult\u00e9rieurement &#8211; sans que ce soit sur la base d&rsquo;une demande &#8211; nous vous demanderons d&rsquo;abord votre consentement explicite. Vos donn\u00e9es ne sont pas partag\u00e9es avec des tiers, dans un but autre que celui de remplir des obligations comptables et administratives. Ces tiers sont tous tenus \u00e0 un devoir de confidentialit\u00e9 sur la base de l&rsquo;accord que nous avons conclu avec eux, d&rsquo;un serment ou d&rsquo;une obligation l\u00e9gale.<\/div>\n<p><\/p>\n<div><b>Donn\u00e9es collect\u00e9es automatiquement<\/b><\/div>\n<p><\/p>\n<div>Les informations recueillies automatiquement par notre site web sont trait\u00e9es dans le seul but de vous fournir et\/ou d&rsquo;am\u00e9liorer nos services. Ces informations (par exemple votre adresse IP (anonymis\u00e9e), votre navigateur web et votre syst\u00e8me d&rsquo;exploitation) ne sont pas des informations personnelles.<\/div>\n<p><\/p>\n<div><b>Coop\u00e9ration en mati\u00e8re d&rsquo;enqu\u00eates fiscales et p\u00e9nales<\/b><\/div>\n<p><\/p>\n<div>Dans certains cas, nous pouvons \u00eatre tenus par le gouvernement \u00e0 une obligation l\u00e9gale de partager vos informations dans le but d&rsquo;aider \u00e0 une enqu\u00eate fiscale ou criminelle. Dans de tels cas, nous sommes oblig\u00e9s de nous conformer et d&rsquo;apporter notre aide, mais, sur la base de possibilit\u00e9s l\u00e9gales, nous vous proposerons de vous opposer.<\/div>\n<p><\/p>\n<div><b>D\u00e9lais de conservation<\/b><\/div>\n<p><\/p>\n<div>Nous conservons vos donn\u00e9es aussi longtemps que vous \u00eates client chez nous. Cela signifie que nous conservons votre profil de client jusqu&rsquo;\u00e0 ce que vous nous fassiez savoir que vous ne souhaitez plus utiliser nos services. Ce message fait \u00e9galement office de demande d&rsquo;oubli. Cela signifie \u00e9galement que nous ne conserverons pas vos donn\u00e9es plus de deux ans apr\u00e8s votre dernier contact ou votre derni\u00e8re transaction, \u00e0 moins qu&rsquo;il n&rsquo;y ait une justification l\u00e9gale \u00e0 cela. Nous sommes tenus de conserver des factures contenant vos informations (personnelles) en raison d&rsquo;obligations administratives pertinentes. Ces informations sont conserv\u00e9es en toute s\u00e9curit\u00e9 tant que la dur\u00e9e de validit\u00e9 de ces obligations n&rsquo;est pas d\u00e9pass\u00e9e. Le personnel n&rsquo;a plus acc\u00e8s \u00e0 votre profil client et \u00e0 tous les documents cr\u00e9\u00e9s dans le cadre de votre mission ou de votre t\u00e2che.<\/div>\n<p><\/p>\n<div><b>Vos droits<\/b><\/div>\n<p><\/p>\n<div>En vertu de la l\u00e9gislation n\u00e9erlandaise et europ\u00e9enne en vigueur, vous disposez, en tant que partie concern\u00e9e, de certains droits en ce qui concerne les donn\u00e9es \u00e0 caract\u00e8re personnel trait\u00e9es par nous ou en notre nom. Vous trouverez ci-dessous une explication de ces droits et de la mani\u00e8re dont vous, en tant que partie concern\u00e9e, pouvez les invoquer. Afin d&rsquo;\u00e9viter les abus, nous n&rsquo;envoyons les factures et les copies de vos donn\u00e9es qu&rsquo;aux adresses \u00e9lectroniques que vous nous avez communiqu\u00e9es. Si vous souhaitez recevoir ces donn\u00e9es \u00e0 une autre adresse \u00e9lectronique ou, par exemple, par courrier, nous vous demanderons de vous identifier en cons\u00e9quence. Nous maintenons une administration de&nbsp;<span style=\"color: var( --e-global-color-text ); font-family: var( --e-global-typography-text-font-family ), Sans-serif; font-size: var( --e-global-typography-text-font-size ); font-style: var( --e-global-typography-text-font-style ); font-weight: var( --e-global-typography-text-font-weight ); text-transform: var( --e-global-typography-text-text-transform ); text-align: var(--text-align); background-color: var( --e-global-color-a265f0e );\">les demandes conclues, dans le cas d&rsquo;une demande d&rsquo;oubli, nous conserverons une administration de donn\u00e9es anonymes. Vous recevez toutes les factures et copies de donn\u00e9es dans des fichiers structur\u00e9s dans un format lisible par une machine, sur la base des classifications de donn\u00e9es que nous utilisons dans notre syst\u00e8me. Vous conservez \u00e0 tout moment le droit de d\u00e9poser une plainte aupr\u00e8s de l&rsquo;Autoriteit&nbsp;<\/span><span style=\"color: var( --e-global-color-text ); font-family: var( --e-global-typography-text-font-family ), Sans-serif; font-size: var( --e-global-typography-text-font-size ); font-style: var( --e-global-typography-text-font-style ); font-weight: var( --e-global-typography-text-font-weight ); text-transform: var( --e-global-typography-text-text-transform ); text-align: var(--text-align); background-color: var( --e-global-color-a265f0e );\">Persoonsgegevens si vous pensez que nous traitons ou utilisons mal vos donn\u00e9es personnelles.<\/span><\/div>\n<p><\/p>\n<div><b>Droit de regard<\/b><\/div>\n<p><\/p>\n<div>Vous conservez \u00e0 tout moment le droit de consulter les donn\u00e9es que nous traitons et qui ont un rapport avec votre personne ou peuvent \u00eatre r\u00e9duites \u00e0 celle-ci. Vous pouvez demander une telle consultation \u00e0 notre personne de contact charg\u00e9e des questions de confidentialit\u00e9. Vous recevrez une r\u00e9ponse \u00e0 votre demande dans les 30 jours. Si votre demande est accept\u00e9e, nous vous enverrons, via l&rsquo;adresse \u00e9lectronique que nous connaissons, une copie de toutes les donn\u00e9es avec un aper\u00e7u suppl\u00e9mentaire des sous-traitants qui g\u00e8rent ces donn\u00e9es, tout en mentionnant \u00e9galement les cat\u00e9gories sous lesquelles nous stockons ces donn\u00e9es.<\/div>\n<p><\/p>\n<div><b>Droit de rectification<\/b><\/div>\n<p><\/p>\n<div>Vous conservez \u00e0 tout moment le droit de faire rectifier les donn\u00e9es que nous traitons et qui sont en rapport avec votre personne ou qui peuvent y \u00eatre r\u00e9duites. Vous pouvez demander un tel ajustement \u00e0 notre personne de contact charg\u00e9e des questions de protection de la vie priv\u00e9e. Vous recevrez une r\u00e9ponse \u00e0 votre demande dans les 30 jours. Si votre demande est accept\u00e9e, nous vous enverrons, via l&rsquo;adresse \u00e9lectronique que nous connaissons, une confirmation que les donn\u00e9es ont \u00e9t\u00e9 ajust\u00e9es.<\/div>\n<p><\/p>\n<div><b>Droit \u00e0 la limitation du traitement<\/b><\/div>\n<p><\/p>\n<div>Vous conservez \u00e0 tout moment le droit de limiter les donn\u00e9es que nous traitons et qui ont un rapport avec votre personne ou peuvent \u00eatre r\u00e9duites \u00e0 celle-ci. Vous pouvez demander cette limitation \u00e0 notre personne de contact charg\u00e9e des questions de protection de la vie priv\u00e9e. Vous recevrez une r\u00e9ponse \u00e0 votre demande dans les 30 jours. Si votre demande est accept\u00e9e, nous vous enverrons, via l&rsquo;adresse e-mail que nous connaissons, une confirmation que le traitement de vos donn\u00e9es est limit\u00e9 jusqu&rsquo;\u00e0 ce que vous choisissiez d&rsquo;annuler cette limitation.<\/div>\n<p><\/p>\n<div><b>Droit de transfert<\/b><\/div>\n<p><\/p>\n<div>Vous conservez \u00e0 tout moment le droit de demander que les donn\u00e9es que nous traitons et qui ont un rapport avec votre personne ou peuvent \u00eatre r\u00e9duites \u00e0 celle-ci soient trait\u00e9es par un tiers de votre choix. Vous pouvez adresser une telle demande \u00e0 notre personne de contact charg\u00e9e des questions de protection de la vie priv\u00e9e. Vous recevrez une r\u00e9ponse \u00e0 votre demande dans les 30 jours. Si votre demande est approuv\u00e9e, nous&nbsp;<span style=\"color: var( --e-global-color-text ); font-family: var( --e-global-typography-text-font-family ), Sans-serif; font-size: var( --e-global-typography-text-font-size ); font-style: var( --e-global-typography-text-font-style ); font-weight: var( --e-global-typography-text-font-weight ); text-transform: var( --e-global-typography-text-text-transform ); text-align: var(--text-align); background-color: var( --e-global-color-a265f0e );\">vous envoyer, via l&rsquo;adresse \u00e9lectronique que nous connaissons, vos factures (personnelles) ou des copies des donn\u00e9es que nous avons trait\u00e9es, ou que des tiers ont trait\u00e9es en notre nom. Dans ce cas, il est fort probable que nous ne puissions plus vous offrir nos services, car nous ne pouvons plus garantir la s\u00e9curit\u00e9 des donn\u00e9es ant\u00e9rieures.<\/span><\/div>\n<p><\/p>\n<div><b>Droit d&rsquo;opposition et autres droits<\/b><\/div>\n<p><\/p>\n<div>Vous conservez \u00e0 tout moment le droit de vous opposer au traitement de vos donn\u00e9es \u00e0 caract\u00e8re personnel effectu\u00e9 par nous, ou en notre nom par des tiers. Dans le cas d&rsquo;une telle objection, nous cesserons imm\u00e9diatement tout traitement de vos donn\u00e9es pendant que votre objection est examin\u00e9e et trait\u00e9e. En cas d&rsquo;objection justifi\u00e9e, nous vous renverrons toutes les factures et\/ou copies des donn\u00e9es \u00e0 caract\u00e8re personnel que nous, ou des tiers agissant en notre nom, avons trait\u00e9es jusqu&rsquo;\u00e0 ce moment-l\u00e0 et nous cesserons de les traiter par la suite. Vous conservez \u00e9galement le droit de ne pas faire l&rsquo;objet d&rsquo;une prise de d\u00e9cision automatis\u00e9e ou d&rsquo;un profilage. Nous traitons vos donn\u00e9es de mani\u00e8re \u00e0 ce que ce droit ne s&rsquo;applique pas. Si vous estimez que ce droit s&rsquo;applique, nous vous demandons de contacter notre personne de contact charg\u00e9e des questions de confidentialit\u00e9.<\/div>\n<p><\/p>\n<div><b>Modifications de la politique de confidentialit\u00e9<\/b><\/div>\n<p><\/p>\n<div>Nous nous r\u00e9servons le droit de modifier \u00e0 tout moment notre politique en mati\u00e8re de protection de la vie priv\u00e9e. Cette page affiche cependant toujours la version la plus r\u00e9cente de notre politique de confidentialit\u00e9. Si une nouvelle politique de confidentialit\u00e9 a des cons\u00e9quences sur la mani\u00e8re dont nous traitons les donn\u00e9es r\u00e9cemment collect\u00e9es concernant votre personne, nous vous en informerons par e-mail.<\/div>\n<p><\/p>\n<div>&nbsp;<\/div>\n<div><b>Coordonn\u00e9es de l&rsquo;entreprise<\/b><\/div>\n<p><\/p>\n<div>Hive Arts Studio<\/div>\n<p><\/p>\n<div>contact@hiveartsstudio.com<\/div>\n<\/div>\t\t\t\t\t\t\t\t<\/div>\n\t\t\t\t<\/div>\n\t\t\t\t\t<\/div>\n\t\t\t\t<\/div>\n\t\t\t\t<\/div>\n\t\t","protected":false},"excerpt":{"rendered":"<p>Politique de confidentialit\u00e9 Hive Arts Studio A propos de notre politique de confidentialit\u00e9 Hive Arts Studio attache une grande importance [&hellip;]<\/p>\n","protected":false},"author":1,"featured_media":0,"parent":0,"menu_order":0,"comment_status":"closed","ping_status":"open","template":"","meta":{"om_disable_all_campaigns":false,"_uag_custom_page_level_css":"","site-sidebar-layout":"default","site-content-layout":"","ast-site-content-layout":"default","site-content-style":"default","site-sidebar-style":"default","ast-global-header-display":"","ast-banner-title-visibility":"","ast-main-header-display":"","ast-hfb-above-header-display":"","ast-hfb-below-header-display":"","ast-hfb-mobile-header-display":"","site-post-title":"","ast-breadcrumbs-content":"","ast-featured-img":"","footer-sml-layout":"","ast-disable-related-posts":"","theme-transparent-header-meta":"","adv-header-id-meta":"","stick-header-meta":"","header-above-stick-meta":"","header-main-stick-meta":"","header-below-stick-meta":"","astra-migrate-meta-layouts":"default","ast-page-background-enabled":"default","ast-page-background-meta":{"desktop":{"background-color":"var(--ast-global-color-4)","background-image":"","background-repeat":"repeat","background-position":"center center","background-size":"auto","background-attachment":"scroll","background-type":"","background-media":"","overlay-type":"","overlay-color":"","overlay-opacity":"","overlay-gradient":""},"tablet":{"background-color":"","background-image":"","background-repeat":"repeat","background-position":"center center","background-size":"auto","background-attachment":"scroll","background-type":"","background-media":"","overlay-type":"","overlay-color":"","overlay-opacity":"","overlay-gradient":""},"mobile":{"background-color":"","background-image":"","background-repeat":"repeat","background-position":"center center","background-size":"auto","background-attachment":"scroll","background-type":"","background-media":"","overlay-type":"","overlay-color":"","overlay-opacity":"","overlay-gradient":""}},"ast-content-background-meta":{"desktop":{"background-color":"var(--ast-global-color-5)","background-image":"","background-repeat":"repeat","background-position":"center center","background-size":"auto","background-attachment":"scroll","background-type":"","background-media":"","overlay-type":"","overlay-color":"","overlay-opacity":"","overlay-gradient":""},"tablet":{"background-color":"var(--ast-global-color-5)","background-image":"","background-repeat":"repeat","background-position":"center center","background-size":"auto","background-attachment":"scroll","background-type":"","background-media":"","overlay-type":"","overlay-color":"","overlay-opacity":"","overlay-gradient":""},"mobile":{"background-color":"var(--ast-global-color-5)","background-image":"","background-repeat":"repeat","background-position":"center center","background-size":"auto","background-attachment":"scroll","background-type":"","background-media":"","overlay-type":"","overlay-color":"","overlay-opacity":"","overlay-gradient":""}},"iawp_total_views":2,"footnotes":""},"class_list":["post-2725","page","type-page","status-publish","hentry"],"aioseo_notices":[],"uagb_featured_image_src":{"full":false,"thumbnail":false,"medium":false,"medium_large":false,"large":false,"1536x1536":false,"2048x2048":false,"woocommerce_thumbnail":false,"woocommerce_single":false,"woocommerce_gallery_thumbnail":false},"uagb_author_info":{"display_name":"admin","author_link":"https:\/\/hiveartsstudio.com\/fr\/author\/sdudzinhiveteq-com\/"},"uagb_comment_info":0,"uagb_excerpt":"Politique de confidentialit\u00e9 Hive Arts Studio A propos de notre politique de confidentialit\u00e9 Hive Arts Studio attache une grande importance [&hellip;]","_links":{"self":[{"href":"https:\/\/hiveartsstudio.com\/fr\/wp-json\/wp\/v2\/pages\/2725","targetHints":{"allow":["GET"]}}],"collection":[{"href":"https:\/\/hiveartsstudio.com\/fr\/wp-json\/wp\/v2\/pages"}],"about":[{"href":"https:\/\/hiveartsstudio.com\/fr\/wp-json\/wp\/v2\/types\/page"}],"author":[{"embeddable":true,"href":"https:\/\/hiveartsstudio.com\/fr\/wp-json\/wp\/v2\/users\/1"}],"replies":[{"embeddable":true,"href":"https:\/\/hiveartsstudio.com\/fr\/wp-json\/wp\/v2\/comments?post=2725"}],"version-history":[{"count":3,"href":"https:\/\/hiveartsstudio.com\/fr\/wp-json\/wp\/v2\/pages\/2725\/revisions"}],"predecessor-version":[{"id":5622,"href":"https:\/\/hiveartsstudio.com\/fr\/wp-json\/wp\/v2\/pages\/2725\/revisions\/5622"}],"wp:attachment":[{"href":"https:\/\/hiveartsstudio.com\/fr\/wp-json\/wp\/v2\/media?parent=2725"}],"curies":[{"name":"wp","href":"https:\/\/api.w.org\/{rel}","templated":true}]}}