{"id":2728,"date":"2024-07-08T20:32:42","date_gmt":"2024-07-08T18:32:42","guid":{"rendered":"https:\/\/hiveartsstudio.com\/a-propos-de\/"},"modified":"2024-10-28T01:41:15","modified_gmt":"2024-10-27T23:41:15","slug":"a-propos-de","status":"publish","type":"page","link":"https:\/\/hiveartsstudio.com\/fr\/a-propos-de\/","title":{"rendered":"A propos de"},"content":{"rendered":"\t\t<div data-elementor-type=\"wp-page\" data-elementor-id=\"2728\" class=\"elementor elementor-2728 elementor-891\" data-elementor-post-type=\"page\">\n\t\t\t\t<div class=\"elementor-element elementor-element-27f42f1d e-flex e-con-boxed e-con e-parent\" data-id=\"27f42f1d\" data-element_type=\"container\" data-e-type=\"container\" data-settings=\"{&quot;background_background&quot;:&quot;classic&quot;}\">\n\t\t\t\t\t<div class=\"e-con-inner\">\n\t\t<div class=\"elementor-element elementor-element-30058aac e-con-full e-flex e-con e-child\" data-id=\"30058aac\" data-element_type=\"container\" data-e-type=\"container\">\n\t\t\t\t<div class=\"elementor-element elementor-element-58d568b5 elementor-invisible elementor-widget elementor-widget-heading\" data-id=\"58d568b5\" data-element_type=\"widget\" data-e-type=\"widget\" data-settings=\"{&quot;_animation&quot;:&quot;fadeInDown&quot;}\" data-widget_type=\"heading.default\">\n\t\t\t\t<div class=\"elementor-widget-container\">\n\t\t\t\t\t<h1 class=\"elementor-heading-title elementor-size-default\">A propos de<\/h1>\t\t\t\t<\/div>\n\t\t\t\t<\/div>\n\t\t\t\t<\/div>\n\t\t\t\t\t<\/div>\n\t\t\t\t<\/div>\n\t\t<div class=\"elementor-element elementor-element-9c02812 e-flex e-con-boxed e-con e-parent\" data-id=\"9c02812\" data-element_type=\"container\" data-e-type=\"container\" data-settings=\"{&quot;background_background&quot;:&quot;slideshow&quot;,&quot;background_slideshow_gallery&quot;:[{&quot;id&quot;:764,&quot;url&quot;:&quot;https:\\\/\\\/hiveartsstudio.com\\\/wp-content\\\/uploads\\\/2024\\\/07\\\/banner_hive_arts_studio_sci-fi_abstract.png&quot;}],&quot;background_slideshow_loop&quot;:&quot;yes&quot;,&quot;background_slideshow_slide_duration&quot;:5000,&quot;background_slideshow_slide_transition&quot;:&quot;fade&quot;,&quot;background_slideshow_transition_duration&quot;:500}\">\n\t\t\t\t\t<div class=\"e-con-inner\">\n\t\t\t\t\t<\/div>\n\t\t\t\t<\/div>\n\t\t<div class=\"elementor-element elementor-element-58682bb2 e-con-full e-flex e-con e-parent\" data-id=\"58682bb2\" data-element_type=\"container\" data-e-type=\"container\">\n\t\t\t\t<div class=\"elementor-element elementor-element-30f0ea6e elementor-widget elementor-widget-heading\" data-id=\"30f0ea6e\" data-element_type=\"widget\" data-e-type=\"widget\" data-widget_type=\"heading.default\">\n\t\t\t\t<div class=\"elementor-widget-container\">\n\t\t\t\t\t<h2 class=\"elementor-heading-title elementor-size-default\">Hive Arts Studio est n\u00e9 d'une passion pour la cr\u00e9ation d'art num\u00e9rique unique et stimulant qui comble le foss\u00e9 entre les concepts abstraits et les mondes fictifs. Fond\u00e9 avec le simple d\u00e9sir de d\u00e9corer un espace personnel, Hive Arts Studio est devenu une entreprise cr\u00e9ative qui partage sa vision distinctive avec les amateurs d'art du monde entier.<\/h2>\t\t\t\t<\/div>\n\t\t\t\t<\/div>\n\t\t\t\t<div class=\"elementor-element elementor-element-6f6ed3b8 elementor-widget elementor-widget-text-editor\" data-id=\"6f6ed3b8\" data-element_type=\"widget\" data-e-type=\"widget\" data-widget_type=\"text-editor.default\">\n\t\t\t\t<div class=\"elementor-widget-container\">\n\t\t\t\t\t\t\t\t\t<p>Au c\u0153ur de Hive Arts Studio se trouve une fascination pour l&rsquo;intersection de la technologie et de l&rsquo;imagination. S&rsquo;inspirant des \u0153uvres d&rsquo;auteurs visionnaires de science-fiction tels qu&rsquo;Asimov, Strugatsky et Herbert, le studio cr\u00e9e des chefs-d&rsquo;\u0153uvre num\u00e9riques qui transportent les spectateurs dans des paysages post-apocalyptiques, des paysages urbains futuristes et des paysages de r\u00eave surr\u00e9alistes.<\/p>\n<p><span style=\"font-style: inherit; font-weight: inherit; color: var( --e-global-color-text ); font-family: var( --e-global-typography-text-font-family ), Sans-serif; text-transform: var( --e-global-typography-text-text-transform ); text-align: var(--text-align); background-color: var( --e-global-color-a265f0e );\">Les \u0153uvres d&rsquo;art du studio se caract\u00e9risent par leur nature dynamique, plongeant dans les th\u00e8mes de la lutte, de l&rsquo;\u00e9merveillement et de l&rsquo;\u00e9tonnement technologique. Chaque pi\u00e8ce raconte une histoire, capturant des moments de conflit, de d\u00e9couverte et la relation complexe entre l&rsquo;humanit\u00e9 et ses cr\u00e9ations. De la s\u00e9rie signature \u00ab\u00a0Unwelcome Place\u00a0\u00bb, repr\u00e9sentant des vaisseaux spatiaux \u00e9cras\u00e9s et des mondes d\u00e9sol\u00e9s, aux paysages urbains hypnotiques inspir\u00e9s du vaporwave, les cr\u00e9ations de Hive Arts Studio \u00e9voquent un sentiment d&rsquo;\u00eatre entra\u00een\u00e9 dans une autre r\u00e9alit\u00e9.<\/span><\/p>\n<p><span style=\"text-align: var(--text-align); background-color: var( --e-global-color-a265f0e );\">Deux directions artistiques principales d\u00e9finissent le portefeuille du studio :<br><\/span><\/p>\n<ul>\n<li>R\u00e9sum\u00e9 : Principalement ax\u00e9es sur le surr\u00e9alisme, ces \u0153uvres remettent en question les perceptions et enflamment l&rsquo;imagination. Le style \u00ab\u00a0glitchcore\u00a0\u00bb, qui se distingue dans cette cat\u00e9gorie, m\u00e9lange les mondes r\u00e9el et virtuel \u00e0 l&rsquo;aide de palettes de couleurs distinctives et d&rsquo;\u00e9l\u00e9ments visuels perturbateurs.<\/li>\n<li>Futurisme : La science-fiction et les esth\u00e9tiques vaporwave dominent cette cat\u00e9gorie, offrant des aper\u00e7us de futurs possibles et de r\u00e9alit\u00e9s alternatives. Ces pi\u00e8ces explorent souvent les th\u00e8mes du progr\u00e8s technologique, du changement soci\u00e9tal et de la condition humaine dans des mondes imaginaires.<\/li>\n<\/ul>\n<p>Le processus cr\u00e9atif chez Hive Arts Studio est aussi unique que l&rsquo;\u0153uvre elle-m\u00eame. Chaque pi\u00e8ce commence par un concept \u00e0 faible r\u00e9solution, un \u00e9chafaudage sur lequel des couches de d\u00e9tails et de sens sont soigneusement construites. Cette approche permet le d\u00e9veloppement organique de chaque \u0153uvre d&rsquo;art, ce qui se traduit par des pi\u00e8ces v\u00e9ritablement uniques qui trouvent un \u00e9cho aupr\u00e8s des spectateurs \u00e0 de multiples niveaux.<\/p>\n<p>Le public cible de Studio comprend les joueurs, les passionn\u00e9s de technologie et les amoureux de l&rsquo;extraordinaire qui cherchent \u00e0 rehausser leurs espaces avec de l&rsquo;art num\u00e9rique de pointe. Les \u0153uvres du studio esp\u00e8rent trouver leur place dans des bureaux geek-chic, des studios cr\u00e9atifs et les galeries personnelles de ceux qui appr\u00e9cient un m\u00e9lange de pens\u00e9e abstraite et de r\u00e9cits futuristes.<\/p>\n<p>Alors que Hive Arts Studio continue d&rsquo;\u00e9voluer, de nouvelles \u0153uvres sont r\u00e9guli\u00e8rement publi\u00e9es, \u00e9largissant le portfolio et explorant de nouveaux th\u00e8mes dans le domaine de l&rsquo;art num\u00e9rique. Chaque pi\u00e8ce repr\u00e9sente un pas en avant dans le parcours du studio, repoussant les limites de ce qui est possible lorsque des techniques artistiques traditionnelles rencontrent des processus num\u00e9riques de pointe.<\/p>\n<p>Vous \u00eates invit\u00e9 \u00e0 d\u00e9couvrir un monde o\u00f9 l&rsquo;abstrait c\u00f4toie la fiction, o\u00f9 chaque \u0153uvre d&rsquo;art est une fen\u00eatre sur des possibilit\u00e9s infinies. Que vous soyez attir\u00e9 par le surr\u00e9alisme, fascin\u00e9 par les visions futuristes ou simplement \u00e0 la recherche d&rsquo;un art qui fait une d\u00e9claration, Hive Arts Studio offre une perspective unique qui d\u00e9fie, inspire et transforme les espaces.<\/p>\n<p>D\u00e9couvrez l&rsquo;avenir de l&rsquo;art num\u00e9rique avec Hive Arts Studio \u2013 o\u00f9 l&rsquo;imagination ne conna\u00eet pas de limites.<\/p>\t\t\t\t\t\t\t\t<\/div>\n\t\t\t\t<\/div>\n\t\t\t\t<\/div>\n\t\t\t\t<\/div>\n\t\t","protected":false},"excerpt":{"rendered":"<p>A propos de Hive Arts Studio est n\u00e9 d&rsquo;une passion pour la cr\u00e9ation d&rsquo;art num\u00e9rique unique et stimulant qui comble [&hellip;]<\/p>\n","protected":false},"author":1,"featured_media":0,"parent":0,"menu_order":0,"comment_status":"closed","ping_status":"closed","template":"elementor_header_footer","meta":{"om_disable_all_campaigns":false,"_uag_custom_page_level_css":"","site-sidebar-layout":"default","site-content-layout":"","ast-site-content-layout":"default","site-content-style":"default","site-sidebar-style":"default","ast-global-header-display":"","ast-banner-title-visibility":"","ast-main-header-display":"","ast-hfb-above-header-display":"","ast-hfb-below-header-display":"","ast-hfb-mobile-header-display":"","site-post-title":"","ast-breadcrumbs-content":"","ast-featured-img":"","footer-sml-layout":"","ast-disable-related-posts":"","theme-transparent-header-meta":"","adv-header-id-meta":"","stick-header-meta":"","header-above-stick-meta":"","header-main-stick-meta":"","header-below-stick-meta":"","astra-migrate-meta-layouts":"default","ast-page-background-enabled":"default","ast-page-background-meta":{"desktop":{"background-color":"var(--ast-global-color-4)","background-image":"","background-repeat":"repeat","background-position":"center center","background-size":"auto","background-attachment":"scroll","background-type":"","background-media":"","overlay-type":"","overlay-color":"","overlay-opacity":"","overlay-gradient":""},"tablet":{"background-color":"","background-image":"","background-repeat":"repeat","background-position":"center center","background-size":"auto","background-attachment":"scroll","background-type":"","background-media":"","overlay-type":"","overlay-color":"","overlay-opacity":"","overlay-gradient":""},"mobile":{"background-color":"","background-image":"","background-repeat":"repeat","background-position":"center center","background-size":"auto","background-attachment":"scroll","background-type":"","background-media":"","overlay-type":"","overlay-color":"","overlay-opacity":"","overlay-gradient":""}},"ast-content-background-meta":{"desktop":{"background-color":"var(--ast-global-color-5)","background-image":"","background-repeat":"repeat","background-position":"center center","background-size":"auto","background-attachment":"scroll","background-type":"","background-media":"","overlay-type":"","overlay-color":"","overlay-opacity":"","overlay-gradient":""},"tablet":{"background-color":"var(--ast-global-color-5)","background-image":"","background-repeat":"repeat","background-position":"center center","background-size":"auto","background-attachment":"scroll","background-type":"","background-media":"","overlay-type":"","overlay-color":"","overlay-opacity":"","overlay-gradient":""},"mobile":{"background-color":"var(--ast-global-color-5)","background-image":"","background-repeat":"repeat","background-position":"center center","background-size":"auto","background-attachment":"scroll","background-type":"","background-media":"","overlay-type":"","overlay-color":"","overlay-opacity":"","overlay-gradient":""}},"iawp_total_views":2,"footnotes":""},"class_list":["post-2728","page","type-page","status-publish","hentry"],"aioseo_notices":[],"uagb_featured_image_src":{"full":false,"thumbnail":false,"medium":false,"medium_large":false,"large":false,"1536x1536":false,"2048x2048":false,"woocommerce_thumbnail":false,"woocommerce_single":false,"woocommerce_gallery_thumbnail":false},"uagb_author_info":{"display_name":"admin","author_link":"https:\/\/hiveartsstudio.com\/fr\/author\/sdudzinhiveteq-com\/"},"uagb_comment_info":0,"uagb_excerpt":"A propos de Hive Arts Studio est n\u00e9 d&rsquo;une passion pour la cr\u00e9ation d&rsquo;art num\u00e9rique unique et stimulant qui comble [&hellip;]","_links":{"self":[{"href":"https:\/\/hiveartsstudio.com\/fr\/wp-json\/wp\/v2\/pages\/2728","targetHints":{"allow":["GET"]}}],"collection":[{"href":"https:\/\/hiveartsstudio.com\/fr\/wp-json\/wp\/v2\/pages"}],"about":[{"href":"https:\/\/hiveartsstudio.com\/fr\/wp-json\/wp\/v2\/types\/page"}],"author":[{"embeddable":true,"href":"https:\/\/hiveartsstudio.com\/fr\/wp-json\/wp\/v2\/users\/1"}],"replies":[{"embeddable":true,"href":"https:\/\/hiveartsstudio.com\/fr\/wp-json\/wp\/v2\/comments?post=2728"}],"version-history":[{"count":3,"href":"https:\/\/hiveartsstudio.com\/fr\/wp-json\/wp\/v2\/pages\/2728\/revisions"}],"predecessor-version":[{"id":5161,"href":"https:\/\/hiveartsstudio.com\/fr\/wp-json\/wp\/v2\/pages\/2728\/revisions\/5161"}],"wp:attachment":[{"href":"https:\/\/hiveartsstudio.com\/fr\/wp-json\/wp\/v2\/media?parent=2728"}],"curies":[{"name":"wp","href":"https:\/\/api.w.org\/{rel}","templated":true}]}}