{"id":3023,"date":"2024-07-12T16:11:15","date_gmt":"2024-07-12T14:11:15","guid":{"rendered":"https:\/\/hiveartsstudio.com\/product\/perle-dans-la-brume-un-reve\/"},"modified":"2025-06-02T16:38:03","modified_gmt":"2025-06-02T14:38:03","slug":"perle-dans-la-brume-un-reve","status":"publish","type":"product","link":"https:\/\/hiveartsstudio.com\/fr\/produit\/perle-dans-la-brume-un-reve\/","title":{"rendered":"Perle dans la brume, un r\u00eave"},"content":{"rendered":"<p>Dans le domaine des murmures et des r\u00eaves,<br \/>\n<br \/>Lies a vision, \u00ab\u00a0Pearl in the Mist\u00a0\u00bb, semble-t-il,<br \/>\n<br \/>Une beaut\u00e9 si divine, une silhouette si belle,<br \/>\n<br \/>Envelopp\u00e9 dans le brouillard, un myst\u00e8re rare.<\/p>\n<p>Des perles d&rsquo;opulence et de gr\u00e2ce,<br \/>\n<br \/>L&rsquo;entourent, tissant une dentelle majestueuse,<br \/>\n<br \/>Des tons sourds de s\u00e9r\u00e9nit\u00e9,<br \/>\n<br \/>Le charme de l&rsquo;art du 19\u00e8me si\u00e8cle.<\/p>\n<p>Le souffle du surr\u00e9alisme, le voile vaporeux,<br \/>\n<br \/>Les nuages atmosph\u00e9riques, une histoire \u00e0 d\u00e9voiler,<br \/>\n<br \/>Des teintes monotones, une \u00e9treinte apaisante,<br \/>\n<br \/>Son regard s\u00e9duisant, une danse \u00e0 travers le temps et l&rsquo;espace.<\/p>\n<p>Oh, vagabond, dans la galerie de votre c\u0153ur,<br \/>\n<br \/>Cherchez le tr\u00e9sor de la \u00ab\u00a0Perle dans la brume\u00a0\u00bb \u00e0 transmettre,<br \/>\n<br \/>Une pi\u00e8ce ma\u00eetresse captivante pour votre maison,<br \/>\n<br \/>L\u00e0 o\u00f9 les r\u00eaves et la r\u00e9alit\u00e9 s&rsquo;\u00e9rodent en harmonie.<\/p>\n<p>Voyez l&rsquo;\u00e9nigme, l&rsquo;attrait mystique,<br \/>\n<br \/>Une sc\u00e8ne de s\u00e9r\u00e9nit\u00e9, une cure de tranquillit\u00e9,<br \/>\n<br \/>Dans la tapisserie du temps, une marque \u00e9ternelle,<br \/>\n<br \/>\u00ab\u00a0Pearl in the Mist\u00a0\u00bb, un chef-d&rsquo;\u0153uvre \u00e0 embarquer.<\/p>\n<p>Laissez donc les murmures du pass\u00e9 s&rsquo;exprimer,<br \/>\n<br \/>Dans cette \u0153uvre d&rsquo;art enchanteresse, une histoire in\u00e9dite,<br \/>\n<br \/>Embrassez la beaut\u00e9, l&rsquo;\u00e9l\u00e9gance divine,<br \/>\n<br \/>Et laissez \u00ab\u00a0Pearl in the Mist\u00a0\u00bb briller \u00e0 jamais dans votre c\u0153ur.<\/p>\n","protected":false},"excerpt":{"rendered":"<p>Perle dans la brume, un r\u00eave<\/p>\n","protected":false},"featured_media":7149,"template":"","meta":{"om_disable_all_campaigns":false,"_uag_custom_page_level_css":"","site-sidebar-layout":"default","site-content-layout":"","ast-site-content-layout":"default","site-content-style":"default","site-sidebar-style":"default","ast-global-header-display":"","ast-banner-title-visibility":"","ast-main-header-display":"","ast-hfb-above-header-display":"","ast-hfb-below-header-display":"","ast-hfb-mobile-header-display":"","site-post-title":"","ast-breadcrumbs-content":"","ast-featured-img":"","footer-sml-layout":"","ast-disable-related-posts":"","theme-transparent-header-meta":"default","adv-header-id-meta":"","stick-header-meta":"","header-above-stick-meta":"","header-main-stick-meta":"","header-below-stick-meta":"","astra-migrate-meta-layouts":"default","ast-page-background-enabled":"default","ast-page-background-meta":{"desktop":{"background-color":"var(--ast-global-color-4)","background-image":"","background-repeat":"repeat","background-position":"center center","background-size":"auto","background-attachment":"scroll","background-type":"","background-media":"","overlay-type":"","overlay-color":"","overlay-opacity":"","overlay-gradient":""},"tablet":{"background-color":"","background-image":"","background-repeat":"repeat","background-position":"center center","background-size":"auto","background-attachment":"scroll","background-type":"","background-media":"","overlay-type":"","overlay-color":"","overlay-opacity":"","overlay-gradient":""},"mobile":{"background-color":"","background-image":"","background-repeat":"repeat","background-position":"center center","background-size":"auto","background-attachment":"scroll","background-type":"","background-media":"","overlay-type":"","overlay-color":"","overlay-opacity":"","overlay-gradient":""}},"ast-content-background-meta":{"desktop":{"background-color":"var(--ast-global-color-5)","background-image":"","background-repeat":"repeat","background-position":"center center","background-size":"auto","background-attachment":"scroll","background-type":"","background-media":"","overlay-type":"","overlay-color":"","overlay-opacity":"","overlay-gradient":""},"tablet":{"background-color":"var(--ast-global-color-5)","background-image":"","background-repeat":"repeat","background-position":"center center","background-size":"auto","background-attachment":"scroll","background-type":"","background-media":"","overlay-type":"","overlay-color":"","overlay-opacity":"","overlay-gradient":""},"mobile":{"background-color":"var(--ast-global-color-5)","background-image":"","background-repeat":"repeat","background-position":"center center","background-size":"auto","background-attachment":"scroll","background-type":"","background-media":"","overlay-type":"","overlay-color":"","overlay-opacity":"","overlay-gradient":""}},"iawp_total_views":1},"product_brand":[],"product_cat":[70],"product_tag":[],"class_list":{"0":"post-3023","1":"product","2":"type-product","3":"status-publish","4":"has-post-thumbnail","6":"product_cat-surrealisme-fr","7":"desktop-align-left","8":"tablet-align-left","9":"mobile-align-left","11":"first","12":"instock","13":"shipping-taxable","14":"product-type-external"},"aioseo_notices":[],"uagb_featured_image_src":{"full":["https:\/\/hiveartsstudio.com\/wp-content\/uploads\/2025\/11\/1162117_33607d3fe58b.jpg",600,600,false],"thumbnail":["https:\/\/hiveartsstudio.com\/wp-content\/uploads\/2025\/11\/1162117_33607d3fe58b-150x150.jpg",150,150,true],"medium":["https:\/\/hiveartsstudio.com\/wp-content\/uploads\/2025\/11\/1162117_33607d3fe58b-300x300.jpg",300,300,true],"medium_large":["https:\/\/hiveartsstudio.com\/wp-content\/uploads\/2025\/11\/1162117_33607d3fe58b.jpg",600,600,false],"large":["https:\/\/hiveartsstudio.com\/wp-content\/uploads\/2025\/11\/1162117_33607d3fe58b.jpg",600,600,false],"1536x1536":["https:\/\/hiveartsstudio.com\/wp-content\/uploads\/2025\/11\/1162117_33607d3fe58b.jpg",600,600,false],"2048x2048":["https:\/\/hiveartsstudio.com\/wp-content\/uploads\/2025\/11\/1162117_33607d3fe58b.jpg",600,600,false],"woocommerce_thumbnail":["https:\/\/hiveartsstudio.com\/wp-content\/uploads\/2025\/11\/1162117_33607d3fe58b-300x300.jpg",300,300,true],"woocommerce_single":["https:\/\/hiveartsstudio.com\/wp-content\/uploads\/2025\/11\/1162117_33607d3fe58b.jpg",600,600,false],"woocommerce_gallery_thumbnail":["https:\/\/hiveartsstudio.com\/wp-content\/uploads\/2025\/11\/1162117_33607d3fe58b-100x100.jpg",100,100,true]},"uagb_author_info":{"display_name":"admin","author_link":"https:\/\/hiveartsstudio.com\/fr\/author\/"},"uagb_comment_info":0,"uagb_excerpt":"Perle dans la brume, un r\u00eave","_links":{"self":[{"href":"https:\/\/hiveartsstudio.com\/fr\/wp-json\/wp\/v2\/product\/3023","targetHints":{"allow":["GET"]}}],"collection":[{"href":"https:\/\/hiveartsstudio.com\/fr\/wp-json\/wp\/v2\/product"}],"about":[{"href":"https:\/\/hiveartsstudio.com\/fr\/wp-json\/wp\/v2\/types\/product"}],"version-history":[{"count":5,"href":"https:\/\/hiveartsstudio.com\/fr\/wp-json\/wp\/v2\/product\/3023\/revisions"}],"predecessor-version":[{"id":6401,"href":"https:\/\/hiveartsstudio.com\/fr\/wp-json\/wp\/v2\/product\/3023\/revisions\/6401"}],"wp:featuredmedia":[{"embeddable":true,"href":"https:\/\/hiveartsstudio.com\/fr\/wp-json\/wp\/v2\/media\/7149"}],"wp:attachment":[{"href":"https:\/\/hiveartsstudio.com\/fr\/wp-json\/wp\/v2\/media?parent=3023"}],"wp:term":[{"taxonomy":"product_brand","embeddable":true,"href":"https:\/\/hiveartsstudio.com\/fr\/wp-json\/wp\/v2\/product_brand?post=3023"},{"taxonomy":"product_cat","embeddable":true,"href":"https:\/\/hiveartsstudio.com\/fr\/wp-json\/wp\/v2\/product_cat?post=3023"},{"taxonomy":"product_tag","embeddable":true,"href":"https:\/\/hiveartsstudio.com\/fr\/wp-json\/wp\/v2\/product_tag?post=3023"}],"curies":[{"name":"wp","href":"https:\/\/api.w.org\/{rel}","templated":true}]}}