{"id":3060,"date":"2024-07-12T16:11:06","date_gmt":"2024-07-12T14:11:06","guid":{"rendered":"https:\/\/hiveartsstudio.com\/product\/lever-de-soleil-dans-une-ville-futuriste-vaporwave-retro-futurisme\/"},"modified":"2025-06-02T16:38:14","modified_gmt":"2025-06-02T14:38:14","slug":"lever-de-soleil-dans-une-ville-futuriste-vaporwave-retro-futurisme","status":"publish","type":"product","link":"https:\/\/hiveartsstudio.com\/fr\/produit\/lever-de-soleil-dans-une-ville-futuriste-vaporwave-retro-futurisme\/","title":{"rendered":"Lever de soleil dans une ville futuriste, vaporwave, r\u00e9tro-futurisme"},"content":{"rendered":"<p>Nous vous pr\u00e9sentons \u00ab Lever de soleil dans une ville futuriste, \u00bb une \u0153uvre d&rsquo;art murale extraordinaire qui fusionne l&rsquo;essence captivante du vaporwave avec l&rsquo;attrait du r\u00e9tro-futurisme. Cette \u0153uvre d&rsquo;art enchanteresse est con\u00e7ue pour vous transporter dans un monde o\u00f9 la nostalgie rencontre l&rsquo;innovation, ce qui en fait un excellent compl\u00e9ment \u00e0 tout espace de vie contemporain ou \u00e0 toute retraite personnelle.<\/p>\n<p>Notre pi\u00e8ce \u00ab\u00a0Sunrise in Futuristic City\u00a0\u00bb pr\u00e9sente une palette de couleurs vaporwave classique, avec un m\u00e9lange harmonieux de roses et de bleus qui rappellent les ann\u00e9es 80 et 90. Le paysage urbain \u00e9blouissant prend vie lorsque le soleil se l\u00e8ve, jetant une lueur chaude et invitante sur la ligne d&rsquo;horizon futuriste. Cette combinaison unique d&rsquo;\u00e9l\u00e9ments cr\u00e9e une exp\u00e9rience visuelle \u00e0 la fois apaisante et vivifiante, parfaite pour susciter la conversation et inspirer la cr\u00e9ativit\u00e9.<\/p>\n<p>Id\u00e9al pour ceux qui appr\u00e9cient le charme d&rsquo;antan et la promesse de demain, cet art mural r\u00e9trofuturiste sert de rappel nostalgique du pass\u00e9 tout en encourageant un \u00e9tat d&rsquo;esprit tourn\u00e9 vers l&rsquo;avenir. C&rsquo;est le moyen id\u00e9al d&rsquo;insuffler \u00e0 votre chambre une touche de nostalgie des ann\u00e9es 80-90 tout en la gardant fra\u00eeche et moderne.<\/p>\n<p>\u00c9levez votre espace de vie ou votre bureau avec \u00ab\u00a0Sunrise in Futuristic City\u00a0\u00bb, une \u0153uvre d&rsquo;art hypnotique qui m\u00eale harmonieusement le familier et l&rsquo;imaginatif. Laissez-vous emporter par l&rsquo;ambiance de r\u00eave qu&rsquo;elle cr\u00e9e et laissez votre esprit vagabonder dans les rues de cette m\u00e9tropole futuriste, tout en vous rem\u00e9morant les jours pass\u00e9s et en imaginant les possibilit\u00e9s de l&rsquo;avenir.<\/p>\n","protected":false},"excerpt":{"rendered":"<p>Lever de soleil dans une ville futuriste, vaporwave, r\u00e9tro-futurisme<\/p>\n","protected":false},"featured_media":7249,"template":"","meta":{"om_disable_all_campaigns":false,"_uag_custom_page_level_css":"","site-sidebar-layout":"default","site-content-layout":"","ast-site-content-layout":"default","site-content-style":"default","site-sidebar-style":"default","ast-global-header-display":"","ast-banner-title-visibility":"","ast-main-header-display":"","ast-hfb-above-header-display":"","ast-hfb-below-header-display":"","ast-hfb-mobile-header-display":"","site-post-title":"","ast-breadcrumbs-content":"","ast-featured-img":"","footer-sml-layout":"","ast-disable-related-posts":"","theme-transparent-header-meta":"default","adv-header-id-meta":"","stick-header-meta":"","header-above-stick-meta":"","header-main-stick-meta":"","header-below-stick-meta":"","astra-migrate-meta-layouts":"default","ast-page-background-enabled":"default","ast-page-background-meta":{"desktop":{"background-color":"var(--ast-global-color-4)","background-image":"","background-repeat":"repeat","background-position":"center center","background-size":"auto","background-attachment":"scroll","background-type":"","background-media":"","overlay-type":"","overlay-color":"","overlay-opacity":"","overlay-gradient":""},"tablet":{"background-color":"","background-image":"","background-repeat":"repeat","background-position":"center center","background-size":"auto","background-attachment":"scroll","background-type":"","background-media":"","overlay-type":"","overlay-color":"","overlay-opacity":"","overlay-gradient":""},"mobile":{"background-color":"","background-image":"","background-repeat":"repeat","background-position":"center center","background-size":"auto","background-attachment":"scroll","background-type":"","background-media":"","overlay-type":"","overlay-color":"","overlay-opacity":"","overlay-gradient":""}},"ast-content-background-meta":{"desktop":{"background-color":"var(--ast-global-color-5)","background-image":"","background-repeat":"repeat","background-position":"center center","background-size":"auto","background-attachment":"scroll","background-type":"","background-media":"","overlay-type":"","overlay-color":"","overlay-opacity":"","overlay-gradient":""},"tablet":{"background-color":"var(--ast-global-color-5)","background-image":"","background-repeat":"repeat","background-position":"center center","background-size":"auto","background-attachment":"scroll","background-type":"","background-media":"","overlay-type":"","overlay-color":"","overlay-opacity":"","overlay-gradient":""},"mobile":{"background-color":"var(--ast-global-color-5)","background-image":"","background-repeat":"repeat","background-position":"center center","background-size":"auto","background-attachment":"scroll","background-type":"","background-media":"","overlay-type":"","overlay-color":"","overlay-opacity":"","overlay-gradient":""}},"iawp_total_views":2},"product_brand":[],"product_cat":[77],"product_tag":[],"class_list":{"0":"post-3060","1":"product","2":"type-product","3":"status-publish","4":"has-post-thumbnail","6":"product_cat-vaporwave-fr","7":"desktop-align-left","8":"tablet-align-left","9":"mobile-align-left","11":"first","12":"instock","13":"shipping-taxable","14":"product-type-external"},"aioseo_notices":[],"uagb_featured_image_src":{"full":["https:\/\/hiveartsstudio.com\/wp-content\/uploads\/2025\/11\/1162512_c22a5c9c452c.jpg",817,545,false],"thumbnail":["https:\/\/hiveartsstudio.com\/wp-content\/uploads\/2025\/11\/1162512_c22a5c9c452c-150x150.jpg",150,150,true],"medium":["https:\/\/hiveartsstudio.com\/wp-content\/uploads\/2025\/11\/1162512_c22a5c9c452c-300x200.jpg",300,200,true],"medium_large":["https:\/\/hiveartsstudio.com\/wp-content\/uploads\/2025\/11\/1162512_c22a5c9c452c-768x512.jpg",768,512,true],"large":["https:\/\/hiveartsstudio.com\/wp-content\/uploads\/2025\/11\/1162512_c22a5c9c452c.jpg",817,545,false],"1536x1536":["https:\/\/hiveartsstudio.com\/wp-content\/uploads\/2025\/11\/1162512_c22a5c9c452c.jpg",817,545,false],"2048x2048":["https:\/\/hiveartsstudio.com\/wp-content\/uploads\/2025\/11\/1162512_c22a5c9c452c.jpg",817,545,false],"woocommerce_thumbnail":["https:\/\/hiveartsstudio.com\/wp-content\/uploads\/2025\/11\/1162512_c22a5c9c452c-300x200.jpg",300,200,true],"woocommerce_single":["https:\/\/hiveartsstudio.com\/wp-content\/uploads\/2025\/11\/1162512_c22a5c9c452c-600x400.jpg",600,400,true],"woocommerce_gallery_thumbnail":["https:\/\/hiveartsstudio.com\/wp-content\/uploads\/2025\/11\/1162512_c22a5c9c452c-100x100.jpg",100,100,true]},"uagb_author_info":{"display_name":"admin","author_link":"https:\/\/hiveartsstudio.com\/fr\/author\/"},"uagb_comment_info":0,"uagb_excerpt":"Lever de soleil dans une ville futuriste, vaporwave, r\u00e9tro-futurisme","_links":{"self":[{"href":"https:\/\/hiveartsstudio.com\/fr\/wp-json\/wp\/v2\/product\/3060","targetHints":{"allow":["GET"]}}],"collection":[{"href":"https:\/\/hiveartsstudio.com\/fr\/wp-json\/wp\/v2\/product"}],"about":[{"href":"https:\/\/hiveartsstudio.com\/fr\/wp-json\/wp\/v2\/types\/product"}],"version-history":[{"count":5,"href":"https:\/\/hiveartsstudio.com\/fr\/wp-json\/wp\/v2\/product\/3060\/revisions"}],"predecessor-version":[{"id":6416,"href":"https:\/\/hiveartsstudio.com\/fr\/wp-json\/wp\/v2\/product\/3060\/revisions\/6416"}],"wp:featuredmedia":[{"embeddable":true,"href":"https:\/\/hiveartsstudio.com\/fr\/wp-json\/wp\/v2\/media\/7249"}],"wp:attachment":[{"href":"https:\/\/hiveartsstudio.com\/fr\/wp-json\/wp\/v2\/media?parent=3060"}],"wp:term":[{"taxonomy":"product_brand","embeddable":true,"href":"https:\/\/hiveartsstudio.com\/fr\/wp-json\/wp\/v2\/product_brand?post=3060"},{"taxonomy":"product_cat","embeddable":true,"href":"https:\/\/hiveartsstudio.com\/fr\/wp-json\/wp\/v2\/product_cat?post=3060"},{"taxonomy":"product_tag","embeddable":true,"href":"https:\/\/hiveartsstudio.com\/fr\/wp-json\/wp\/v2\/product_tag?post=3060"}],"curies":[{"name":"wp","href":"https:\/\/api.w.org\/{rel}","templated":true}]}}