{"id":3085,"date":"2024-07-12T16:11:04","date_gmt":"2024-07-12T14:11:04","guid":{"rendered":"https:\/\/hiveartsstudio.com\/product\/la-vitesse-de-la-lumiere-la-dilatation-du-temps-labstrait\/"},"modified":"2025-06-02T16:38:16","modified_gmt":"2025-06-02T14:38:16","slug":"la-vitesse-de-la-lumiere-la-dilatation-du-temps-labstrait","status":"publish","type":"product","link":"https:\/\/hiveartsstudio.com\/fr\/produit\/la-vitesse-de-la-lumiere-la-dilatation-du-temps-labstrait\/","title":{"rendered":"La vitesse de la lumi\u00e8re, la dilatation du temps, l&rsquo;abstrait"},"content":{"rendered":"<p>Plongez-vous dans l&rsquo;univers enchanteur de \u00ab The Lightspeed, Time Dilation, \u00bb une \u0153uvre d&rsquo;art murale abstraite captivante qui exprime visuellement la sensation du temps se d\u00e9pla\u00e7ant \u00e0 la vitesse de la lumi\u00e8re. Utilisant magistralement les techniques du clair-obscur, cette \u0153uvre d&rsquo;art pr\u00e9sente un m\u00e9lange harmonieux d&rsquo;ombre et de lumi\u00e8re pour cr\u00e9er une sensation s\u00e9duisante de profondeur et de volume. Parfaite pour engager la conversation, elle ajoutera une touche contemporaine \u00e0 votre int\u00e9rieur ou \u00e0 votre bureau.<\/p>\n<p>Laissez-vous emporter par cette pi\u00e8ce envo\u00fbtante, o\u00f9 le temps semble ralentir, vous permettant de savourer chaque moment magnifique. Avec son attrait visuel frappant, \u00ab\u00a0The Lightspeed, Time Dilation\u00a0\u00bb est s\u00fbr d&rsquo;attirer l&rsquo;attention et de devenir un point focal dans n&rsquo;importe quel espace. Adoptez l&rsquo;allure captivante de cette \u0153uvre d&rsquo;art unique et transformez votre environnement gr\u00e2ce \u00e0 son charme intemporel.<\/p>\n<p>\u00c9levez votre espace mural et transportez-vous dans un royaume o\u00f9 le temps et la lumi\u00e8re se rejoignent. D\u00e9couvrez d\u00e8s aujourd&rsquo;hui la magie et l&rsquo;\u00e9merveillement de \u00ab\u00a0The Lightspeed, Time Dilation\u00a0\u00bb, et laissez-le vous rappeler constamment d&rsquo;appr\u00e9cier la beaut\u00e9 de chaque instant fugace.<\/p>\n","protected":false},"excerpt":{"rendered":"<p>La vitesse de la lumi\u00e8re, la dilatation du temps, l&rsquo;abstrait<\/p>\n","protected":false},"featured_media":7263,"template":"","meta":{"om_disable_all_campaigns":false,"_uag_custom_page_level_css":"","site-sidebar-layout":"default","site-content-layout":"","ast-site-content-layout":"default","site-content-style":"default","site-sidebar-style":"default","ast-global-header-display":"","ast-banner-title-visibility":"","ast-main-header-display":"","ast-hfb-above-header-display":"","ast-hfb-below-header-display":"","ast-hfb-mobile-header-display":"","site-post-title":"","ast-breadcrumbs-content":"","ast-featured-img":"","footer-sml-layout":"","ast-disable-related-posts":"","theme-transparent-header-meta":"default","adv-header-id-meta":"","stick-header-meta":"","header-above-stick-meta":"","header-main-stick-meta":"","header-below-stick-meta":"","astra-migrate-meta-layouts":"default","ast-page-background-enabled":"default","ast-page-background-meta":{"desktop":{"background-color":"var(--ast-global-color-4)","background-image":"","background-repeat":"repeat","background-position":"center center","background-size":"auto","background-attachment":"scroll","background-type":"","background-media":"","overlay-type":"","overlay-color":"","overlay-opacity":"","overlay-gradient":""},"tablet":{"background-color":"","background-image":"","background-repeat":"repeat","background-position":"center center","background-size":"auto","background-attachment":"scroll","background-type":"","background-media":"","overlay-type":"","overlay-color":"","overlay-opacity":"","overlay-gradient":""},"mobile":{"background-color":"","background-image":"","background-repeat":"repeat","background-position":"center center","background-size":"auto","background-attachment":"scroll","background-type":"","background-media":"","overlay-type":"","overlay-color":"","overlay-opacity":"","overlay-gradient":""}},"ast-content-background-meta":{"desktop":{"background-color":"var(--ast-global-color-5)","background-image":"","background-repeat":"repeat","background-position":"center center","background-size":"auto","background-attachment":"scroll","background-type":"","background-media":"","overlay-type":"","overlay-color":"","overlay-opacity":"","overlay-gradient":""},"tablet":{"background-color":"var(--ast-global-color-5)","background-image":"","background-repeat":"repeat","background-position":"center center","background-size":"auto","background-attachment":"scroll","background-type":"","background-media":"","overlay-type":"","overlay-color":"","overlay-opacity":"","overlay-gradient":""},"mobile":{"background-color":"var(--ast-global-color-5)","background-image":"","background-repeat":"repeat","background-position":"center center","background-size":"auto","background-attachment":"scroll","background-type":"","background-media":"","overlay-type":"","overlay-color":"","overlay-opacity":"","overlay-gradient":""}},"iawp_total_views":2},"product_brand":[],"product_cat":[75],"product_tag":[],"class_list":{"0":"post-3085","1":"product","2":"type-product","3":"status-publish","4":"has-post-thumbnail","6":"product_cat-abstrait","7":"desktop-align-left","8":"tablet-align-left","9":"mobile-align-left","11":"first","12":"instock","13":"shipping-taxable","14":"product-type-external"},"aioseo_notices":[],"uagb_featured_image_src":{"full":["https:\/\/hiveartsstudio.com\/wp-content\/uploads\/2025\/11\/1162770_ff06b5c2e5db.jpg",400,600,false],"thumbnail":["https:\/\/hiveartsstudio.com\/wp-content\/uploads\/2025\/11\/1162770_ff06b5c2e5db-150x150.jpg",150,150,true],"medium":["https:\/\/hiveartsstudio.com\/wp-content\/uploads\/2025\/11\/1162770_ff06b5c2e5db-200x300.jpg",200,300,true],"medium_large":["https:\/\/hiveartsstudio.com\/wp-content\/uploads\/2025\/11\/1162770_ff06b5c2e5db.jpg",400,600,false],"large":["https:\/\/hiveartsstudio.com\/wp-content\/uploads\/2025\/11\/1162770_ff06b5c2e5db.jpg",400,600,false],"1536x1536":["https:\/\/hiveartsstudio.com\/wp-content\/uploads\/2025\/11\/1162770_ff06b5c2e5db.jpg",400,600,false],"2048x2048":["https:\/\/hiveartsstudio.com\/wp-content\/uploads\/2025\/11\/1162770_ff06b5c2e5db.jpg",400,600,false],"woocommerce_thumbnail":["https:\/\/hiveartsstudio.com\/wp-content\/uploads\/2025\/11\/1162770_ff06b5c2e5db-300x450.jpg",300,450,true],"woocommerce_single":["https:\/\/hiveartsstudio.com\/wp-content\/uploads\/2025\/11\/1162770_ff06b5c2e5db.jpg",400,600,false],"woocommerce_gallery_thumbnail":["https:\/\/hiveartsstudio.com\/wp-content\/uploads\/2025\/11\/1162770_ff06b5c2e5db-100x100.jpg",100,100,true]},"uagb_author_info":{"display_name":"admin","author_link":"https:\/\/hiveartsstudio.com\/fr\/author\/"},"uagb_comment_info":0,"uagb_excerpt":"La vitesse de la lumi\u00e8re, la dilatation du temps, l'abstrait","_links":{"self":[{"href":"https:\/\/hiveartsstudio.com\/fr\/wp-json\/wp\/v2\/product\/3085","targetHints":{"allow":["GET"]}}],"collection":[{"href":"https:\/\/hiveartsstudio.com\/fr\/wp-json\/wp\/v2\/product"}],"about":[{"href":"https:\/\/hiveartsstudio.com\/fr\/wp-json\/wp\/v2\/types\/product"}],"version-history":[{"count":5,"href":"https:\/\/hiveartsstudio.com\/fr\/wp-json\/wp\/v2\/product\/3085\/revisions"}],"predecessor-version":[{"id":6419,"href":"https:\/\/hiveartsstudio.com\/fr\/wp-json\/wp\/v2\/product\/3085\/revisions\/6419"}],"wp:featuredmedia":[{"embeddable":true,"href":"https:\/\/hiveartsstudio.com\/fr\/wp-json\/wp\/v2\/media\/7263"}],"wp:attachment":[{"href":"https:\/\/hiveartsstudio.com\/fr\/wp-json\/wp\/v2\/media?parent=3085"}],"wp:term":[{"taxonomy":"product_brand","embeddable":true,"href":"https:\/\/hiveartsstudio.com\/fr\/wp-json\/wp\/v2\/product_brand?post=3085"},{"taxonomy":"product_cat","embeddable":true,"href":"https:\/\/hiveartsstudio.com\/fr\/wp-json\/wp\/v2\/product_cat?post=3085"},{"taxonomy":"product_tag","embeddable":true,"href":"https:\/\/hiveartsstudio.com\/fr\/wp-json\/wp\/v2\/product_tag?post=3085"}],"curies":[{"name":"wp","href":"https:\/\/api.w.org\/{rel}","templated":true}]}}