{"id":3121,"date":"2024-07-12T16:10:57","date_gmt":"2024-07-12T14:10:57","guid":{"rendered":"https:\/\/hiveartsstudio.com\/product\/dissolution-numerique\/"},"modified":"2025-06-02T16:35:46","modified_gmt":"2025-06-02T14:35:46","slug":"dissolution-numerique","status":"publish","type":"product","link":"https:\/\/hiveartsstudio.com\/fr\/produit\/dissolution-numerique\/","title":{"rendered":"Dissolution num\u00e9rique"},"content":{"rendered":"<p>Nous vous pr\u00e9sentons \u00ab Dissolution Num\u00e9rique, \u00bb une exp\u00e9rience visuelle captivante et surr\u00e9aliste qui vous transporte dans un autre univers. Cette pi\u00e8ce pr\u00e9sente une femme immerg\u00e9e dans un monde num\u00e9rique vert et noir saisissant, alors que son identit\u00e9 se dissout de mani\u00e8re transparente dans un code virtuel enchanteur. Le style glitchcore unique ajoute de la profondeur et de l&rsquo;intrigue \u00e0 cette \u0153uvre d&rsquo;art. \u00ab\u00a0Digital Dissolution\u00a0\u00bb est une pi\u00e8ce incontournable pour ceux qui appr\u00e9cient le m\u00e9lange de l&rsquo;exp\u00e9rience humaine et du monde num\u00e9rique, cr\u00e9ant un \u00e9quilibre s\u00e9duisant de myst\u00e8re et de beaut\u00e9. Avec sa r\u00e9solution ultra-haute d\u00e9finition, cette pi\u00e8ce promet de faire sensation dans n&rsquo;importe quel espace, car elle repousse les limites de l&rsquo;art et de l&rsquo;imagination.<\/p>\n","protected":false},"excerpt":{"rendered":"<p>Dissolution num\u00e9rique<\/p>\n","protected":false},"featured_media":7399,"template":"","meta":{"om_disable_all_campaigns":false,"_uag_custom_page_level_css":"","site-sidebar-layout":"default","site-content-layout":"","ast-site-content-layout":"default","site-content-style":"default","site-sidebar-style":"default","ast-global-header-display":"","ast-banner-title-visibility":"","ast-main-header-display":"","ast-hfb-above-header-display":"","ast-hfb-below-header-display":"","ast-hfb-mobile-header-display":"","site-post-title":"","ast-breadcrumbs-content":"","ast-featured-img":"","footer-sml-layout":"","ast-disable-related-posts":"","theme-transparent-header-meta":"default","adv-header-id-meta":"","stick-header-meta":"","header-above-stick-meta":"","header-main-stick-meta":"","header-below-stick-meta":"","astra-migrate-meta-layouts":"default","ast-page-background-enabled":"default","ast-page-background-meta":{"desktop":{"background-color":"var(--ast-global-color-4)","background-image":"","background-repeat":"repeat","background-position":"center center","background-size":"auto","background-attachment":"scroll","background-type":"","background-media":"","overlay-type":"","overlay-color":"","overlay-opacity":"","overlay-gradient":""},"tablet":{"background-color":"","background-image":"","background-repeat":"repeat","background-position":"center center","background-size":"auto","background-attachment":"scroll","background-type":"","background-media":"","overlay-type":"","overlay-color":"","overlay-opacity":"","overlay-gradient":""},"mobile":{"background-color":"","background-image":"","background-repeat":"repeat","background-position":"center center","background-size":"auto","background-attachment":"scroll","background-type":"","background-media":"","overlay-type":"","overlay-color":"","overlay-opacity":"","overlay-gradient":""}},"ast-content-background-meta":{"desktop":{"background-color":"var(--ast-global-color-5)","background-image":"","background-repeat":"repeat","background-position":"center center","background-size":"auto","background-attachment":"scroll","background-type":"","background-media":"","overlay-type":"","overlay-color":"","overlay-opacity":"","overlay-gradient":""},"tablet":{"background-color":"var(--ast-global-color-5)","background-image":"","background-repeat":"repeat","background-position":"center center","background-size":"auto","background-attachment":"scroll","background-type":"","background-media":"","overlay-type":"","overlay-color":"","overlay-opacity":"","overlay-gradient":""},"mobile":{"background-color":"var(--ast-global-color-5)","background-image":"","background-repeat":"repeat","background-position":"center center","background-size":"auto","background-attachment":"scroll","background-type":"","background-media":"","overlay-type":"","overlay-color":"","overlay-opacity":"","overlay-gradient":""}},"iawp_total_views":0},"product_brand":[],"product_cat":[70],"product_tag":[],"class_list":{"0":"post-3121","1":"product","2":"type-product","3":"status-publish","4":"has-post-thumbnail","6":"product_cat-surrealisme-fr","7":"desktop-align-left","8":"tablet-align-left","9":"mobile-align-left","11":"first","12":"instock","13":"shipping-taxable","14":"product-type-external"},"aioseo_notices":[],"uagb_featured_image_src":{"full":["https:\/\/hiveartsstudio.com\/wp-content\/uploads\/2025\/12\/1169044_48a83b5643fe.jpg",400,600,false],"thumbnail":["https:\/\/hiveartsstudio.com\/wp-content\/uploads\/2025\/12\/1169044_48a83b5643fe-150x150.jpg",150,150,true],"medium":["https:\/\/hiveartsstudio.com\/wp-content\/uploads\/2025\/12\/1169044_48a83b5643fe-200x300.jpg",200,300,true],"medium_large":["https:\/\/hiveartsstudio.com\/wp-content\/uploads\/2025\/12\/1169044_48a83b5643fe.jpg",400,600,false],"large":["https:\/\/hiveartsstudio.com\/wp-content\/uploads\/2025\/12\/1169044_48a83b5643fe.jpg",400,600,false],"1536x1536":["https:\/\/hiveartsstudio.com\/wp-content\/uploads\/2025\/12\/1169044_48a83b5643fe.jpg",400,600,false],"2048x2048":["https:\/\/hiveartsstudio.com\/wp-content\/uploads\/2025\/12\/1169044_48a83b5643fe.jpg",400,600,false],"woocommerce_thumbnail":["https:\/\/hiveartsstudio.com\/wp-content\/uploads\/2025\/12\/1169044_48a83b5643fe-300x450.jpg",300,450,true],"woocommerce_single":["https:\/\/hiveartsstudio.com\/wp-content\/uploads\/2025\/12\/1169044_48a83b5643fe.jpg",400,600,false],"woocommerce_gallery_thumbnail":["https:\/\/hiveartsstudio.com\/wp-content\/uploads\/2025\/12\/1169044_48a83b5643fe-100x100.jpg",100,100,true]},"uagb_author_info":{"display_name":"admin","author_link":"https:\/\/hiveartsstudio.com\/fr\/author\/"},"uagb_comment_info":0,"uagb_excerpt":"Dissolution num\u00e9rique","_links":{"self":[{"href":"https:\/\/hiveartsstudio.com\/fr\/wp-json\/wp\/v2\/product\/3121","targetHints":{"allow":["GET"]}}],"collection":[{"href":"https:\/\/hiveartsstudio.com\/fr\/wp-json\/wp\/v2\/product"}],"about":[{"href":"https:\/\/hiveartsstudio.com\/fr\/wp-json\/wp\/v2\/types\/product"}],"version-history":[{"count":2,"href":"https:\/\/hiveartsstudio.com\/fr\/wp-json\/wp\/v2\/product\/3121\/revisions"}],"predecessor-version":[{"id":6370,"href":"https:\/\/hiveartsstudio.com\/fr\/wp-json\/wp\/v2\/product\/3121\/revisions\/6370"}],"wp:featuredmedia":[{"embeddable":true,"href":"https:\/\/hiveartsstudio.com\/fr\/wp-json\/wp\/v2\/media\/7399"}],"wp:attachment":[{"href":"https:\/\/hiveartsstudio.com\/fr\/wp-json\/wp\/v2\/media?parent=3121"}],"wp:term":[{"taxonomy":"product_brand","embeddable":true,"href":"https:\/\/hiveartsstudio.com\/fr\/wp-json\/wp\/v2\/product_brand?post=3121"},{"taxonomy":"product_cat","embeddable":true,"href":"https:\/\/hiveartsstudio.com\/fr\/wp-json\/wp\/v2\/product_cat?post=3121"},{"taxonomy":"product_tag","embeddable":true,"href":"https:\/\/hiveartsstudio.com\/fr\/wp-json\/wp\/v2\/product_tag?post=3121"}],"curies":[{"name":"wp","href":"https:\/\/api.w.org\/{rel}","templated":true}]}}