{"id":3125,"date":"2024-07-12T16:10:55","date_gmt":"2024-07-12T14:10:55","guid":{"rendered":"https:\/\/hiveartsstudio.com\/product\/lemissaire-interstellaire-de-labstrait-a-la-realite\/"},"modified":"2025-06-02T16:35:19","modified_gmt":"2025-06-02T14:35:19","slug":"lemissaire-interstellaire-de-labstrait-a-la-realite","status":"publish","type":"product","link":"https:\/\/hiveartsstudio.com\/fr\/produit\/lemissaire-interstellaire-de-labstrait-a-la-realite\/","title":{"rendered":"L&rsquo;\u00e9missaire interstellaire : De l&rsquo;abstrait \u00e0 la r\u00e9alit\u00e9"},"content":{"rendered":"<p>D\u00e9couvrez le charme de l&rsquo;inconnu avec notre \u0153uvre d&rsquo;art \u00ab \u00c9missaire Interstellaire : De l&rsquo;Abstrait \u00e0 la R\u00e9alit\u00e9 \u00bb. Cette impression num\u00e9rique utilise une palette de couleurs vaporwave audacieuse, contrastant de mani\u00e8re spectaculaire avec un fond sombre, cr\u00e9ant une atmosph\u00e8re immersive qui attire l&rsquo;attention. La narration visuelle se d\u00e9ploie \u00e0 partir de lignes abstraites qui se transforment en une image photor\u00e9aliste d&rsquo;une femme portant un casque futuriste, symbole de la force et de l&rsquo;exploration f\u00e9minines.<\/p>\n<p>Cette pi\u00e8ce captivante apporte un go\u00fbt de futur \u00e0 tout espace, avec sa combinaison intrigante de turquoise fonc\u00e9 et de rouge clair. Un choix parfait pour les bureaux, les salons, les salles d&rsquo;\u00e9tude ou tout autre endroit qui a besoin d&rsquo;une touche de science-fiction chic. Ses \u00e9l\u00e9ments n\u00e9onores frappants en font \u00e9galement un compl\u00e9ment int\u00e9ressant pour une salle de jeu ou une chambre \u00e0 coucher moderne et minimaliste.<\/p>\n<p>La r\u00e9solution ultra-haute de la pi\u00e8ce garantit les d\u00e9tails les plus nets, tandis que son portrait d\u00e9taill\u00e9 et ses lignes complexes suscitent la contemplation et l&rsquo;admiration. Poss\u00e9dez l'\u00a0\u00bb\u00c9missaire interstellaire : De l&rsquo;abstrait \u00e0 la r\u00e9alit\u00e9\u00a0\u00bb et laissez vos murs raconter une histoire d&rsquo;\u00e9l\u00e9gance et de mysticisme d&rsquo;un autre monde.<\/p>\n","protected":false},"excerpt":{"rendered":"<p>L&rsquo;\u00e9missaire interstellaire : De l&rsquo;abstrait \u00e0 la r\u00e9alit\u00e9<\/p>\n","protected":false},"featured_media":7047,"template":"","meta":{"om_disable_all_campaigns":false,"_uag_custom_page_level_css":"","site-sidebar-layout":"default","site-content-layout":"","ast-site-content-layout":"default","site-content-style":"default","site-sidebar-style":"default","ast-global-header-display":"","ast-banner-title-visibility":"","ast-main-header-display":"","ast-hfb-above-header-display":"","ast-hfb-below-header-display":"","ast-hfb-mobile-header-display":"","site-post-title":"","ast-breadcrumbs-content":"","ast-featured-img":"","footer-sml-layout":"","ast-disable-related-posts":"","theme-transparent-header-meta":"default","adv-header-id-meta":"","stick-header-meta":"","header-above-stick-meta":"","header-main-stick-meta":"","header-below-stick-meta":"","astra-migrate-meta-layouts":"default","ast-page-background-enabled":"default","ast-page-background-meta":{"desktop":{"background-color":"var(--ast-global-color-4)","background-image":"","background-repeat":"repeat","background-position":"center center","background-size":"auto","background-attachment":"scroll","background-type":"","background-media":"","overlay-type":"","overlay-color":"","overlay-opacity":"","overlay-gradient":""},"tablet":{"background-color":"","background-image":"","background-repeat":"repeat","background-position":"center center","background-size":"auto","background-attachment":"scroll","background-type":"","background-media":"","overlay-type":"","overlay-color":"","overlay-opacity":"","overlay-gradient":""},"mobile":{"background-color":"","background-image":"","background-repeat":"repeat","background-position":"center center","background-size":"auto","background-attachment":"scroll","background-type":"","background-media":"","overlay-type":"","overlay-color":"","overlay-opacity":"","overlay-gradient":""}},"ast-content-background-meta":{"desktop":{"background-color":"var(--ast-global-color-5)","background-image":"","background-repeat":"repeat","background-position":"center center","background-size":"auto","background-attachment":"scroll","background-type":"","background-media":"","overlay-type":"","overlay-color":"","overlay-opacity":"","overlay-gradient":""},"tablet":{"background-color":"var(--ast-global-color-5)","background-image":"","background-repeat":"repeat","background-position":"center center","background-size":"auto","background-attachment":"scroll","background-type":"","background-media":"","overlay-type":"","overlay-color":"","overlay-opacity":"","overlay-gradient":""},"mobile":{"background-color":"var(--ast-global-color-5)","background-image":"","background-repeat":"repeat","background-position":"center center","background-size":"auto","background-attachment":"scroll","background-type":"","background-media":"","overlay-type":"","overlay-color":"","overlay-opacity":"","overlay-gradient":""}},"iawp_total_views":0},"product_brand":[],"product_cat":[70,77],"product_tag":[],"class_list":{"0":"post-3125","1":"product","2":"type-product","3":"status-publish","4":"has-post-thumbnail","6":"product_cat-surrealisme-fr","7":"product_cat-vaporwave-fr","8":"desktop-align-left","9":"tablet-align-left","10":"mobile-align-left","12":"first","13":"instock","14":"shipping-taxable","15":"product-type-external"},"aioseo_notices":[],"uagb_featured_image_src":{"full":["https:\/\/hiveartsstudio.com\/wp-content\/uploads\/2025\/11\/1185185_1add30064432.jpg",400,600,false],"thumbnail":["https:\/\/hiveartsstudio.com\/wp-content\/uploads\/2025\/11\/1185185_1add30064432-150x150.jpg",150,150,true],"medium":["https:\/\/hiveartsstudio.com\/wp-content\/uploads\/2025\/11\/1185185_1add30064432-200x300.jpg",200,300,true],"medium_large":["https:\/\/hiveartsstudio.com\/wp-content\/uploads\/2025\/11\/1185185_1add30064432.jpg",400,600,false],"large":["https:\/\/hiveartsstudio.com\/wp-content\/uploads\/2025\/11\/1185185_1add30064432.jpg",400,600,false],"1536x1536":["https:\/\/hiveartsstudio.com\/wp-content\/uploads\/2025\/11\/1185185_1add30064432.jpg",400,600,false],"2048x2048":["https:\/\/hiveartsstudio.com\/wp-content\/uploads\/2025\/11\/1185185_1add30064432.jpg",400,600,false],"woocommerce_thumbnail":["https:\/\/hiveartsstudio.com\/wp-content\/uploads\/2025\/11\/1185185_1add30064432-300x450.jpg",300,450,true],"woocommerce_single":["https:\/\/hiveartsstudio.com\/wp-content\/uploads\/2025\/11\/1185185_1add30064432.jpg",400,600,false],"woocommerce_gallery_thumbnail":["https:\/\/hiveartsstudio.com\/wp-content\/uploads\/2025\/11\/1185185_1add30064432-100x100.jpg",100,100,true]},"uagb_author_info":{"display_name":"admin","author_link":"https:\/\/hiveartsstudio.com\/fr\/author\/"},"uagb_comment_info":0,"uagb_excerpt":"L'\u00e9missaire interstellaire : De l'abstrait \u00e0 la r\u00e9alit\u00e9","_links":{"self":[{"href":"https:\/\/hiveartsstudio.com\/fr\/wp-json\/wp\/v2\/product\/3125","targetHints":{"allow":["GET"]}}],"collection":[{"href":"https:\/\/hiveartsstudio.com\/fr\/wp-json\/wp\/v2\/product"}],"about":[{"href":"https:\/\/hiveartsstudio.com\/fr\/wp-json\/wp\/v2\/types\/product"}],"version-history":[{"count":5,"href":"https:\/\/hiveartsstudio.com\/fr\/wp-json\/wp\/v2\/product\/3125\/revisions"}],"predecessor-version":[{"id":6352,"href":"https:\/\/hiveartsstudio.com\/fr\/wp-json\/wp\/v2\/product\/3125\/revisions\/6352"}],"wp:featuredmedia":[{"embeddable":true,"href":"https:\/\/hiveartsstudio.com\/fr\/wp-json\/wp\/v2\/media\/7047"}],"wp:attachment":[{"href":"https:\/\/hiveartsstudio.com\/fr\/wp-json\/wp\/v2\/media?parent=3125"}],"wp:term":[{"taxonomy":"product_brand","embeddable":true,"href":"https:\/\/hiveartsstudio.com\/fr\/wp-json\/wp\/v2\/product_brand?post=3125"},{"taxonomy":"product_cat","embeddable":true,"href":"https:\/\/hiveartsstudio.com\/fr\/wp-json\/wp\/v2\/product_cat?post=3125"},{"taxonomy":"product_tag","embeddable":true,"href":"https:\/\/hiveartsstudio.com\/fr\/wp-json\/wp\/v2\/product_tag?post=3125"}],"curies":[{"name":"wp","href":"https:\/\/api.w.org\/{rel}","templated":true}]}}