{"id":3130,"date":"2024-07-12T16:10:53","date_gmt":"2024-07-12T14:10:53","guid":{"rendered":"https:\/\/hiveartsstudio.com\/product\/fashion-avant-garde-golden-wedding-dress\/"},"modified":"2025-06-02T16:38:25","modified_gmt":"2025-06-02T14:38:25","slug":"fashion-avant-garde-golden-wedding-dress","status":"publish","type":"product","link":"https:\/\/hiveartsstudio.com\/fr\/produit\/fashion-avant-garde-golden-wedding-dress\/","title":{"rendered":"Fashion, Avant Garde, Golden Wedding Dress"},"content":{"rendered":"<p>Nous vous pr\u00e9sentons \u00ab Fashion, Avant Garde, Golden Wedding Dress, \u00bb une impression d&rsquo;art num\u00e9rique exceptionnelle qui exhale sophistication et opulence, parfaitement con\u00e7ue pour rehausser l&rsquo;attrait esth\u00e9tique de tout espace de vie. Cette pi\u00e8ce unique pr\u00e9sente le portrait captivant d&rsquo;une femme \u00e9blouissante, v\u00eatue d&rsquo;une robe de mari\u00e9e noire et dor\u00e9e, qui incarne l&rsquo;essence de la mode d&rsquo;avant-garde.<\/p>\n<p>L&rsquo;image hypnotique se d\u00e9tache sur un fond sombre et myst\u00e9rieux, ce qui en fait un ajout saisissant \u00e0 n&rsquo;importe quelle pi\u00e8ce. Sa palette de couleurs riches et somptueuses et ses d\u00e9tails exquis font de cette \u0153uvre d&rsquo;art un sujet de conversation qui fera l&rsquo;envie de tous ceux qui visiteront votre maison. Polyvalent, il s&rsquo;int\u00e8gre \u00e0 diff\u00e9rents styles de d\u00e9coration d&rsquo;int\u00e9rieur, du contemporain au classique.<\/p>\n<p>Id\u00e9ale pour \u00eatre expos\u00e9e dans votre entr\u00e9e, votre salon, votre chambre ou tout autre endroit o\u00f9 vous souhaitez apporter une touche de luxe et d&rsquo;\u00e9l\u00e9gance \u00e0 votre d\u00e9cor, cette impression d&rsquo;art num\u00e9rique est un must pour ceux qui appr\u00e9cient les choses les plus raffin\u00e9es de la vie. Imprim\u00e9e sur des mat\u00e9riaux de haute qualit\u00e9 et disponible en diff\u00e9rentes tailles, cette magnifique pi\u00e8ce est con\u00e7ue pour durer, vous permettant de profiter de sa beaut\u00e9 pendant des ann\u00e9es.<\/p>\n<p>Am\u00e9liorez l&rsquo;ambiance de votre maison avec \u00ab\u00a0Fashion, Avant Garde, Golden Wedding Dress\u00a0\u00bb et d\u00e9couvrez l&rsquo;attrait de la mode avant-gardiste au quotidien. Magasinez d\u00e8s maintenant pour faire entrer cette captivante impression d&rsquo;art num\u00e9rique dans votre maison et transformez votre espace en une galerie d&rsquo;\u00e9l\u00e9gance moderne.<\/p>\n","protected":false},"excerpt":{"rendered":"<p>Fashion, Avant Garde, Golden Wedding Dress<\/p>\n","protected":false},"featured_media":6994,"template":"","meta":{"om_disable_all_campaigns":false,"_uag_custom_page_level_css":"","site-sidebar-layout":"default","site-content-layout":"","ast-site-content-layout":"default","site-content-style":"default","site-sidebar-style":"default","ast-global-header-display":"","ast-banner-title-visibility":"","ast-main-header-display":"","ast-hfb-above-header-display":"","ast-hfb-below-header-display":"","ast-hfb-mobile-header-display":"","site-post-title":"","ast-breadcrumbs-content":"","ast-featured-img":"","footer-sml-layout":"","ast-disable-related-posts":"","theme-transparent-header-meta":"default","adv-header-id-meta":"","stick-header-meta":"","header-above-stick-meta":"","header-main-stick-meta":"","header-below-stick-meta":"","astra-migrate-meta-layouts":"default","ast-page-background-enabled":"default","ast-page-background-meta":{"desktop":{"background-color":"var(--ast-global-color-4)","background-image":"","background-repeat":"repeat","background-position":"center center","background-size":"auto","background-attachment":"scroll","background-type":"","background-media":"","overlay-type":"","overlay-color":"","overlay-opacity":"","overlay-gradient":""},"tablet":{"background-color":"","background-image":"","background-repeat":"repeat","background-position":"center center","background-size":"auto","background-attachment":"scroll","background-type":"","background-media":"","overlay-type":"","overlay-color":"","overlay-opacity":"","overlay-gradient":""},"mobile":{"background-color":"","background-image":"","background-repeat":"repeat","background-position":"center center","background-size":"auto","background-attachment":"scroll","background-type":"","background-media":"","overlay-type":"","overlay-color":"","overlay-opacity":"","overlay-gradient":""}},"ast-content-background-meta":{"desktop":{"background-color":"var(--ast-global-color-5)","background-image":"","background-repeat":"repeat","background-position":"center center","background-size":"auto","background-attachment":"scroll","background-type":"","background-media":"","overlay-type":"","overlay-color":"","overlay-opacity":"","overlay-gradient":""},"tablet":{"background-color":"var(--ast-global-color-5)","background-image":"","background-repeat":"repeat","background-position":"center center","background-size":"auto","background-attachment":"scroll","background-type":"","background-media":"","overlay-type":"","overlay-color":"","overlay-opacity":"","overlay-gradient":""},"mobile":{"background-color":"var(--ast-global-color-5)","background-image":"","background-repeat":"repeat","background-position":"center center","background-size":"auto","background-attachment":"scroll","background-type":"","background-media":"","overlay-type":"","overlay-color":"","overlay-opacity":"","overlay-gradient":""}},"iawp_total_views":136},"product_brand":[],"product_cat":[80],"product_tag":[],"class_list":{"0":"post-3130","1":"product","2":"type-product","3":"status-publish","4":"has-post-thumbnail","6":"product_cat-mode-avant-garde-fr","7":"desktop-align-left","8":"tablet-align-left","9":"mobile-align-left","11":"first","12":"instock","13":"shipping-taxable","14":"product-type-external"},"aioseo_notices":[],"uagb_featured_image_src":{"full":["https:\/\/hiveartsstudio.com\/wp-content\/uploads\/2025\/11\/1161111_bf7e0a1cc4c6.jpg",500,600,false],"thumbnail":["https:\/\/hiveartsstudio.com\/wp-content\/uploads\/2025\/11\/1161111_bf7e0a1cc4c6-150x150.jpg",150,150,true],"medium":["https:\/\/hiveartsstudio.com\/wp-content\/uploads\/2025\/11\/1161111_bf7e0a1cc4c6-250x300.jpg",250,300,true],"medium_large":["https:\/\/hiveartsstudio.com\/wp-content\/uploads\/2025\/11\/1161111_bf7e0a1cc4c6.jpg",500,600,false],"large":["https:\/\/hiveartsstudio.com\/wp-content\/uploads\/2025\/11\/1161111_bf7e0a1cc4c6.jpg",500,600,false],"1536x1536":["https:\/\/hiveartsstudio.com\/wp-content\/uploads\/2025\/11\/1161111_bf7e0a1cc4c6.jpg",500,600,false],"2048x2048":["https:\/\/hiveartsstudio.com\/wp-content\/uploads\/2025\/11\/1161111_bf7e0a1cc4c6.jpg",500,600,false],"woocommerce_thumbnail":["https:\/\/hiveartsstudio.com\/wp-content\/uploads\/2025\/11\/1161111_bf7e0a1cc4c6-300x360.jpg",300,360,true],"woocommerce_single":["https:\/\/hiveartsstudio.com\/wp-content\/uploads\/2025\/11\/1161111_bf7e0a1cc4c6.jpg",500,600,false],"woocommerce_gallery_thumbnail":["https:\/\/hiveartsstudio.com\/wp-content\/uploads\/2025\/11\/1161111_bf7e0a1cc4c6-100x100.jpg",100,100,true]},"uagb_author_info":{"display_name":"admin","author_link":"https:\/\/hiveartsstudio.com\/fr\/author\/"},"uagb_comment_info":0,"uagb_excerpt":"Fashion, Avant Garde, Golden Wedding Dress","_links":{"self":[{"href":"https:\/\/hiveartsstudio.com\/fr\/wp-json\/wp\/v2\/product\/3130","targetHints":{"allow":["GET"]}}],"collection":[{"href":"https:\/\/hiveartsstudio.com\/fr\/wp-json\/wp\/v2\/product"}],"about":[{"href":"https:\/\/hiveartsstudio.com\/fr\/wp-json\/wp\/v2\/types\/product"}],"version-history":[{"count":5,"href":"https:\/\/hiveartsstudio.com\/fr\/wp-json\/wp\/v2\/product\/3130\/revisions"}],"predecessor-version":[{"id":6432,"href":"https:\/\/hiveartsstudio.com\/fr\/wp-json\/wp\/v2\/product\/3130\/revisions\/6432"}],"wp:featuredmedia":[{"embeddable":true,"href":"https:\/\/hiveartsstudio.com\/fr\/wp-json\/wp\/v2\/media\/6994"}],"wp:attachment":[{"href":"https:\/\/hiveartsstudio.com\/fr\/wp-json\/wp\/v2\/media?parent=3130"}],"wp:term":[{"taxonomy":"product_brand","embeddable":true,"href":"https:\/\/hiveartsstudio.com\/fr\/wp-json\/wp\/v2\/product_brand?post=3130"},{"taxonomy":"product_cat","embeddable":true,"href":"https:\/\/hiveartsstudio.com\/fr\/wp-json\/wp\/v2\/product_cat?post=3130"},{"taxonomy":"product_tag","embeddable":true,"href":"https:\/\/hiveartsstudio.com\/fr\/wp-json\/wp\/v2\/product_tag?post=3130"}],"curies":[{"name":"wp","href":"https:\/\/api.w.org\/{rel}","templated":true}]}}