{"id":3145,"date":"2024-07-12T16:10:52","date_gmt":"2024-07-12T14:10:52","guid":{"rendered":"https:\/\/hiveartsstudio.com\/product\/light-bending-the-lightspeed-abstrait\/"},"modified":"2025-06-02T16:35:08","modified_gmt":"2025-06-02T14:35:08","slug":"light-bending-the-lightspeed-abstrait","status":"publish","type":"product","link":"https:\/\/hiveartsstudio.com\/fr\/produit\/light-bending-the-lightspeed-abstrait\/","title":{"rendered":"Light Bending, The Lightspeed, abstrait"},"content":{"rendered":"<p>Nous vous pr\u00e9sentons \u00ab Light Bending, The Lightspeed, \u00bb une \u0153uvre d&rsquo;art murale captivante et impressionnante qui rehausse instantan\u00e9ment tout espace par son impact visuel saisissant. Cette pi\u00e8ce extraordinaire est le dernier ajout \u00e0 notre c\u00e9l\u00e8bre collection abstraite, \u00ab\u00a0The Lightspeed\u00a0\u00bb, qui explore le concept du temps, du mouvement et de l&rsquo;\u00e9nigmatique vitesse de la lumi\u00e8re.<\/p>\n<p>\u00ab\u00a0Light Bending, The Lightspeed\u00a0\u00bb transporte les spectateurs dans un voyage \u00e0 travers le cosmos, en capturant de mani\u00e8re experte l&rsquo;essence du temps qui s&rsquo;\u00e9coule et de la lumi\u00e8re qui se plie \u00e0 des vitesses inimaginables. Avec son m\u00e9lange homog\u00e8ne de tons riches et d&rsquo;\u00e9l\u00e9ments contrast\u00e9s, ce chef-d&rsquo;\u0153uvre visuel \u00e9voque un sentiment de profondeur et de volume qui attire l&rsquo;\u0153il et captive l&rsquo;imagination. L&rsquo;utilisation artistique des techniques de clair-obscur ajoute une dimension unique aux formes abstraites, ce qui donne un spectacle hypnotique qui laissera vos invit\u00e9s sous le charme.<\/p>\n<p>La beaut\u00e9 intemporelle de \u00ab\u00a0Light Bending, The Lightspeed\u00a0\u00bb en fait un compl\u00e9ment id\u00e9al pour tout salon, bureau ou galerie d&rsquo;art, o\u00f9 il s&rsquo;int\u00e9grera sans effort \u00e0 une vari\u00e9t\u00e9 de styles de d\u00e9coration. Le design audacieux et l&rsquo;attention exceptionnelle port\u00e9e aux d\u00e9tails font de cet art mural une v\u00e9ritable \u0153uvre d&rsquo;art qui suscitera la conversation et l&rsquo;admiration de tous ceux qui la contempleront.<\/p>\n<p>D\u00e9couvrez l&rsquo;attrait de \u00ab\u00a0Light Bending, The Lightspeed\u00a0\u00bb et laissez-vous transporter dans un monde o\u00f9 le temps et la lumi\u00e8re s&rsquo;entrem\u00ealent, cr\u00e9ant un spectacle d&rsquo;art abstrait \u00e0 couper le souffle. Cette pi\u00e8ce \u00e9nigmatique deviendra sans aucun doute un point d&rsquo;int\u00e9r\u00eat pr\u00e9cieux dans votre maison ou votre bureau, car elle invite les spectateurs \u00e0 d\u00e9couvrir le ph\u00e9nom\u00e8ne remarquable de la flexion de la lumi\u00e8re \u00e0 la vitesse de la lumi\u00e8re.<\/p>\n<p>\u00c9levez votre espace avec \u00ab\u00a0Light Bending, The Lightspeed\u00a0\u00bb et d\u00e9couvrez le m\u00e9lange fascinant du temps, du mouvement et de la ma\u00eetrise artistique dans cette \u0153uvre d&rsquo;art murale inoubliable. Ne manquez pas votre chance de poss\u00e9der une pi\u00e8ce de cette superbe collection &#8211; commandez la v\u00f4tre d\u00e8s aujourd&rsquo;hui et faites entrer la beaut\u00e9 captivante de la s\u00e9rie \u00ab\u00a0The Lightspeed\u00a0\u00bb dans votre monde.<\/p>\n","protected":false},"excerpt":{"rendered":"<p>Light Bending, The Lightspeed, abstrait<\/p>\n","protected":false},"featured_media":7058,"template":"","meta":{"om_disable_all_campaigns":false,"_uag_custom_page_level_css":"","site-sidebar-layout":"default","site-content-layout":"","ast-site-content-layout":"default","site-content-style":"default","site-sidebar-style":"default","ast-global-header-display":"","ast-banner-title-visibility":"","ast-main-header-display":"","ast-hfb-above-header-display":"","ast-hfb-below-header-display":"","ast-hfb-mobile-header-display":"","site-post-title":"","ast-breadcrumbs-content":"","ast-featured-img":"","footer-sml-layout":"","ast-disable-related-posts":"","theme-transparent-header-meta":"default","adv-header-id-meta":"","stick-header-meta":"","header-above-stick-meta":"","header-main-stick-meta":"","header-below-stick-meta":"","astra-migrate-meta-layouts":"default","ast-page-background-enabled":"default","ast-page-background-meta":{"desktop":{"background-color":"var(--ast-global-color-4)","background-image":"","background-repeat":"repeat","background-position":"center center","background-size":"auto","background-attachment":"scroll","background-type":"","background-media":"","overlay-type":"","overlay-color":"","overlay-opacity":"","overlay-gradient":""},"tablet":{"background-color":"","background-image":"","background-repeat":"repeat","background-position":"center center","background-size":"auto","background-attachment":"scroll","background-type":"","background-media":"","overlay-type":"","overlay-color":"","overlay-opacity":"","overlay-gradient":""},"mobile":{"background-color":"","background-image":"","background-repeat":"repeat","background-position":"center center","background-size":"auto","background-attachment":"scroll","background-type":"","background-media":"","overlay-type":"","overlay-color":"","overlay-opacity":"","overlay-gradient":""}},"ast-content-background-meta":{"desktop":{"background-color":"var(--ast-global-color-5)","background-image":"","background-repeat":"repeat","background-position":"center center","background-size":"auto","background-attachment":"scroll","background-type":"","background-media":"","overlay-type":"","overlay-color":"","overlay-opacity":"","overlay-gradient":""},"tablet":{"background-color":"var(--ast-global-color-5)","background-image":"","background-repeat":"repeat","background-position":"center center","background-size":"auto","background-attachment":"scroll","background-type":"","background-media":"","overlay-type":"","overlay-color":"","overlay-opacity":"","overlay-gradient":""},"mobile":{"background-color":"var(--ast-global-color-5)","background-image":"","background-repeat":"repeat","background-position":"center center","background-size":"auto","background-attachment":"scroll","background-type":"","background-media":"","overlay-type":"","overlay-color":"","overlay-opacity":"","overlay-gradient":""}},"iawp_total_views":0},"product_brand":[],"product_cat":[75],"product_tag":[],"class_list":{"0":"post-3145","1":"product","2":"type-product","3":"status-publish","4":"has-post-thumbnail","6":"product_cat-abstrait","7":"desktop-align-left","8":"tablet-align-left","9":"mobile-align-left","11":"first","12":"instock","13":"shipping-taxable","14":"product-type-external"},"aioseo_notices":[],"uagb_featured_image_src":{"full":["https:\/\/hiveartsstudio.com\/wp-content\/uploads\/2025\/11\/1161514_92fc9726e625.jpg",400,600,false],"thumbnail":["https:\/\/hiveartsstudio.com\/wp-content\/uploads\/2025\/11\/1161514_92fc9726e625-150x150.jpg",150,150,true],"medium":["https:\/\/hiveartsstudio.com\/wp-content\/uploads\/2025\/11\/1161514_92fc9726e625-200x300.jpg",200,300,true],"medium_large":["https:\/\/hiveartsstudio.com\/wp-content\/uploads\/2025\/11\/1161514_92fc9726e625.jpg",400,600,false],"large":["https:\/\/hiveartsstudio.com\/wp-content\/uploads\/2025\/11\/1161514_92fc9726e625.jpg",400,600,false],"1536x1536":["https:\/\/hiveartsstudio.com\/wp-content\/uploads\/2025\/11\/1161514_92fc9726e625.jpg",400,600,false],"2048x2048":["https:\/\/hiveartsstudio.com\/wp-content\/uploads\/2025\/11\/1161514_92fc9726e625.jpg",400,600,false],"woocommerce_thumbnail":["https:\/\/hiveartsstudio.com\/wp-content\/uploads\/2025\/11\/1161514_92fc9726e625-300x450.jpg",300,450,true],"woocommerce_single":["https:\/\/hiveartsstudio.com\/wp-content\/uploads\/2025\/11\/1161514_92fc9726e625.jpg",400,600,false],"woocommerce_gallery_thumbnail":["https:\/\/hiveartsstudio.com\/wp-content\/uploads\/2025\/11\/1161514_92fc9726e625-100x100.jpg",100,100,true]},"uagb_author_info":{"display_name":"admin","author_link":"https:\/\/hiveartsstudio.com\/fr\/author\/"},"uagb_comment_info":0,"uagb_excerpt":"Light Bending, The Lightspeed, abstrait","_links":{"self":[{"href":"https:\/\/hiveartsstudio.com\/fr\/wp-json\/wp\/v2\/product\/3145","targetHints":{"allow":["GET"]}}],"collection":[{"href":"https:\/\/hiveartsstudio.com\/fr\/wp-json\/wp\/v2\/product"}],"about":[{"href":"https:\/\/hiveartsstudio.com\/fr\/wp-json\/wp\/v2\/types\/product"}],"version-history":[{"count":5,"href":"https:\/\/hiveartsstudio.com\/fr\/wp-json\/wp\/v2\/product\/3145\/revisions"}],"predecessor-version":[{"id":6346,"href":"https:\/\/hiveartsstudio.com\/fr\/wp-json\/wp\/v2\/product\/3145\/revisions\/6346"}],"wp:featuredmedia":[{"embeddable":true,"href":"https:\/\/hiveartsstudio.com\/fr\/wp-json\/wp\/v2\/media\/7058"}],"wp:attachment":[{"href":"https:\/\/hiveartsstudio.com\/fr\/wp-json\/wp\/v2\/media?parent=3145"}],"wp:term":[{"taxonomy":"product_brand","embeddable":true,"href":"https:\/\/hiveartsstudio.com\/fr\/wp-json\/wp\/v2\/product_brand?post=3145"},{"taxonomy":"product_cat","embeddable":true,"href":"https:\/\/hiveartsstudio.com\/fr\/wp-json\/wp\/v2\/product_cat?post=3145"},{"taxonomy":"product_tag","embeddable":true,"href":"https:\/\/hiveartsstudio.com\/fr\/wp-json\/wp\/v2\/product_tag?post=3145"}],"curies":[{"name":"wp","href":"https:\/\/api.w.org\/{rel}","templated":true}]}}