{"id":3163,"date":"2024-07-12T16:10:49","date_gmt":"2024-07-12T14:10:49","guid":{"rendered":"https:\/\/hiveartsstudio.com\/product\/au-dela-de-lerreur-une-nouvelle-identite\/"},"modified":"2025-06-02T16:34:56","modified_gmt":"2025-06-02T14:34:56","slug":"au-dela-de-lerreur-une-nouvelle-identite","status":"publish","type":"product","link":"https:\/\/hiveartsstudio.com\/fr\/produit\/au-dela-de-lerreur-une-nouvelle-identite\/","title":{"rendered":"Au-del\u00e0 de l&rsquo;erreur &#8211; Une nouvelle identit\u00e9"},"content":{"rendered":"<p>Plongez dans l&rsquo;univers \u00e9nigmatique de \u00ab Au-del\u00e0 du Glitch : Une Nouvelle Identit\u00e9 \u00bb, une repr\u00e9sentation captivante de l&rsquo;\u00e9mergence de l&rsquo;identit\u00e9 f\u00e9minine dans le monde num\u00e9rique. Cette pi\u00e8ce \u00e9tonnante combine des tons verts et noirs pour cr\u00e9er une image surr\u00e9aliste qui d\u00e9gage un sentiment d&rsquo;\u00e9merveillement et de curiosit\u00e9. Avec un clin d&rsquo;\u0153il au style glitchcore et une touche d&rsquo;imagination, l&rsquo;\u0153uvre pr\u00e9sente une perspective unique sur l&rsquo;entrelacement de l&rsquo;existence humaine et du monde num\u00e9rique. Cette \u0153uvre d&rsquo;art capte sans effort l&rsquo;attention du spectateur, ce qui en fait un compl\u00e9ment id\u00e9al \u00e0 toute collection ou espace cherchant \u00e0 \u00e9voquer un sentiment de myst\u00e8re et d&rsquo;exploration.<\/p>\n","protected":false},"excerpt":{"rendered":"<p>Au-del\u00e0 de l&rsquo;erreur &#8211; Une nouvelle identit\u00e9<\/p>\n","protected":false},"featured_media":6863,"template":"","meta":{"om_disable_all_campaigns":false,"_uag_custom_page_level_css":"","site-sidebar-layout":"default","site-content-layout":"","ast-site-content-layout":"default","site-content-style":"default","site-sidebar-style":"default","ast-global-header-display":"","ast-banner-title-visibility":"","ast-main-header-display":"","ast-hfb-above-header-display":"","ast-hfb-below-header-display":"","ast-hfb-mobile-header-display":"","site-post-title":"","ast-breadcrumbs-content":"","ast-featured-img":"","footer-sml-layout":"","ast-disable-related-posts":"","theme-transparent-header-meta":"default","adv-header-id-meta":"","stick-header-meta":"","header-above-stick-meta":"","header-main-stick-meta":"","header-below-stick-meta":"","astra-migrate-meta-layouts":"default","ast-page-background-enabled":"default","ast-page-background-meta":{"desktop":{"background-color":"var(--ast-global-color-4)","background-image":"","background-repeat":"repeat","background-position":"center center","background-size":"auto","background-attachment":"scroll","background-type":"","background-media":"","overlay-type":"","overlay-color":"","overlay-opacity":"","overlay-gradient":""},"tablet":{"background-color":"","background-image":"","background-repeat":"repeat","background-position":"center center","background-size":"auto","background-attachment":"scroll","background-type":"","background-media":"","overlay-type":"","overlay-color":"","overlay-opacity":"","overlay-gradient":""},"mobile":{"background-color":"","background-image":"","background-repeat":"repeat","background-position":"center center","background-size":"auto","background-attachment":"scroll","background-type":"","background-media":"","overlay-type":"","overlay-color":"","overlay-opacity":"","overlay-gradient":""}},"ast-content-background-meta":{"desktop":{"background-color":"var(--ast-global-color-5)","background-image":"","background-repeat":"repeat","background-position":"center center","background-size":"auto","background-attachment":"scroll","background-type":"","background-media":"","overlay-type":"","overlay-color":"","overlay-opacity":"","overlay-gradient":""},"tablet":{"background-color":"var(--ast-global-color-5)","background-image":"","background-repeat":"repeat","background-position":"center center","background-size":"auto","background-attachment":"scroll","background-type":"","background-media":"","overlay-type":"","overlay-color":"","overlay-opacity":"","overlay-gradient":""},"mobile":{"background-color":"var(--ast-global-color-5)","background-image":"","background-repeat":"repeat","background-position":"center center","background-size":"auto","background-attachment":"scroll","background-type":"","background-media":"","overlay-type":"","overlay-color":"","overlay-opacity":"","overlay-gradient":""}},"iawp_total_views":0},"product_brand":[],"product_cat":[70],"product_tag":[],"class_list":{"0":"post-3163","1":"product","2":"type-product","3":"status-publish","4":"has-post-thumbnail","6":"product_cat-surrealisme-fr","7":"desktop-align-left","8":"tablet-align-left","9":"mobile-align-left","11":"first","12":"instock","13":"shipping-taxable","14":"product-type-external"},"aioseo_notices":[],"uagb_featured_image_src":{"full":["https:\/\/hiveartsstudio.com\/wp-content\/uploads\/2025\/11\/1173276_b070f0d4594a.jpg",400,600,false],"thumbnail":["https:\/\/hiveartsstudio.com\/wp-content\/uploads\/2025\/11\/1173276_b070f0d4594a-150x150.jpg",150,150,true],"medium":["https:\/\/hiveartsstudio.com\/wp-content\/uploads\/2025\/11\/1173276_b070f0d4594a-200x300.jpg",200,300,true],"medium_large":["https:\/\/hiveartsstudio.com\/wp-content\/uploads\/2025\/11\/1173276_b070f0d4594a.jpg",400,600,false],"large":["https:\/\/hiveartsstudio.com\/wp-content\/uploads\/2025\/11\/1173276_b070f0d4594a.jpg",400,600,false],"1536x1536":["https:\/\/hiveartsstudio.com\/wp-content\/uploads\/2025\/11\/1173276_b070f0d4594a.jpg",400,600,false],"2048x2048":["https:\/\/hiveartsstudio.com\/wp-content\/uploads\/2025\/11\/1173276_b070f0d4594a.jpg",400,600,false],"woocommerce_thumbnail":["https:\/\/hiveartsstudio.com\/wp-content\/uploads\/2025\/11\/1173276_b070f0d4594a-300x450.jpg",300,450,true],"woocommerce_single":["https:\/\/hiveartsstudio.com\/wp-content\/uploads\/2025\/11\/1173276_b070f0d4594a.jpg",400,600,false],"woocommerce_gallery_thumbnail":["https:\/\/hiveartsstudio.com\/wp-content\/uploads\/2025\/11\/1173276_b070f0d4594a-100x100.jpg",100,100,true]},"uagb_author_info":{"display_name":"admin","author_link":"https:\/\/hiveartsstudio.com\/fr\/author\/"},"uagb_comment_info":0,"uagb_excerpt":"Au-del\u00e0 de l'erreur - Une nouvelle identit\u00e9","_links":{"self":[{"href":"https:\/\/hiveartsstudio.com\/fr\/wp-json\/wp\/v2\/product\/3163","targetHints":{"allow":["GET"]}}],"collection":[{"href":"https:\/\/hiveartsstudio.com\/fr\/wp-json\/wp\/v2\/product"}],"about":[{"href":"https:\/\/hiveartsstudio.com\/fr\/wp-json\/wp\/v2\/types\/product"}],"version-history":[{"count":2,"href":"https:\/\/hiveartsstudio.com\/fr\/wp-json\/wp\/v2\/product\/3163\/revisions"}],"predecessor-version":[{"id":6340,"href":"https:\/\/hiveartsstudio.com\/fr\/wp-json\/wp\/v2\/product\/3163\/revisions\/6340"}],"wp:featuredmedia":[{"embeddable":true,"href":"https:\/\/hiveartsstudio.com\/fr\/wp-json\/wp\/v2\/media\/6863"}],"wp:attachment":[{"href":"https:\/\/hiveartsstudio.com\/fr\/wp-json\/wp\/v2\/media?parent=3163"}],"wp:term":[{"taxonomy":"product_brand","embeddable":true,"href":"https:\/\/hiveartsstudio.com\/fr\/wp-json\/wp\/v2\/product_brand?post=3163"},{"taxonomy":"product_cat","embeddable":true,"href":"https:\/\/hiveartsstudio.com\/fr\/wp-json\/wp\/v2\/product_cat?post=3163"},{"taxonomy":"product_tag","embeddable":true,"href":"https:\/\/hiveartsstudio.com\/fr\/wp-json\/wp\/v2\/product_tag?post=3163"}],"curies":[{"name":"wp","href":"https:\/\/api.w.org\/{rel}","templated":true}]}}