{"id":3191,"date":"2024-07-12T16:11:22","date_gmt":"2024-07-12T14:11:22","guid":{"rendered":"https:\/\/hiveartsstudio.com\/product\/planete-vacances-2\/"},"modified":"2025-06-02T16:37:10","modified_gmt":"2025-06-02T14:37:10","slug":"planete-vacances-2","status":"publish","type":"product","link":"https:\/\/hiveartsstudio.com\/fr\/produit\/planete-vacances-2\/","title":{"rendered":"Plan\u00e8te vacances #2"},"content":{"rendered":"<p>D\u00e9couvrez l&rsquo;attrait captivant de \u00ab Holiday Planet #2, \u00bb une \u0153uvre d&rsquo;art murale \u00e9poustouflante qui vous transporte dans un monde d&rsquo;aventure et de d\u00e9tente interstellaires. Cette \u0153uvre d&rsquo;art remarquable capture l&rsquo;essence d&rsquo;une escapade luxueuse sur une plan\u00e8te sereine et exotique, ce qui en fait un compl\u00e9ment parfait \u00e0 votre d\u00e9coration d&rsquo;int\u00e9rieur ou de bureau.<\/p>\n<p>Plongez dans le paysage \u00e9poustouflant de \u00ab\u00a0Holiday Planet #2\u00a0\u00bb, o\u00f9 un yacht spatial moderne et \u00e9pur\u00e9 repose \u00e9l\u00e9gamment sur une plage de sable rouge, pr\u00eat \u00e0 s&rsquo;\u00e9lever dans le cosmos. Le sable d&rsquo;un rouge \u00e9clatant contraste magnifiquement avec le ciel d&rsquo;un bleu profond, cr\u00e9ant une ambiance d&rsquo;un autre monde qui invite les spectateurs \u00e0 s&rsquo;\u00e9vader du quotidien et \u00e0 explorer l&rsquo;inconnu.<\/p>\n<p>La grande lune bleue luminescente qui domine le ciel constitue un point focal frappant, symbolisant les merveilles c\u00e9lestes qui attendent ceux qui ont l&rsquo;audace de s&rsquo;aventurer au-del\u00e0 de ce qui leur est familier. Le soleil projette une lumi\u00e8re \u00e9th\u00e9r\u00e9e, froide et brillante, qui se refl\u00e8te sur la surface du yacht, ajoutant un sentiment d&rsquo;intrigue et de myst\u00e8re \u00e0 la sc\u00e8ne, tout en soulignant le contraste entre la chaleur de la plan\u00e8te et l&rsquo;immensit\u00e9 glaciale de l&rsquo;espace.<\/p>\n<p>\u00ab\u00a0Holiday Planet #2\u00a0\u00bb est un t\u00e9moignage du pouvoir de l&rsquo;imagination, car il invite les spectateurs \u00e0 s&#8217;embarquer pour leur propre voyage cosmique.<br \/>\n<br \/>Enrichissez votre espace de vie ou votre lieu de travail avec cette \u0153uvre d&rsquo;art qui \u00e9voque l&rsquo;esprit d&rsquo;errance et de curiosit\u00e9. \u00ab\u00a0Holiday Planet #2\u00a0\u00bb est un cadeau id\u00e9al pour vos proches, vos amis ou vos coll\u00e8gues qui partagent votre passion pour l&rsquo;aventure et l&rsquo;exploration.<\/p>\n<p>D\u00e9couvrez le monde enchanteur de \u00ab\u00a0Holiday Planet #2\u00a0\u00bb et laissez votre esprit s&rsquo;envoler vers les confins de la galaxie. \u00c9levez votre d\u00e9coration int\u00e9rieure avec cette \u0153uvre d&rsquo;art hypnotique et enflammez votre imagination avec les possibilit\u00e9s infinies de l&rsquo;univers, toutes illumin\u00e9es par la lumi\u00e8re froide et brillante d&rsquo;un soleil lointain.<\/p>\n","protected":false},"excerpt":{"rendered":"<p>Plan\u00e8te vacances #2<\/p>\n","protected":false},"featured_media":7116,"template":"","meta":{"om_disable_all_campaigns":false,"_uag_custom_page_level_css":"","site-sidebar-layout":"default","site-content-layout":"","ast-site-content-layout":"default","site-content-style":"default","site-sidebar-style":"default","ast-global-header-display":"","ast-banner-title-visibility":"","ast-main-header-display":"","ast-hfb-above-header-display":"","ast-hfb-below-header-display":"","ast-hfb-mobile-header-display":"","site-post-title":"","ast-breadcrumbs-content":"","ast-featured-img":"","footer-sml-layout":"","ast-disable-related-posts":"","theme-transparent-header-meta":"default","adv-header-id-meta":"","stick-header-meta":"","header-above-stick-meta":"","header-main-stick-meta":"","header-below-stick-meta":"","astra-migrate-meta-layouts":"default","ast-page-background-enabled":"default","ast-page-background-meta":{"desktop":{"background-color":"var(--ast-global-color-4)","background-image":"","background-repeat":"repeat","background-position":"center center","background-size":"auto","background-attachment":"scroll","background-type":"","background-media":"","overlay-type":"","overlay-color":"","overlay-opacity":"","overlay-gradient":""},"tablet":{"background-color":"","background-image":"","background-repeat":"repeat","background-position":"center center","background-size":"auto","background-attachment":"scroll","background-type":"","background-media":"","overlay-type":"","overlay-color":"","overlay-opacity":"","overlay-gradient":""},"mobile":{"background-color":"","background-image":"","background-repeat":"repeat","background-position":"center center","background-size":"auto","background-attachment":"scroll","background-type":"","background-media":"","overlay-type":"","overlay-color":"","overlay-opacity":"","overlay-gradient":""}},"ast-content-background-meta":{"desktop":{"background-color":"var(--ast-global-color-5)","background-image":"","background-repeat":"repeat","background-position":"center center","background-size":"auto","background-attachment":"scroll","background-type":"","background-media":"","overlay-type":"","overlay-color":"","overlay-opacity":"","overlay-gradient":""},"tablet":{"background-color":"var(--ast-global-color-5)","background-image":"","background-repeat":"repeat","background-position":"center center","background-size":"auto","background-attachment":"scroll","background-type":"","background-media":"","overlay-type":"","overlay-color":"","overlay-opacity":"","overlay-gradient":""},"mobile":{"background-color":"var(--ast-global-color-5)","background-image":"","background-repeat":"repeat","background-position":"center center","background-size":"auto","background-attachment":"scroll","background-type":"","background-media":"","overlay-type":"","overlay-color":"","overlay-opacity":"","overlay-gradient":""}},"iawp_total_views":0},"product_brand":[],"product_cat":[67],"product_tag":[],"class_list":{"0":"post-3191","1":"product","2":"type-product","3":"status-publish","4":"has-post-thumbnail","6":"product_cat-lespace","7":"desktop-align-left","8":"tablet-align-left","9":"mobile-align-left","11":"first","12":"instock","13":"shipping-taxable","14":"product-type-external"},"aioseo_notices":[],"uagb_featured_image_src":{"full":["https:\/\/hiveartsstudio.com\/wp-content\/uploads\/2025\/11\/1161403_bde64abf783c.jpg",817,545,false],"thumbnail":["https:\/\/hiveartsstudio.com\/wp-content\/uploads\/2025\/11\/1161403_bde64abf783c-150x150.jpg",150,150,true],"medium":["https:\/\/hiveartsstudio.com\/wp-content\/uploads\/2025\/11\/1161403_bde64abf783c-300x200.jpg",300,200,true],"medium_large":["https:\/\/hiveartsstudio.com\/wp-content\/uploads\/2025\/11\/1161403_bde64abf783c-768x512.jpg",768,512,true],"large":["https:\/\/hiveartsstudio.com\/wp-content\/uploads\/2025\/11\/1161403_bde64abf783c.jpg",817,545,false],"1536x1536":["https:\/\/hiveartsstudio.com\/wp-content\/uploads\/2025\/11\/1161403_bde64abf783c.jpg",817,545,false],"2048x2048":["https:\/\/hiveartsstudio.com\/wp-content\/uploads\/2025\/11\/1161403_bde64abf783c.jpg",817,545,false],"woocommerce_thumbnail":["https:\/\/hiveartsstudio.com\/wp-content\/uploads\/2025\/11\/1161403_bde64abf783c-300x200.jpg",300,200,true],"woocommerce_single":["https:\/\/hiveartsstudio.com\/wp-content\/uploads\/2025\/11\/1161403_bde64abf783c-600x400.jpg",600,400,true],"woocommerce_gallery_thumbnail":["https:\/\/hiveartsstudio.com\/wp-content\/uploads\/2025\/11\/1161403_bde64abf783c-100x100.jpg",100,100,true]},"uagb_author_info":{"display_name":"admin","author_link":"https:\/\/hiveartsstudio.com\/fr\/author\/"},"uagb_comment_info":0,"uagb_excerpt":"Plan\u00e8te vacances #2","_links":{"self":[{"href":"https:\/\/hiveartsstudio.com\/fr\/wp-json\/wp\/v2\/product\/3191","targetHints":{"allow":["GET"]}}],"collection":[{"href":"https:\/\/hiveartsstudio.com\/fr\/wp-json\/wp\/v2\/product"}],"about":[{"href":"https:\/\/hiveartsstudio.com\/fr\/wp-json\/wp\/v2\/types\/product"}],"version-history":[{"count":5,"href":"https:\/\/hiveartsstudio.com\/fr\/wp-json\/wp\/v2\/product\/3191\/revisions"}],"predecessor-version":[{"id":6378,"href":"https:\/\/hiveartsstudio.com\/fr\/wp-json\/wp\/v2\/product\/3191\/revisions\/6378"}],"wp:featuredmedia":[{"embeddable":true,"href":"https:\/\/hiveartsstudio.com\/fr\/wp-json\/wp\/v2\/media\/7116"}],"wp:attachment":[{"href":"https:\/\/hiveartsstudio.com\/fr\/wp-json\/wp\/v2\/media?parent=3191"}],"wp:term":[{"taxonomy":"product_brand","embeddable":true,"href":"https:\/\/hiveartsstudio.com\/fr\/wp-json\/wp\/v2\/product_brand?post=3191"},{"taxonomy":"product_cat","embeddable":true,"href":"https:\/\/hiveartsstudio.com\/fr\/wp-json\/wp\/v2\/product_cat?post=3191"},{"taxonomy":"product_tag","embeddable":true,"href":"https:\/\/hiveartsstudio.com\/fr\/wp-json\/wp\/v2\/product_tag?post=3191"}],"curies":[{"name":"wp","href":"https:\/\/api.w.org\/{rel}","templated":true}]}}