{"id":3199,"date":"2024-07-12T16:11:23","date_gmt":"2024-07-12T14:11:23","guid":{"rendered":"https:\/\/hiveartsstudio.com\/product\/planete-vacances-1\/"},"modified":"2025-06-02T16:35:30","modified_gmt":"2025-06-02T14:35:30","slug":"planete-vacances-1","status":"publish","type":"product","link":"https:\/\/hiveartsstudio.com\/fr\/produit\/planete-vacances-1\/","title":{"rendered":"Plan\u00e8te vacances #1"},"content":{"rendered":"<p>Embarquez pour une aventure extraterrestre avec l&rsquo;\u00e9poustouflante \u0153uvre d&rsquo;art murale \u00ab Holiday Planet #1 \u00bb, l&rsquo;ajout parfait \u00e0 toute collection d&rsquo;amateur d&rsquo;espace. Cette image captivante capture l&rsquo;essence du luxe et de l&rsquo;exploration, avec un yacht spatial futuriste majestueusement pos\u00e9 sur le sable rouge d&rsquo;une plage exotique, pr\u00eat \u00e0 d\u00e9coller dans le cosmos.<\/p>\n<p>Le contraste saisissant entre le bleu profond du ciel et la richesse du sable rouge cr\u00e9e une atmosph\u00e8re de s\u00e9r\u00e9nit\u00e9 et d&rsquo;excitation. Cette sc\u00e8ne remarquable se d\u00e9roule sur une plan\u00e8te de vacances, o\u00f9 les merveilles illimit\u00e9es de l&rsquo;univers sont \u00e0 votre disposition. La plage de sable, qui t\u00e9moigne de l&rsquo;attrait unique de cette plan\u00e8te, sert de rampe de lancement id\u00e9ale pour le magnifique yacht spatial, qui pointe vers le ciel.<\/p>\n<p>En contemplant l&rsquo;\u0153uvre d&rsquo;art, vos yeux seront attir\u00e9s par la grande et fascinante lune bleue qui flotte dans le ciel, symbole des territoires inexplor\u00e9s qui vous attendent. La lumi\u00e8re du jour illumine la sc\u00e8ne, ajoutant une touche de chaleur et vous invitant \u00e0 embarquer pour votre propre voyage \u00e0 travers les \u00e9toiles.<\/p>\n<p>Avec ses images \u00e9poustouflantes et ses couleurs vives, \u00ab\u00a0Holiday Planet #1\u00a0\u00bb est une pi\u00e8ce exquise qui \u00e9veillera votre imagination et alimentera votre passion pour l&rsquo;exploration de l&rsquo;espace. Cette \u0153uvre d&rsquo;art murale exclusive fera sensation dans n&rsquo;importe quelle pi\u00e8ce, qu&rsquo;il s&rsquo;agisse d&rsquo;un salon \u00e9l\u00e9gant ou d&rsquo;un bureau moderne, en capturant l&rsquo;essence de l&rsquo;aventure et le luxe de l&rsquo;inconnu.<\/p>\n<p>Que vous soyez un voyageur de l&rsquo;espace chevronn\u00e9 ou simplement un r\u00eaveur amoureux du cosmos, \u00ab\u00a0Holiday Planet #1\u00a0\u00bb est le compl\u00e9ment id\u00e9al \u00e0 votre collection d&rsquo;\u0153uvres d&rsquo;art. Ne manquez pas votre chance de ramener chez vous cette pi\u00e8ce unique et laissez l&rsquo;aventure cosmique commencer.<\/p>\n","protected":false},"excerpt":{"rendered":"<p>Plan\u00e8te vacances #1<\/p>\n","protected":false},"featured_media":7136,"template":"","meta":{"om_disable_all_campaigns":false,"_uag_custom_page_level_css":"","site-sidebar-layout":"default","site-content-layout":"","ast-site-content-layout":"default","site-content-style":"default","site-sidebar-style":"default","ast-global-header-display":"","ast-banner-title-visibility":"","ast-main-header-display":"","ast-hfb-above-header-display":"","ast-hfb-below-header-display":"","ast-hfb-mobile-header-display":"","site-post-title":"","ast-breadcrumbs-content":"","ast-featured-img":"","footer-sml-layout":"","ast-disable-related-posts":"","theme-transparent-header-meta":"default","adv-header-id-meta":"","stick-header-meta":"","header-above-stick-meta":"","header-main-stick-meta":"","header-below-stick-meta":"","astra-migrate-meta-layouts":"default","ast-page-background-enabled":"default","ast-page-background-meta":{"desktop":{"background-color":"var(--ast-global-color-4)","background-image":"","background-repeat":"repeat","background-position":"center center","background-size":"auto","background-attachment":"scroll","background-type":"","background-media":"","overlay-type":"","overlay-color":"","overlay-opacity":"","overlay-gradient":""},"tablet":{"background-color":"","background-image":"","background-repeat":"repeat","background-position":"center center","background-size":"auto","background-attachment":"scroll","background-type":"","background-media":"","overlay-type":"","overlay-color":"","overlay-opacity":"","overlay-gradient":""},"mobile":{"background-color":"","background-image":"","background-repeat":"repeat","background-position":"center center","background-size":"auto","background-attachment":"scroll","background-type":"","background-media":"","overlay-type":"","overlay-color":"","overlay-opacity":"","overlay-gradient":""}},"ast-content-background-meta":{"desktop":{"background-color":"var(--ast-global-color-5)","background-image":"","background-repeat":"repeat","background-position":"center center","background-size":"auto","background-attachment":"scroll","background-type":"","background-media":"","overlay-type":"","overlay-color":"","overlay-opacity":"","overlay-gradient":""},"tablet":{"background-color":"var(--ast-global-color-5)","background-image":"","background-repeat":"repeat","background-position":"center center","background-size":"auto","background-attachment":"scroll","background-type":"","background-media":"","overlay-type":"","overlay-color":"","overlay-opacity":"","overlay-gradient":""},"mobile":{"background-color":"var(--ast-global-color-5)","background-image":"","background-repeat":"repeat","background-position":"center center","background-size":"auto","background-attachment":"scroll","background-type":"","background-media":"","overlay-type":"","overlay-color":"","overlay-opacity":"","overlay-gradient":""}},"iawp_total_views":0},"product_brand":[],"product_cat":[67],"product_tag":[],"class_list":{"0":"post-3199","1":"product","2":"type-product","3":"status-publish","4":"has-post-thumbnail","6":"product_cat-lespace","7":"desktop-align-left","8":"tablet-align-left","9":"mobile-align-left","11":"first","12":"instock","13":"shipping-taxable","14":"product-type-external"},"aioseo_notices":[],"uagb_featured_image_src":{"full":["https:\/\/hiveartsstudio.com\/wp-content\/uploads\/2025\/11\/1161302_dddc24e1dc88.jpg",817,545,false],"thumbnail":["https:\/\/hiveartsstudio.com\/wp-content\/uploads\/2025\/11\/1161302_dddc24e1dc88-150x150.jpg",150,150,true],"medium":["https:\/\/hiveartsstudio.com\/wp-content\/uploads\/2025\/11\/1161302_dddc24e1dc88-300x200.jpg",300,200,true],"medium_large":["https:\/\/hiveartsstudio.com\/wp-content\/uploads\/2025\/11\/1161302_dddc24e1dc88-768x512.jpg",768,512,true],"large":["https:\/\/hiveartsstudio.com\/wp-content\/uploads\/2025\/11\/1161302_dddc24e1dc88.jpg",817,545,false],"1536x1536":["https:\/\/hiveartsstudio.com\/wp-content\/uploads\/2025\/11\/1161302_dddc24e1dc88.jpg",817,545,false],"2048x2048":["https:\/\/hiveartsstudio.com\/wp-content\/uploads\/2025\/11\/1161302_dddc24e1dc88.jpg",817,545,false],"woocommerce_thumbnail":["https:\/\/hiveartsstudio.com\/wp-content\/uploads\/2025\/11\/1161302_dddc24e1dc88-300x200.jpg",300,200,true],"woocommerce_single":["https:\/\/hiveartsstudio.com\/wp-content\/uploads\/2025\/11\/1161302_dddc24e1dc88-600x400.jpg",600,400,true],"woocommerce_gallery_thumbnail":["https:\/\/hiveartsstudio.com\/wp-content\/uploads\/2025\/11\/1161302_dddc24e1dc88-100x100.jpg",100,100,true]},"uagb_author_info":{"display_name":"admin","author_link":"https:\/\/hiveartsstudio.com\/fr\/author\/"},"uagb_comment_info":0,"uagb_excerpt":"Plan\u00e8te vacances #1","_links":{"self":[{"href":"https:\/\/hiveartsstudio.com\/fr\/wp-json\/wp\/v2\/product\/3199","targetHints":{"allow":["GET"]}}],"collection":[{"href":"https:\/\/hiveartsstudio.com\/fr\/wp-json\/wp\/v2\/product"}],"about":[{"href":"https:\/\/hiveartsstudio.com\/fr\/wp-json\/wp\/v2\/types\/product"}],"version-history":[{"count":5,"href":"https:\/\/hiveartsstudio.com\/fr\/wp-json\/wp\/v2\/product\/3199\/revisions"}],"predecessor-version":[{"id":6357,"href":"https:\/\/hiveartsstudio.com\/fr\/wp-json\/wp\/v2\/product\/3199\/revisions\/6357"}],"wp:featuredmedia":[{"embeddable":true,"href":"https:\/\/hiveartsstudio.com\/fr\/wp-json\/wp\/v2\/media\/7136"}],"wp:attachment":[{"href":"https:\/\/hiveartsstudio.com\/fr\/wp-json\/wp\/v2\/media?parent=3199"}],"wp:term":[{"taxonomy":"product_brand","embeddable":true,"href":"https:\/\/hiveartsstudio.com\/fr\/wp-json\/wp\/v2\/product_brand?post=3199"},{"taxonomy":"product_cat","embeddable":true,"href":"https:\/\/hiveartsstudio.com\/fr\/wp-json\/wp\/v2\/product_cat?post=3199"},{"taxonomy":"product_tag","embeddable":true,"href":"https:\/\/hiveartsstudio.com\/fr\/wp-json\/wp\/v2\/product_tag?post=3199"}],"curies":[{"name":"wp","href":"https:\/\/api.w.org\/{rel}","templated":true}]}}