{"id":3209,"date":"2024-07-12T16:11:19","date_gmt":"2024-07-12T14:11:19","guid":{"rendered":"https:\/\/hiveartsstudio.com\/product\/lieu-indesirable\/"},"modified":"2025-06-02T16:37:16","modified_gmt":"2025-06-02T14:37:16","slug":"lieu-indesirable","status":"publish","type":"product","link":"https:\/\/hiveartsstudio.com\/fr\/produit\/lieu-indesirable\/","title":{"rendered":"Lieu ind\u00e9sirable"},"content":{"rendered":"<p>D\u00e9couvrez l&rsquo;essence captivante d&rsquo;\u00ab Unwelcome Place \u00bb, une repr\u00e9sentation saisissante d&rsquo;un vaisseau spatial ancestral s&rsquo;\u00e9crasant sur un monde hostile. Cette pi\u00e8ce saisissante allie magistralement le r\u00e9alisme dramatique \u00e0 une touche de flair cin\u00e9matographique, \u00e9voquant une atmosph\u00e8re d&rsquo;un autre monde. Le tonnerre et l&rsquo;obscurit\u00e9 entourent la sc\u00e8ne, tandis que les nuages orageux enveloppent la surface de la plan\u00e8te, cr\u00e9ant un sentiment de myst\u00e8re et d&rsquo;inqui\u00e9tude.<\/p>\n<p>Assistez au moment impressionnant o\u00f9 l&rsquo;ancien vaisseau traverse l&rsquo;atmosph\u00e8re au milieu d&rsquo;une temp\u00eate d\u00e9cha\u00een\u00e9e, laissant le spectateur avec un sentiment d&rsquo;\u00e9merveillement et de curiosit\u00e9. Les d\u00e9tails complexes du vaisseau spatial et de son environnement vous plongent dans un univers plein de suspense, d&rsquo;excitation et d&rsquo;aventure.<\/p>\n<p>\u00ab\u00a0Unwelcome Place\u00a0\u00bb est parfait pour ceux qui appr\u00e9cient la beaut\u00e9 des voyages cosmiques et le frisson de l&rsquo;exploration. Il s&rsquo;agit d&rsquo;un objet de conversation unique pour la maison ou le bureau, qui enflamme l&rsquo;imagination et suscite des discussions sur l&rsquo;immensit\u00e9 de l&rsquo;espace et les myst\u00e8res qu&rsquo;il rec\u00e8le.<\/p>\n<p>Faites entrer chez vous l&rsquo;enchantement de \u00ab\u00a0Unwelcome Place\u00a0\u00bb et laissez-vous transporter dans un monde au-del\u00e0 du n\u00f4tre, o\u00f9 l&rsquo;inconnu vous attend et o\u00f9 les limites de l&rsquo;imagination sont repouss\u00e9es \u00e0 de nouveaux sommets.<\/p>\n","protected":false},"excerpt":{"rendered":"<p>Lieu ind\u00e9sirable<\/p>\n","protected":false},"featured_media":7351,"template":"","meta":{"om_disable_all_campaigns":false,"_uag_custom_page_level_css":"","site-sidebar-layout":"default","site-content-layout":"","ast-site-content-layout":"default","site-content-style":"default","site-sidebar-style":"default","ast-global-header-display":"","ast-banner-title-visibility":"","ast-main-header-display":"","ast-hfb-above-header-display":"","ast-hfb-below-header-display":"","ast-hfb-mobile-header-display":"","site-post-title":"","ast-breadcrumbs-content":"","ast-featured-img":"","footer-sml-layout":"","ast-disable-related-posts":"","theme-transparent-header-meta":"default","adv-header-id-meta":"","stick-header-meta":"","header-above-stick-meta":"","header-main-stick-meta":"","header-below-stick-meta":"","astra-migrate-meta-layouts":"default","ast-page-background-enabled":"default","ast-page-background-meta":{"desktop":{"background-color":"var(--ast-global-color-4)","background-image":"","background-repeat":"repeat","background-position":"center center","background-size":"auto","background-attachment":"scroll","background-type":"","background-media":"","overlay-type":"","overlay-color":"","overlay-opacity":"","overlay-gradient":""},"tablet":{"background-color":"","background-image":"","background-repeat":"repeat","background-position":"center center","background-size":"auto","background-attachment":"scroll","background-type":"","background-media":"","overlay-type":"","overlay-color":"","overlay-opacity":"","overlay-gradient":""},"mobile":{"background-color":"","background-image":"","background-repeat":"repeat","background-position":"center center","background-size":"auto","background-attachment":"scroll","background-type":"","background-media":"","overlay-type":"","overlay-color":"","overlay-opacity":"","overlay-gradient":""}},"ast-content-background-meta":{"desktop":{"background-color":"var(--ast-global-color-5)","background-image":"","background-repeat":"repeat","background-position":"center center","background-size":"auto","background-attachment":"scroll","background-type":"","background-media":"","overlay-type":"","overlay-color":"","overlay-opacity":"","overlay-gradient":""},"tablet":{"background-color":"var(--ast-global-color-5)","background-image":"","background-repeat":"repeat","background-position":"center center","background-size":"auto","background-attachment":"scroll","background-type":"","background-media":"","overlay-type":"","overlay-color":"","overlay-opacity":"","overlay-gradient":""},"mobile":{"background-color":"var(--ast-global-color-5)","background-image":"","background-repeat":"repeat","background-position":"center center","background-size":"auto","background-attachment":"scroll","background-type":"","background-media":"","overlay-type":"","overlay-color":"","overlay-opacity":"","overlay-gradient":""}},"iawp_total_views":1},"product_brand":[],"product_cat":[67],"product_tag":[],"class_list":{"0":"post-3209","1":"product","2":"type-product","3":"status-publish","4":"has-post-thumbnail","6":"product_cat-lespace","7":"desktop-align-left","8":"tablet-align-left","9":"mobile-align-left","11":"first","12":"instock","13":"shipping-taxable","14":"product-type-external"},"aioseo_notices":[],"uagb_featured_image_src":{"full":["https:\/\/hiveartsstudio.com\/wp-content\/uploads\/2025\/11\/1162852_224f2c03d31f.jpg",600,600,false],"thumbnail":["https:\/\/hiveartsstudio.com\/wp-content\/uploads\/2025\/11\/1162852_224f2c03d31f-150x150.jpg",150,150,true],"medium":["https:\/\/hiveartsstudio.com\/wp-content\/uploads\/2025\/11\/1162852_224f2c03d31f-300x300.jpg",300,300,true],"medium_large":["https:\/\/hiveartsstudio.com\/wp-content\/uploads\/2025\/11\/1162852_224f2c03d31f.jpg",600,600,false],"large":["https:\/\/hiveartsstudio.com\/wp-content\/uploads\/2025\/11\/1162852_224f2c03d31f.jpg",600,600,false],"1536x1536":["https:\/\/hiveartsstudio.com\/wp-content\/uploads\/2025\/11\/1162852_224f2c03d31f.jpg",600,600,false],"2048x2048":["https:\/\/hiveartsstudio.com\/wp-content\/uploads\/2025\/11\/1162852_224f2c03d31f.jpg",600,600,false],"woocommerce_thumbnail":["https:\/\/hiveartsstudio.com\/wp-content\/uploads\/2025\/11\/1162852_224f2c03d31f-300x300.jpg",300,300,true],"woocommerce_single":["https:\/\/hiveartsstudio.com\/wp-content\/uploads\/2025\/11\/1162852_224f2c03d31f.jpg",600,600,false],"woocommerce_gallery_thumbnail":["https:\/\/hiveartsstudio.com\/wp-content\/uploads\/2025\/11\/1162852_224f2c03d31f-100x100.jpg",100,100,true]},"uagb_author_info":{"display_name":"admin","author_link":"https:\/\/hiveartsstudio.com\/fr\/author\/"},"uagb_comment_info":0,"uagb_excerpt":"Lieu ind\u00e9sirable","_links":{"self":[{"href":"https:\/\/hiveartsstudio.com\/fr\/wp-json\/wp\/v2\/product\/3209","targetHints":{"allow":["GET"]}}],"collection":[{"href":"https:\/\/hiveartsstudio.com\/fr\/wp-json\/wp\/v2\/product"}],"about":[{"href":"https:\/\/hiveartsstudio.com\/fr\/wp-json\/wp\/v2\/types\/product"}],"version-history":[{"count":5,"href":"https:\/\/hiveartsstudio.com\/fr\/wp-json\/wp\/v2\/product\/3209\/revisions"}],"predecessor-version":[{"id":6386,"href":"https:\/\/hiveartsstudio.com\/fr\/wp-json\/wp\/v2\/product\/3209\/revisions\/6386"}],"wp:featuredmedia":[{"embeddable":true,"href":"https:\/\/hiveartsstudio.com\/fr\/wp-json\/wp\/v2\/media\/7351"}],"wp:attachment":[{"href":"https:\/\/hiveartsstudio.com\/fr\/wp-json\/wp\/v2\/media?parent=3209"}],"wp:term":[{"taxonomy":"product_brand","embeddable":true,"href":"https:\/\/hiveartsstudio.com\/fr\/wp-json\/wp\/v2\/product_brand?post=3209"},{"taxonomy":"product_cat","embeddable":true,"href":"https:\/\/hiveartsstudio.com\/fr\/wp-json\/wp\/v2\/product_cat?post=3209"},{"taxonomy":"product_tag","embeddable":true,"href":"https:\/\/hiveartsstudio.com\/fr\/wp-json\/wp\/v2\/product_tag?post=3209"}],"curies":[{"name":"wp","href":"https:\/\/api.w.org\/{rel}","templated":true}]}}