{"id":3222,"date":"2024-07-12T16:11:20","date_gmt":"2024-07-12T14:11:20","guid":{"rendered":"https:\/\/hiveartsstudio.com\/product\/leternel-observateur\/"},"modified":"2025-06-02T16:37:11","modified_gmt":"2025-06-02T14:37:11","slug":"leternel-observateur","status":"publish","type":"product","link":"https:\/\/hiveartsstudio.com\/fr\/produit\/leternel-observateur\/","title":{"rendered":"L&rsquo;\u00e9ternel observateur"},"content":{"rendered":"<p>Explorez le monde intrigant de \u00ab L&rsquo;Observateur \u00c9ternel, \u00bb une repr\u00e9sentation unique d&rsquo;une pr\u00e9sence ancestrale qui perdure \u00e0 travers le temps. Cette pi\u00e8ce remarquable met en sc\u00e8ne un \u00eatre intemporel dans l&rsquo;environnement impr\u00e9visible de la surface d&rsquo;une plan\u00e8te extraterrestre agit\u00e9e.<\/p>\n<p>L&rsquo;observateur \u00e9ternel se tient fermement debout alors que les vents du temps et du chaos l&rsquo;entourent. La composition subtile m\u00eale habilement des \u00e9l\u00e9ments du d\u00e9cor tumultueux &#8211; la surface \u00e9nigmatique de la plan\u00e8te cach\u00e9e par les nuages, le tonnerre lointain et un soup\u00e7on d&rsquo;obscurit\u00e9 &#8211; pour \u00e9voquer une atmosph\u00e8re \u00e0 la fois intrigante et myst\u00e9rieuse.<\/p>\n<p>Cette \u0153uvre d&rsquo;art distinctive transmet un sens \u00e9quilibr\u00e9 du drame et du r\u00e9alisme, permettant au spectateur d&rsquo;appr\u00e9cier le rendu d\u00e9taill\u00e9 et l&rsquo;invitant \u00e0 r\u00e9fl\u00e9chir \u00e0 la nature du temps, de l&rsquo;existence et de l&rsquo;inconnu.<\/p>\n<p>Pensez \u00e0 ajouter \u00ab\u00a0L&rsquo;\u00e9ternel observateur\u00a0\u00bb \u00e0 votre collection pour vous rappeler la beaut\u00e9 et le myst\u00e8re que l&rsquo;on peut trouver dans les coins inexplor\u00e9s de l&rsquo;univers. Laissez cette pi\u00e8ce inspirer votre imagination et \u00e9veiller votre curiosit\u00e9 en vous aventurant dans les territoires inexplor\u00e9s de ce paysage extraterrestre et orageux.<\/p>\n","protected":false},"excerpt":{"rendered":"<p>L&rsquo;\u00e9ternel observateur<\/p>\n","protected":false},"featured_media":7294,"template":"","meta":{"om_disable_all_campaigns":false,"_uag_custom_page_level_css":"","site-sidebar-layout":"default","site-content-layout":"","ast-site-content-layout":"default","site-content-style":"default","site-sidebar-style":"default","ast-global-header-display":"","ast-banner-title-visibility":"","ast-main-header-display":"","ast-hfb-above-header-display":"","ast-hfb-below-header-display":"","ast-hfb-mobile-header-display":"","site-post-title":"","ast-breadcrumbs-content":"","ast-featured-img":"","footer-sml-layout":"","ast-disable-related-posts":"","theme-transparent-header-meta":"default","adv-header-id-meta":"","stick-header-meta":"","header-above-stick-meta":"","header-main-stick-meta":"","header-below-stick-meta":"","astra-migrate-meta-layouts":"default","ast-page-background-enabled":"default","ast-page-background-meta":{"desktop":{"background-color":"var(--ast-global-color-4)","background-image":"","background-repeat":"repeat","background-position":"center center","background-size":"auto","background-attachment":"scroll","background-type":"","background-media":"","overlay-type":"","overlay-color":"","overlay-opacity":"","overlay-gradient":""},"tablet":{"background-color":"","background-image":"","background-repeat":"repeat","background-position":"center center","background-size":"auto","background-attachment":"scroll","background-type":"","background-media":"","overlay-type":"","overlay-color":"","overlay-opacity":"","overlay-gradient":""},"mobile":{"background-color":"","background-image":"","background-repeat":"repeat","background-position":"center center","background-size":"auto","background-attachment":"scroll","background-type":"","background-media":"","overlay-type":"","overlay-color":"","overlay-opacity":"","overlay-gradient":""}},"ast-content-background-meta":{"desktop":{"background-color":"var(--ast-global-color-5)","background-image":"","background-repeat":"repeat","background-position":"center center","background-size":"auto","background-attachment":"scroll","background-type":"","background-media":"","overlay-type":"","overlay-color":"","overlay-opacity":"","overlay-gradient":""},"tablet":{"background-color":"var(--ast-global-color-5)","background-image":"","background-repeat":"repeat","background-position":"center center","background-size":"auto","background-attachment":"scroll","background-type":"","background-media":"","overlay-type":"","overlay-color":"","overlay-opacity":"","overlay-gradient":""},"mobile":{"background-color":"var(--ast-global-color-5)","background-image":"","background-repeat":"repeat","background-position":"center center","background-size":"auto","background-attachment":"scroll","background-type":"","background-media":"","overlay-type":"","overlay-color":"","overlay-opacity":"","overlay-gradient":""}},"iawp_total_views":0},"product_brand":[],"product_cat":[67],"product_tag":[],"class_list":{"0":"post-3222","1":"product","2":"type-product","3":"status-publish","4":"has-post-thumbnail","6":"product_cat-lespace","7":"desktop-align-left","8":"tablet-align-left","9":"mobile-align-left","11":"first","12":"instock","13":"shipping-taxable","14":"product-type-external"},"aioseo_notices":[],"uagb_featured_image_src":{"full":["https:\/\/hiveartsstudio.com\/wp-content\/uploads\/2025\/11\/1162582_32542ee23ee3.jpg",600,600,false],"thumbnail":["https:\/\/hiveartsstudio.com\/wp-content\/uploads\/2025\/11\/1162582_32542ee23ee3-150x150.jpg",150,150,true],"medium":["https:\/\/hiveartsstudio.com\/wp-content\/uploads\/2025\/11\/1162582_32542ee23ee3-300x300.jpg",300,300,true],"medium_large":["https:\/\/hiveartsstudio.com\/wp-content\/uploads\/2025\/11\/1162582_32542ee23ee3.jpg",600,600,false],"large":["https:\/\/hiveartsstudio.com\/wp-content\/uploads\/2025\/11\/1162582_32542ee23ee3.jpg",600,600,false],"1536x1536":["https:\/\/hiveartsstudio.com\/wp-content\/uploads\/2025\/11\/1162582_32542ee23ee3.jpg",600,600,false],"2048x2048":["https:\/\/hiveartsstudio.com\/wp-content\/uploads\/2025\/11\/1162582_32542ee23ee3.jpg",600,600,false],"woocommerce_thumbnail":["https:\/\/hiveartsstudio.com\/wp-content\/uploads\/2025\/11\/1162582_32542ee23ee3-300x300.jpg",300,300,true],"woocommerce_single":["https:\/\/hiveartsstudio.com\/wp-content\/uploads\/2025\/11\/1162582_32542ee23ee3.jpg",600,600,false],"woocommerce_gallery_thumbnail":["https:\/\/hiveartsstudio.com\/wp-content\/uploads\/2025\/11\/1162582_32542ee23ee3-100x100.jpg",100,100,true]},"uagb_author_info":{"display_name":"admin","author_link":"https:\/\/hiveartsstudio.com\/fr\/author\/"},"uagb_comment_info":0,"uagb_excerpt":"L'\u00e9ternel observateur","_links":{"self":[{"href":"https:\/\/hiveartsstudio.com\/fr\/wp-json\/wp\/v2\/product\/3222","targetHints":{"allow":["GET"]}}],"collection":[{"href":"https:\/\/hiveartsstudio.com\/fr\/wp-json\/wp\/v2\/product"}],"about":[{"href":"https:\/\/hiveartsstudio.com\/fr\/wp-json\/wp\/v2\/types\/product"}],"version-history":[{"count":5,"href":"https:\/\/hiveartsstudio.com\/fr\/wp-json\/wp\/v2\/product\/3222\/revisions"}],"predecessor-version":[{"id":6380,"href":"https:\/\/hiveartsstudio.com\/fr\/wp-json\/wp\/v2\/product\/3222\/revisions\/6380"}],"wp:featuredmedia":[{"embeddable":true,"href":"https:\/\/hiveartsstudio.com\/fr\/wp-json\/wp\/v2\/media\/7294"}],"wp:attachment":[{"href":"https:\/\/hiveartsstudio.com\/fr\/wp-json\/wp\/v2\/media?parent=3222"}],"wp:term":[{"taxonomy":"product_brand","embeddable":true,"href":"https:\/\/hiveartsstudio.com\/fr\/wp-json\/wp\/v2\/product_brand?post=3222"},{"taxonomy":"product_cat","embeddable":true,"href":"https:\/\/hiveartsstudio.com\/fr\/wp-json\/wp\/v2\/product_cat?post=3222"},{"taxonomy":"product_tag","embeddable":true,"href":"https:\/\/hiveartsstudio.com\/fr\/wp-json\/wp\/v2\/product_tag?post=3222"}],"curies":[{"name":"wp","href":"https:\/\/api.w.org\/{rel}","templated":true}]}}