{"id":5124,"date":"2024-10-22T12:26:06","date_gmt":"2024-10-22T10:26:06","guid":{"rendered":"https:\/\/hiveartsstudio.com\/product\/la-course-est-terminee\/"},"modified":"2025-07-02T10:06:54","modified_gmt":"2025-07-02T08:06:54","slug":"la-course-est-terminee","status":"publish","type":"product","link":"https:\/\/hiveartsstudio.com\/fr\/produit\/la-course-est-terminee\/","title":{"rendered":"La course est termin\u00e9e"},"content":{"rendered":"<p>En contemplant \u00ab\u00a0La course est termin\u00e9e\u00a0\u00bb, je suis confront\u00e9 \u00e0 une sc\u00e8ne poignante qui murmure des r\u00e9cits de triomphe et d&rsquo;\u00e9puisement. Au centre, un astronaute, v\u00eatu d&rsquo;une combinaison spatiale noire \u00e9l\u00e9gante, est fig\u00e9 dans le temps, sur le point de se d\u00e9barrasser du poids de son casque blanc. Le visage du pilote, cach\u00e9 jusqu&rsquo;\u00e0 pr\u00e9sent, promet une histoire qui attend d&rsquo;\u00eatre d\u00e9voil\u00e9e. Un embl\u00e8me frappant \u00e0 double cercle sur l&rsquo;\u00e9paule \u2013 rappelant des possibilit\u00e9s infinies \u2013 ajoute une allure audacieuse \u00e0 cette figure contemplative.<\/p>\n<p>Sur un fond rouge profond, \u00e9vocateur \u00e0 la fois de passion et de fatigue, un soleil blanc d\u00e9clinant projette une lueur \u00e9th\u00e9r\u00e9e, illuminant doucement la silhouette sombre de l&rsquo;astronaute. Cette juxtaposition cr\u00e9e un effet visuel saisissant qui attire le spectateur, l&rsquo;invitant \u00e0 r\u00e9fl\u00e9chir sur les voyages termin\u00e9s et les nouveaux commencements \u00e0 l&rsquo;horizon.<\/p>\n<p>Cette \u0153uvre incarne une atmosph\u00e8re contemplative, presque m\u00e9lancolique \u2013 une sensation chaleureuse et att\u00e9nu\u00e9e qui invite \u00e0 l&rsquo;introspection. \u00ab\u00a0La course est termin\u00e9e\u00a0\u00bb transmet l&rsquo;\u00e9motion d&rsquo;atteindre la fin d&rsquo;un long et ardu voyage, avec tout le soulagement et les questionnements introspectifs qui l&rsquo;accompagnent. C&rsquo;est une \u0153uvre n\u00e9e d&rsquo;un moment de pause, r\u00e9fl\u00e9chissant \u00e0 la fois sur les accomplissements et les co\u00fbts personnels de l&rsquo;effort.<\/p>\n<p>Cette \u0153uvre trouve naturellement sa place dans des espaces o\u00f9 la contemplation rencontre l&rsquo;innovation \u2013 id\u00e9ale pour les salons modernes cherchant une pi\u00e8ce ma\u00eetresse de conversation, ou dans les bureaux\/espaces d&rsquo;\u00e9tude \u00e0 domicile o\u00f9 l&rsquo;on cherche l&rsquo;inspiration au milieu de la r\u00e9flexion. Ses th\u00e8mes r\u00e9sonnent \u00e9galement bien avec ceux qui appr\u00e9cient la science-fiction ou sont attir\u00e9s par les myst\u00e8res de l&rsquo;exploration spatiale.<\/p>\n","protected":false},"excerpt":{"rendered":"<p>La course est termin\u00e9e<\/p>\n","protected":false},"featured_media":7232,"template":"","meta":{"om_disable_all_campaigns":false,"_uag_custom_page_level_css":"","site-sidebar-layout":"default","site-content-layout":"","ast-site-content-layout":"default","site-content-style":"default","site-sidebar-style":"default","ast-global-header-display":"","ast-banner-title-visibility":"","ast-main-header-display":"","ast-hfb-above-header-display":"","ast-hfb-below-header-display":"","ast-hfb-mobile-header-display":"","site-post-title":"","ast-breadcrumbs-content":"","ast-featured-img":"","footer-sml-layout":"","ast-disable-related-posts":"","theme-transparent-header-meta":"default","adv-header-id-meta":"","stick-header-meta":"","header-above-stick-meta":"","header-main-stick-meta":"","header-below-stick-meta":"","astra-migrate-meta-layouts":"default","ast-page-background-enabled":"default","ast-page-background-meta":{"desktop":{"background-color":"var(--ast-global-color-4)","background-image":"","background-repeat":"repeat","background-position":"center center","background-size":"auto","background-attachment":"scroll","background-type":"","background-media":"","overlay-type":"","overlay-color":"","overlay-opacity":"","overlay-gradient":""},"tablet":{"background-color":"","background-image":"","background-repeat":"repeat","background-position":"center center","background-size":"auto","background-attachment":"scroll","background-type":"","background-media":"","overlay-type":"","overlay-color":"","overlay-opacity":"","overlay-gradient":""},"mobile":{"background-color":"","background-image":"","background-repeat":"repeat","background-position":"center center","background-size":"auto","background-attachment":"scroll","background-type":"","background-media":"","overlay-type":"","overlay-color":"","overlay-opacity":"","overlay-gradient":""}},"ast-content-background-meta":{"desktop":{"background-color":"var(--ast-global-color-5)","background-image":"","background-repeat":"repeat","background-position":"center center","background-size":"auto","background-attachment":"scroll","background-type":"","background-media":"","overlay-type":"","overlay-color":"","overlay-opacity":"","overlay-gradient":""},"tablet":{"background-color":"var(--ast-global-color-5)","background-image":"","background-repeat":"repeat","background-position":"center center","background-size":"auto","background-attachment":"scroll","background-type":"","background-media":"","overlay-type":"","overlay-color":"","overlay-opacity":"","overlay-gradient":""},"mobile":{"background-color":"var(--ast-global-color-5)","background-image":"","background-repeat":"repeat","background-position":"center center","background-size":"auto","background-attachment":"scroll","background-type":"","background-media":"","overlay-type":"","overlay-color":"","overlay-opacity":"","overlay-gradient":""}},"iawp_total_views":2},"product_brand":[],"product_cat":[75,67,86],"product_tag":[],"class_list":{"0":"post-5124","1":"product","2":"type-product","3":"status-publish","4":"has-post-thumbnail","6":"product_cat-abstrait","7":"product_cat-lespace","8":"product_cat-sci-fi-fr","9":"desktop-align-left","10":"tablet-align-left","11":"mobile-align-left","13":"first","14":"instock","15":"featured","16":"shipping-taxable","17":"product-type-external"},"aioseo_notices":[],"uagb_featured_image_src":{"full":["https:\/\/hiveartsstudio.com\/wp-content\/uploads\/2025\/11\/1574596_40aa927b3588.jpg",600,600,false],"thumbnail":["https:\/\/hiveartsstudio.com\/wp-content\/uploads\/2025\/11\/1574596_40aa927b3588-150x150.jpg",150,150,true],"medium":["https:\/\/hiveartsstudio.com\/wp-content\/uploads\/2025\/11\/1574596_40aa927b3588-300x300.jpg",300,300,true],"medium_large":["https:\/\/hiveartsstudio.com\/wp-content\/uploads\/2025\/11\/1574596_40aa927b3588.jpg",600,600,false],"large":["https:\/\/hiveartsstudio.com\/wp-content\/uploads\/2025\/11\/1574596_40aa927b3588.jpg",600,600,false],"1536x1536":["https:\/\/hiveartsstudio.com\/wp-content\/uploads\/2025\/11\/1574596_40aa927b3588.jpg",600,600,false],"2048x2048":["https:\/\/hiveartsstudio.com\/wp-content\/uploads\/2025\/11\/1574596_40aa927b3588.jpg",600,600,false],"woocommerce_thumbnail":["https:\/\/hiveartsstudio.com\/wp-content\/uploads\/2025\/11\/1574596_40aa927b3588-300x300.jpg",300,300,true],"woocommerce_single":["https:\/\/hiveartsstudio.com\/wp-content\/uploads\/2025\/11\/1574596_40aa927b3588.jpg",600,600,false],"woocommerce_gallery_thumbnail":["https:\/\/hiveartsstudio.com\/wp-content\/uploads\/2025\/11\/1574596_40aa927b3588-100x100.jpg",100,100,true]},"uagb_author_info":{"display_name":"admin","author_link":"https:\/\/hiveartsstudio.com\/fr\/author\/"},"uagb_comment_info":0,"uagb_excerpt":"La course est termin\u00e9e","_links":{"self":[{"href":"https:\/\/hiveartsstudio.com\/fr\/wp-json\/wp\/v2\/product\/5124","targetHints":{"allow":["GET"]}}],"collection":[{"href":"https:\/\/hiveartsstudio.com\/fr\/wp-json\/wp\/v2\/product"}],"about":[{"href":"https:\/\/hiveartsstudio.com\/fr\/wp-json\/wp\/v2\/types\/product"}],"version-history":[{"count":4,"href":"https:\/\/hiveartsstudio.com\/fr\/wp-json\/wp\/v2\/product\/5124\/revisions"}],"predecessor-version":[{"id":6725,"href":"https:\/\/hiveartsstudio.com\/fr\/wp-json\/wp\/v2\/product\/5124\/revisions\/6725"}],"wp:featuredmedia":[{"embeddable":true,"href":"https:\/\/hiveartsstudio.com\/fr\/wp-json\/wp\/v2\/media\/7232"}],"wp:attachment":[{"href":"https:\/\/hiveartsstudio.com\/fr\/wp-json\/wp\/v2\/media?parent=5124"}],"wp:term":[{"taxonomy":"product_brand","embeddable":true,"href":"https:\/\/hiveartsstudio.com\/fr\/wp-json\/wp\/v2\/product_brand?post=5124"},{"taxonomy":"product_cat","embeddable":true,"href":"https:\/\/hiveartsstudio.com\/fr\/wp-json\/wp\/v2\/product_cat?post=5124"},{"taxonomy":"product_tag","embeddable":true,"href":"https:\/\/hiveartsstudio.com\/fr\/wp-json\/wp\/v2\/product_tag?post=5124"}],"curies":[{"name":"wp","href":"https:\/\/api.w.org\/{rel}","templated":true}]}}