{"id":5712,"date":"2025-02-15T15:47:24","date_gmt":"2025-02-15T13:47:24","guid":{"rendered":"https:\/\/hiveartsstudio.com\/product\/la-course-est-terminee-%e2%84%962\/"},"modified":"2025-06-02T16:35:47","modified_gmt":"2025-06-02T14:35:47","slug":"la-course-est-terminee-%e2%84%962","status":"publish","type":"product","link":"https:\/\/hiveartsstudio.com\/fr\/produit\/la-course-est-terminee-%e2%84%962\/","title":{"rendered":"La course est termin\u00e9e \u21162"},"content":{"rendered":"<p>Dans \u00ab La Course est Termin\u00e9e \u21162, \u00bb nous nous trouvons \u00e0 la conclusion d&rsquo;un voyage \u00e9pique, face \u00e0 face avec une figure qui se tient dans le calme cons\u00e9cutif \u00e0 une course spatiale. Cette sc\u00e8ne pr\u00e9sente une coureuse spatiale solitaire, le rouge audacieux de sa visi\u00e8re refl\u00e9tant l&rsquo;intensit\u00e9 de l&rsquo;arri\u00e8re-plan, alors qu&rsquo;elle est captur\u00e9e dans un moment de solitude et de r\u00e9flexion. L&rsquo;imposant arri\u00e8re-plan rouge est interrompu par un l\u00e9ger cercle blanc, rappelant un soleil couchant\u2014un subtil clin d&rsquo;\u0153il au cycle des fins et des nouveaux commencements. Cette \u0153uvre parle des cons\u00e9quences de l&rsquo;action, o\u00f9 l&rsquo;adr\u00e9naline se dissipe, et tout ce qui reste est un profond sentiment d&rsquo;introspection.<\/p>\n<p>Une inspection plus minutieuse r\u00e9v\u00e8le des d\u00e9tails complexes qui racontent l&rsquo;histoire du voyage de la coureuse : un casque complexe, \u00e9l\u00e9gamment int\u00e9gr\u00e9 \u00e0 sa visi\u00e8re, sugg\u00e8re sa connexion \u00e0 un monde au-del\u00e0. Les c\u00e2bles et les textures m\u00e9talliques de sa combinaison sugg\u00e8rent la r\u00e9silience, la fonctionnalit\u00e9 et le co\u00fbt des poursuites \u00e0 grande vitesse dans des royaumes inconnus. Un petit \u00e9cusson \u00e0 peine visible sur son bras\u2014un symbole de possibilit\u00e9s infinies et un rappel de l&rsquo;\u00e9quipe qui la soutenait\u2014ajoute une touche de r\u00e9alisme \u00e0 cette sc\u00e8ne futuriste.<\/p>\n<p>L&rsquo;atmosph\u00e8re de cette \u0153uvre est celle d&rsquo;une force tranquille. Les rouges chauds et intenses \u00e9voquent la chaleur de la comp\u00e9tition, mais les tons m\u00e9talliques froids et l&rsquo;expression sereine offrent un \u00e9quilibre apaisant, cr\u00e9ant un espace pour la r\u00e9flexion. Cette \u0153uvre incarne \u00e0 la fois l&rsquo;\u00e9puisement d&rsquo;un voyage intense et la satisfaction d&rsquo;en avoir atteint la fin. Elle invite les spectateurs \u00e0 faire une pause et \u00e0 r\u00e9fl\u00e9chir \u00e0 leurs propres chemins et aux moments o\u00f9 ils ont eu besoin de s&rsquo;arr\u00eater et de simplement respirer.<\/p>\n<p>Cette \u0153uvre se pr\u00eate bien \u00e0 des espaces qui encouragent la r\u00e9flexion et l&rsquo;introspection, tels qu&rsquo;un coin lecture, un bureau \u00e0 domicile ou une zone de m\u00e9ditation. Elle est tout aussi puissante dans des salons contemporains o\u00f9 une pi\u00e8ce audacieuse et narrative peut susciter des conversations. Pour ceux qui sont passionn\u00e9s par les th\u00e8mes de science-fiction ou fascin\u00e9s par l&rsquo;intersection de l&rsquo;humanit\u00e9 et de la technologie, cette \u0153uvre sert \u00e0 la fois de r\u00e9flexion sur le pass\u00e9 et de phare vers de futurs voyages.<\/p>\n","protected":false},"excerpt":{"rendered":"<p>La course est termin\u00e9e \u21162<\/p>\n","protected":false},"featured_media":7301,"template":"","meta":{"om_disable_all_campaigns":false,"_uag_custom_page_level_css":"","site-sidebar-layout":"default","site-content-layout":"","ast-site-content-layout":"default","site-content-style":"default","site-sidebar-style":"default","ast-global-header-display":"","ast-banner-title-visibility":"","ast-main-header-display":"","ast-hfb-above-header-display":"","ast-hfb-below-header-display":"","ast-hfb-mobile-header-display":"","site-post-title":"","ast-breadcrumbs-content":"","ast-featured-img":"","footer-sml-layout":"","ast-disable-related-posts":"","theme-transparent-header-meta":"","adv-header-id-meta":"","stick-header-meta":"","header-above-stick-meta":"","header-main-stick-meta":"","header-below-stick-meta":"","astra-migrate-meta-layouts":"default","ast-page-background-enabled":"default","ast-page-background-meta":{"desktop":{"background-color":"var(--ast-global-color-4)","background-image":"","background-repeat":"repeat","background-position":"center center","background-size":"auto","background-attachment":"scroll","background-type":"","background-media":"","overlay-type":"","overlay-color":"","overlay-opacity":"","overlay-gradient":""},"tablet":{"background-color":"","background-image":"","background-repeat":"repeat","background-position":"center center","background-size":"auto","background-attachment":"scroll","background-type":"","background-media":"","overlay-type":"","overlay-color":"","overlay-opacity":"","overlay-gradient":""},"mobile":{"background-color":"","background-image":"","background-repeat":"repeat","background-position":"center center","background-size":"auto","background-attachment":"scroll","background-type":"","background-media":"","overlay-type":"","overlay-color":"","overlay-opacity":"","overlay-gradient":""}},"ast-content-background-meta":{"desktop":{"background-color":"var(--ast-global-color-5)","background-image":"","background-repeat":"repeat","background-position":"center center","background-size":"auto","background-attachment":"scroll","background-type":"","background-media":"","overlay-type":"","overlay-color":"","overlay-opacity":"","overlay-gradient":""},"tablet":{"background-color":"var(--ast-global-color-5)","background-image":"","background-repeat":"repeat","background-position":"center center","background-size":"auto","background-attachment":"scroll","background-type":"","background-media":"","overlay-type":"","overlay-color":"","overlay-opacity":"","overlay-gradient":""},"mobile":{"background-color":"var(--ast-global-color-5)","background-image":"","background-repeat":"repeat","background-position":"center center","background-size":"auto","background-attachment":"scroll","background-type":"","background-media":"","overlay-type":"","overlay-color":"","overlay-opacity":"","overlay-gradient":""}},"iawp_total_views":1},"product_brand":[],"product_cat":[75,67,86],"product_tag":[],"class_list":{"0":"post-5712","1":"product","2":"type-product","3":"status-publish","4":"has-post-thumbnail","6":"product_cat-abstrait","7":"product_cat-lespace","8":"product_cat-sci-fi-fr","9":"desktop-align-left","10":"tablet-align-left","11":"mobile-align-left","13":"first","14":"instock","15":"shipping-taxable","16":"product-type-external"},"aioseo_notices":[],"uagb_featured_image_src":{"full":["https:\/\/hiveartsstudio.com\/wp-content\/uploads\/2025\/11\/1608799_84ea77cf1393.jpg",600,600,false],"thumbnail":["https:\/\/hiveartsstudio.com\/wp-content\/uploads\/2025\/11\/1608799_84ea77cf1393-150x150.jpg",150,150,true],"medium":["https:\/\/hiveartsstudio.com\/wp-content\/uploads\/2025\/11\/1608799_84ea77cf1393-300x300.jpg",300,300,true],"medium_large":["https:\/\/hiveartsstudio.com\/wp-content\/uploads\/2025\/11\/1608799_84ea77cf1393.jpg",600,600,false],"large":["https:\/\/hiveartsstudio.com\/wp-content\/uploads\/2025\/11\/1608799_84ea77cf1393.jpg",600,600,false],"1536x1536":["https:\/\/hiveartsstudio.com\/wp-content\/uploads\/2025\/11\/1608799_84ea77cf1393.jpg",600,600,false],"2048x2048":["https:\/\/hiveartsstudio.com\/wp-content\/uploads\/2025\/11\/1608799_84ea77cf1393.jpg",600,600,false],"woocommerce_thumbnail":["https:\/\/hiveartsstudio.com\/wp-content\/uploads\/2025\/11\/1608799_84ea77cf1393-300x300.jpg",300,300,true],"woocommerce_single":["https:\/\/hiveartsstudio.com\/wp-content\/uploads\/2025\/11\/1608799_84ea77cf1393.jpg",600,600,false],"woocommerce_gallery_thumbnail":["https:\/\/hiveartsstudio.com\/wp-content\/uploads\/2025\/11\/1608799_84ea77cf1393-100x100.jpg",100,100,true]},"uagb_author_info":{"display_name":"admin","author_link":"https:\/\/hiveartsstudio.com\/fr\/author\/"},"uagb_comment_info":0,"uagb_excerpt":"La course est termin\u00e9e \u21162","_links":{"self":[{"href":"https:\/\/hiveartsstudio.com\/fr\/wp-json\/wp\/v2\/product\/5712","targetHints":{"allow":["GET"]}}],"collection":[{"href":"https:\/\/hiveartsstudio.com\/fr\/wp-json\/wp\/v2\/product"}],"about":[{"href":"https:\/\/hiveartsstudio.com\/fr\/wp-json\/wp\/v2\/types\/product"}],"version-history":[{"count":1,"href":"https:\/\/hiveartsstudio.com\/fr\/wp-json\/wp\/v2\/product\/5712\/revisions"}],"predecessor-version":[{"id":6371,"href":"https:\/\/hiveartsstudio.com\/fr\/wp-json\/wp\/v2\/product\/5712\/revisions\/6371"}],"wp:featuredmedia":[{"embeddable":true,"href":"https:\/\/hiveartsstudio.com\/fr\/wp-json\/wp\/v2\/media\/7301"}],"wp:attachment":[{"href":"https:\/\/hiveartsstudio.com\/fr\/wp-json\/wp\/v2\/media?parent=5712"}],"wp:term":[{"taxonomy":"product_brand","embeddable":true,"href":"https:\/\/hiveartsstudio.com\/fr\/wp-json\/wp\/v2\/product_brand?post=5712"},{"taxonomy":"product_cat","embeddable":true,"href":"https:\/\/hiveartsstudio.com\/fr\/wp-json\/wp\/v2\/product_cat?post=5712"},{"taxonomy":"product_tag","embeddable":true,"href":"https:\/\/hiveartsstudio.com\/fr\/wp-json\/wp\/v2\/product_tag?post=5712"}],"curies":[{"name":"wp","href":"https:\/\/api.w.org\/{rel}","templated":true}]}}